{"id":35070,"date":"2020-07-07T10:08:31","date_gmt":"2020-07-07T08:08:31","guid":{"rendered":"https:\/\/www.assmont.com\/impresszum\/"},"modified":"2024-07-22T10:17:58","modified_gmt":"2024-07-22T08:17:58","slug":"impresszum","status":"publish","type":"page","link":"https:\/\/www.assmont.com\/hu\/impresszum\/","title":{"rendered":"Impresszum"},"content":{"rendered":"<div class=\"wpb-content-wrapper\"><p>[vc_row][vc_column][vc_column_text css=&#8221;&#8221;]<!-- wpml:html_fragment --><\/p>\n<h2>Ezen weboldal tartalm\u00e1\u00e9rt felel\u0151s:<\/h2>\n<p><strong>ASSMONT GmbH<br \/>\n<\/strong>\u00dcgyvezet\u0151k: Hubert Greiner<\/p>\n<p>Ossiacher Bundesstra\u00dfe 3<br \/>\nA 9556 Liebenfels<\/p>\n<p>T: +43 (0) 4215 \/ 26 100 \u2013 0<br \/>\nF: +43 (0) 4215 \/ 26 100 \u2013 299<br \/>\nE-mail: <a href=\"mailto:sales@assmont.com\">sales@assmont.com<br \/>\n<\/a>E-mail: <a href=\"mailto:office@assmont.com\">office@assmont.com<\/a><\/p>\n<p>C\u00e9gjegyz\u00e9ksz\u00e1m: FN211003z<br \/>\nC\u00e9gb\u00edr\u00f3s\u00e1g: Klagenfurti Tartom\u00e1nyi B\u00edr\u00f3s\u00e1g<br \/>\nK\u00f6z\u00f6ss\u00e9gi ad\u00f3sz\u00e1m: ATU52041909<\/p>\n<p>Sajt\u00f3k\u00e9rd\u00e9sek: <a href=\"mailto:christina.pulm@assmont.com\">christina.pulm@assmont.com<\/a><\/p>\n<p>F\u00e9nyk\u00e9pek: forr\u00e1smegjel\u00f6l\u00e9s: ASSMONTGmbH vagy assmont.steel. ASSMONT arch\u00edvuma; portr\u00e9k \u00e9s c\u00e9g\u00e9p\u00fclet: Foto Horst; EB-stadion: Gert Steinthaler<\/p>\n<p><u>Szerz\u0151i \u00e9s jel\u00f6l\u00e9si jog<\/u><\/p>\n<p>A szerz\u0151 arra t\u00f6rekszik, hogy minden publik\u00e1ci\u00f3ban figyelembe vegye a felhaszn\u00e1lt k\u00e9pekhez, grafik\u00e1khoz, hangdokumentumokhoz, vide\u00f3szekvenci\u00e1khoz \u00e9s sz\u00f6vegekhez f\u0171z\u0151d\u0151 szerz\u0151i jogokat, maga \u00e1ltala k\u00e9sz\u00edtett k\u00e9peket, grafik\u00e1kat, hangdokumentumokat, vide\u00f3szekvenci\u00e1kat \u00e9s sz\u00f6vegeket haszn\u00e1ljon, vagy nem enged\u00e9lyk\u00f6teles grafik\u00e1khoz, hangdokumentumokhoz, vide\u00f3kszekvenci\u00e1khoz \u00e9s sz\u00f6vegekhez folyamodjon. Valamennyi, az internetes aj\u00e1nlatban megnevezett \u00e9s adott esetben harmadik szem\u00e9lyhez f\u0171z\u0151d\u0151 m\u00e1rka- \u00e9s v\u00e9djegyre korl\u00e1tlanul vonatkoznak a mindenkor \u00e9rv\u00e9nyes jel\u00f6l\u00e9si jog \u00e9s a mindenkori bejegyzett tulajdonos rendelkez\u00e9sei. Mag\u00e1b\u00f3l a puszta eml\u00edt\u00e9sb\u0151l nem vonhat\u00f3 le az a k\u00f6vetkeztet\u00e9s, hogy a m\u00e1rkajegyet nem v\u00e9di harmadik szem\u00e9ly joga.<\/p>\n<p>A szerz\u0151 \u00e1ltal k\u00e9sz\u00edtett \u00e9s k\u00f6zz\u00e9tett objektumok minden joga egyed\u00fcl az oldal szerz\u0151j\u00e9t illeti meg. Az ilyen grafik\u00e1k, hangdokumentumok, vide\u00f3szekvenci\u00e1k \u00e9s sz\u00f6vegek sokszoros\u00edt\u00e1sa, vagy m\u00e1s elektronikus vagy nyomtatott publik\u00e1ci\u00f3ban t\u00f6rt\u00e9n\u0151 felhaszn\u00e1l\u00e1sa a szerz\u0151 kifejezett beleegyez\u00e9se n\u00e9lk\u00fcl nem megengedett.<\/p>\n<p><u>A felel\u0151ss\u00e9g kiz\u00e1r\u00e1s\u00e1nak joghat\u00e1lya<\/u><\/p>\n<p>Ezt a felel\u0151ss\u00e9gkiz\u00e1r\u00e1st azon internetes k\u00edn\u00e1lat r\u00e9sz\u00e9nek kell tekinteni, ahonnan utal\u00e1s t\u00f6rt\u00e9nt erre az oldalra. Amennyiben ennek a sz\u00f6vegnek r\u00e9szei vagy egyes megfogalmaz\u00e1sai az \u00e9rv\u00e9nyes jognak nem, m\u00e1r nem vagy nem teljes m\u00e9rt\u00e9kben feleln\u00e9nek meg, az a dokumentum t\u00f6bbi r\u00e9sz\u00e9t tartalm\u00e1ban \u00e9s \u00e9rv\u00e9nyess\u00e9g\u00e9ben nem \u00e9rinti.<\/p>\n<p>Stil\u00e1ris okokb\u00f3l \u00e9s a k\u00f6nnyebb olvashat\u00f3s\u00e1g kedv\u00e9\u00e9rt szem\u00e9lyek le\u00edr\u00e1sakor a f\u00e9rfira vonatkoz\u00f3 alakot haszn\u00e1ltuk &#8211; de mindig n\u0151t \u00e9s f\u00e9rfit \u00e9rt\u00fcnk alatta.<\/p>\n<p><strong>El\u00e1ll\u00e1s<\/strong><br \/>\n<strong>Felel\u0151ss\u00e9g a linkek\u00e9rt<\/strong><\/p>\n<p>Weboldalunk linkeket tartalmaz m\u00e1s weboldalakra. A hivatkozott oldalak tartalm\u00e1\u00e9rt nem v\u00e1llalunk felel\u0151ss\u00e9get.[\/vc_column_text][\/vc_column][\/vc_row]<\/p>\n<\/div>","protected":false},"excerpt":{"rendered":"<p>[vc_row][vc_column][vc_column_text css=&#8221;&#8221;] Ezen weboldal tartalm\u00e1\u00e9rt felel\u0151s: ASSMONT GmbH \u00dcgyvezet\u0151k: Hubert Greiner Ossiacher Bundesstra\u00dfe 3 A 9556 Liebenfels T: +43 (0) 4215 \/ 26 100 \u2013 0 F: +43 (0) 4215 \/ 26 100 \u2013 299 E-mail: sales@assmont.com E-mail: office@assmont.com C\u00e9gjegyz\u00e9ksz\u00e1m: FN211003z C\u00e9gb\u00edr\u00f3s\u00e1g: Klagenfurti Tartom\u00e1nyi B\u00edr\u00f3s\u00e1g K\u00f6z\u00f6ss\u00e9gi ad\u00f3sz\u00e1m: ATU52041909 Sajt\u00f3k\u00e9rd\u00e9sek: christina.pulm@assmont.com F\u00e9nyk\u00e9pek: forr\u00e1smegjel\u00f6l\u00e9s: ASSMONTGmbH vagy assmont.steel.&hellip;<\/p>\n","protected":false},"author":1,"featured_media":0,"parent":0,"menu_order":0,"comment_status":"closed","ping_status":"closed","template":"","meta":{"footnotes":""},"class_list":["post-35070","page","type-page","status-publish","hentry","description-off"],"yoast_head":"<!-- This site is optimized with the Yoast SEO plugin v26.0 - https:\/\/yoast.com\/wordpress\/plugins\/seo\/ -->\n<title>Impresszum - assmont | steel experience worldwide<\/title>\n<meta name=\"description\" content=\"Ezen weboldal tartalm\u00e1\u00e9rt felel\u0151s: ASSMONT GmbH\" \/>\n<meta name=\"robots\" content=\"index, follow, max-snippet:-1, max-image-preview:large, max-video-preview:-1\" \/>\n<link rel=\"canonical\" href=\"https:\/\/www.assmont.com\/hu\/impresszum\/\" \/>\n<meta property=\"og:locale\" content=\"hu_HU\" \/>\n<meta property=\"og:type\" content=\"article\" \/>\n<meta property=\"og:title\" content=\"Impresszum - assmont | steel experience worldwide\" \/>\n<meta property=\"og:description\" content=\"Ezen weboldal tartalm\u00e1\u00e9rt felel\u0151s: ASSMONT GmbH\" \/>\n<meta property=\"og:url\" content=\"https:\/\/www.assmont.com\/hu\/impresszum\/\" \/>\n<meta property=\"og:site_name\" content=\"assmont | steel experience worldwide\" \/>\n<meta property=\"article:publisher\" content=\"https:\/\/www.facebook.com\/assmont\/\" \/>\n<meta property=\"article:modified_time\" content=\"2024-07-22T08:17:58+00:00\" \/>\n<meta property=\"og:image\" content=\"https:\/\/www.assmont.com\/wp-content\/uploads\/2020\/04\/poster-image-video.jpg\" \/>\n\t<meta property=\"og:image:width\" content=\"1920\" \/>\n\t<meta property=\"og:image:height\" content=\"1080\" \/>\n\t<meta property=\"og:image:type\" content=\"image\/jpeg\" \/>\n<meta name=\"twitter:card\" content=\"summary_large_image\" \/>\n<meta name=\"twitter:label1\" content=\"Becs\u00fclt olvas\u00e1si id\u0151\" \/>\n\t<meta name=\"twitter:data1\" content=\"2 perc\" \/>\n<script type=\"application\/ld+json\" class=\"yoast-schema-graph\">{\"@context\":\"https:\/\/schema.org\",\"@graph\":[{\"@type\":\"WebPage\",\"@id\":\"https:\/\/www.assmont.com\/hu\/impresszum\/\",\"url\":\"https:\/\/www.assmont.com\/hu\/impresszum\/\",\"name\":\"Impresszum - assmont | steel experience worldwide\",\"isPartOf\":{\"@id\":\"https:\/\/www.assmont.com\/hu\/#website\"},\"datePublished\":\"2020-07-07T08:08:31+00:00\",\"dateModified\":\"2024-07-22T08:17:58+00:00\",\"description\":\"Ezen weboldal tartalm\u00e1\u00e9rt felel\u0151s: ASSMONT GmbH\",\"breadcrumb\":{\"@id\":\"https:\/\/www.assmont.com\/hu\/impresszum\/#breadcrumb\"},\"inLanguage\":\"hu\",\"potentialAction\":[{\"@type\":\"ReadAction\",\"target\":[\"https:\/\/www.assmont.com\/hu\/impresszum\/\"]}]},{\"@type\":\"BreadcrumbList\",\"@id\":\"https:\/\/www.assmont.com\/hu\/impresszum\/#breadcrumb\",\"itemListElement\":[{\"@type\":\"ListItem\",\"position\":1,\"name\":\"Startseite\",\"item\":\"https:\/\/www.assmont.com\/hu\/\"},{\"@type\":\"ListItem\",\"position\":2,\"name\":\"Impresszum\"}]},{\"@type\":\"WebSite\",\"@id\":\"https:\/\/www.assmont.com\/hu\/#website\",\"url\":\"https:\/\/www.assmont.com\/hu\/\",\"name\":\"assmont | steel experience worldwide\",\"description\":\"ASSMONT \u2013 MIT SICHERHEIT EINZIGARTIG. WELTWEIT\",\"potentialAction\":[{\"@type\":\"SearchAction\",\"target\":{\"@type\":\"EntryPoint\",\"urlTemplate\":\"https:\/\/www.assmont.com\/hu\/?s={search_term_string}\"},\"query-input\":{\"@type\":\"PropertyValueSpecification\",\"valueRequired\":true,\"valueName\":\"search_term_string\"}}],\"inLanguage\":\"hu\"}]}<\/script>\n<!-- \/ Yoast SEO plugin. -->","yoast_head_json":{"title":"Impresszum - assmont | steel experience worldwide","description":"Ezen weboldal tartalm\u00e1\u00e9rt felel\u0151s: ASSMONT GmbH","robots":{"index":"index","follow":"follow","max-snippet":"max-snippet:-1","max-image-preview":"max-image-preview:large","max-video-preview":"max-video-preview:-1"},"canonical":"https:\/\/www.assmont.com\/hu\/impresszum\/","og_locale":"hu_HU","og_type":"article","og_title":"Impresszum - assmont | steel experience worldwide","og_description":"Ezen weboldal tartalm\u00e1\u00e9rt felel\u0151s: ASSMONT GmbH","og_url":"https:\/\/www.assmont.com\/hu\/impresszum\/","og_site_name":"assmont | steel experience worldwide","article_publisher":"https:\/\/www.facebook.com\/assmont\/","article_modified_time":"2024-07-22T08:17:58+00:00","og_image":[{"width":1920,"height":1080,"url":"https:\/\/www.assmont.com\/wp-content\/uploads\/2020\/04\/poster-image-video.jpg","type":"image\/jpeg"}],"twitter_card":"summary_large_image","twitter_misc":{"Becs\u00fclt olvas\u00e1si id\u0151":"2 perc"},"schema":{"@context":"https:\/\/schema.org","@graph":[{"@type":"WebPage","@id":"https:\/\/www.assmont.com\/hu\/impresszum\/","url":"https:\/\/www.assmont.com\/hu\/impresszum\/","name":"Impresszum - assmont | steel experience worldwide","isPartOf":{"@id":"https:\/\/www.assmont.com\/hu\/#website"},"datePublished":"2020-07-07T08:08:31+00:00","dateModified":"2024-07-22T08:17:58+00:00","description":"Ezen weboldal tartalm\u00e1\u00e9rt felel\u0151s: ASSMONT GmbH","breadcrumb":{"@id":"https:\/\/www.assmont.com\/hu\/impresszum\/#breadcrumb"},"inLanguage":"hu","potentialAction":[{"@type":"ReadAction","target":["https:\/\/www.assmont.com\/hu\/impresszum\/"]}]},{"@type":"BreadcrumbList","@id":"https:\/\/www.assmont.com\/hu\/impresszum\/#breadcrumb","itemListElement":[{"@type":"ListItem","position":1,"name":"Startseite","item":"https:\/\/www.assmont.com\/hu\/"},{"@type":"ListItem","position":2,"name":"Impresszum"}]},{"@type":"WebSite","@id":"https:\/\/www.assmont.com\/hu\/#website","url":"https:\/\/www.assmont.com\/hu\/","name":"assmont | steel experience worldwide","description":"ASSMONT \u2013 MIT SICHERHEIT EINZIGARTIG. WELTWEIT","potentialAction":[{"@type":"SearchAction","target":{"@type":"EntryPoint","urlTemplate":"https:\/\/www.assmont.com\/hu\/?s={search_term_string}"},"query-input":{"@type":"PropertyValueSpecification","valueRequired":true,"valueName":"search_term_string"}}],"inLanguage":"hu"}]}},"_links":{"self":[{"href":"https:\/\/www.assmont.com\/hu\/wp-json\/wp\/v2\/pages\/35070","targetHints":{"allow":["GET"]}}],"collection":[{"href":"https:\/\/www.assmont.com\/hu\/wp-json\/wp\/v2\/pages"}],"about":[{"href":"https:\/\/www.assmont.com\/hu\/wp-json\/wp\/v2\/types\/page"}],"author":[{"embeddable":true,"href":"https:\/\/www.assmont.com\/hu\/wp-json\/wp\/v2\/users\/1"}],"replies":[{"embeddable":true,"href":"https:\/\/www.assmont.com\/hu\/wp-json\/wp\/v2\/comments?post=35070"}],"version-history":[{"count":3,"href":"https:\/\/www.assmont.com\/hu\/wp-json\/wp\/v2\/pages\/35070\/revisions"}],"predecessor-version":[{"id":38068,"href":"https:\/\/www.assmont.com\/hu\/wp-json\/wp\/v2\/pages\/35070\/revisions\/38068"}],"wp:attachment":[{"href":"https:\/\/www.assmont.com\/hu\/wp-json\/wp\/v2\/media?parent=35070"}],"curies":[{"name":"wp","href":"https:\/\/api.w.org\/{rel}","templated":true}]}}