{"id":35055,"date":"2020-07-07T10:08:17","date_gmt":"2020-07-07T08:08:17","guid":{"rendered":"https:\/\/www.assmont.com\/acelszerkezetek\/"},"modified":"2020-07-09T16:15:59","modified_gmt":"2020-07-09T14:15:59","slug":"acelszerkezetek","status":"publish","type":"page","link":"https:\/\/www.assmont.com\/hu\/acelszerkezetek\/","title":{"rendered":"Ac\u00e9lszerkezetek"},"content":{"rendered":"<div class=\"wpb-content-wrapper\"><p>[vc_row gap=&#8221;10&#8243;][vc_column offset=&#8221;vc_col-lg-8&#8243;][vc_column_text]<!-- wpml:html_fragment --><\/p>\n<h2>Nemzetk\u00f6zi ac\u00e9lszerkezet-\u00e9p\u00edt\u00e9s a vil\u00e1gon legmagasabb szinvonalon<\/h2>\n<p>Az ac\u00e9lszerkezet-\u00e9p\u00edt\u00e9s jelent\u0151s\u00e9ge az \u00e9p\u00edt\u0151- \u00e9s az ingatlangazdas\u00e1gban folyamatosan n\u0151. A nagy szil\u00e1rds\u00e1g, a kis szerkezets\u00faly, flexibilis alkalmaz\u00e1si ter\u00fcletek \u00e9s az \u00fajrahasznos\u00edt\u00e1s lehet\u0151s\u00e9ge a viszonylag r\u00f6vid tervez\u00e9si \u00e9s \u00e9p\u00edt\u00e9si id\u0151 mellett az ac\u00e9l attrakt\u00edv tulajdons\u00e1gait szeml\u00e9ltetik.[\/vc_column_text][vc_column_text]<!-- wpml:html_fragment --><\/p>\n<h2>Egyedi projektfejleszt\u00e9s \u00e9s kivitelez\u00e9s minden ac\u00e9lszerkezetes \u00e9p\u00edt\u00e9sn\u00e9l<\/h2>\n<p>Legyen sz\u00f3 csarnokr\u00f3l, szabadid\u0151s l\u00e9tes\u00edtm\u00e9nyr\u0151l vagy h\u00eddr\u00f3l: Tervez\u0151ink, fejleszt\u0151ink \u00e9s projekteseink vil\u00e1gra nyitott \u00f6tleteikkel, \u00e1tgondolt koncepci\u00f3ikkal \u00e9s az ac\u00e9lszerkezet-\u00e9p\u00edt\u00e9si \u00e1gazatban szerzett \u00e9vtizedes tapasztalatukkal meggy\u0151z\u0151ek. A projektek, mint az ipari csarnokok, ipari berendez\u00e9sek, valamint az \u00e9p\u00edt\u00e9szeti ac\u00e9l- \u00e9s ac\u00e9lt tartalmaz\u00f3 \u00f6sszetett szerkezetek ir\u00e1ny\u00edt\u00e1sa emellett id\u0151- \u00e9s forr\u00e1sk\u00edm\u00e9l\u0151en t\u00f6rt\u00e9nik. A m\u00e9rn\u00f6ki munka ter\u00fclet\u00e9n, a gy\u00e1rt\u00e1sban dolgoz\u00f3 specialist\u00e1ink, de profi szerel\u0151ink is garant\u00e1lj\u00e1k \u00e9p\u00edt\u00e9si tev\u00e9nek legjobb min\u0151s\u00e9gben t\u00f6rt\u00e9n\u0151 \u00e9s gazdas\u00e1gos megval\u00f3s\u00edt\u00e1s\u00e1t.[\/vc_column_text][\/vc_column][vc_column css=&#8221;.vc_custom_1587980793976{padding-top: 20px !important;padding-right: 20px !important;padding-bottom: 20px !important;padding-left: 20px !important;background-color: rgba(0,64,112,0.95) !important;*background-color: rgb(0,64,112) !important;}&#8221; el_class=&#8221;invert_text&#8221; offset=&#8221;vc_col-lg-4&#8243;][vc_column_text]<!-- wpml:html_fragment --><\/p>\n<h3>Projektfejleszt\u00e9s \u00e9s kivitelez\u00e9s a legmagasabb sz\u00ednvonalon<\/h3>\n<p>[\/vc_column_text][vc_separator css=&#8221;.vc_custom_1587122269544{padding-top: 0px !important;padding-bottom: 0px !important;}&#8221;][vc_column_text]<!-- wpml:html_fragment --><\/p>\n<h3>Projekt\u00fczleti portf\u00f3li\u00f3:<\/h3>\n<ul>\n<li>csarnok\u00e9p\u00edt\u00e9s kisiparban \u00e9s iparban<\/li>\n<li>szabadid\u0151s l\u00e9tes\u00edtm\u00e9nyek<\/li>\n<li>ac\u00e9l\u00e9p\u00edtm\u00e9nyek<\/li>\n<li>ac\u00e9lemelv\u00e9nyek<\/li>\n<li>\u00e9p\u00edt\u00e9szeti ac\u00e9lszerkezet-\u00e9p\u00edt\u00e9s<\/li>\n<li>hidak<\/li>\n<\/ul>\n<p>[\/vc_column_text][vc_column_text]<!-- wpml:html_fragment --><\/p>\n<div class=\"et_pb_module et_pb_text et_pb_text_975 et_pb_text_align_left et_pb_bg_layout_dark\">\n<div class=\"et_pb_text_inner\">\n<h3>Szolg\u00e1ltat\u00e1saink:<\/h3>\n<\/div>\n<\/div>\n<div class=\"et_pb_module et_pb_text et_pb_text_976 et_pb_text_align_left et_pb_bg_layout_dark\">\n<div class=\"et_pb_text_inner\">\n<ul>\n<li>tan\u00e1csad\u00e1s<\/li>\n<li>aj\u00e1nlatk\u00e9sz\u00edt\u00e9s<\/li>\n<li>tervez\u00e9s<\/li>\n<li>statika<\/li>\n<li>gy\u00e1rt\u00e1s<\/li>\n<li>sz\u00e1ll\u00edt\u00e1s<\/li>\n<li>szerel\u00e9s<\/li>\n<li>min\u0151s\u00e9gmenedzsment<\/li>\n<\/ul>\n<\/div>\n<\/div>\n<p>[\/vc_column_text][\/vc_column][\/vc_row][vc_row][vc_column][vc_empty_space][vc_separator style=&#8221;shadow&#8221;][vc_empty_space][\/vc_column][\/vc_row][vc_row][vc_column]<style type=\"text\/css\" data-type=\"the7_shortcodes-inline-css\">#default-btn-f27b578d0312112c29842b1bdfa48b34.ico-right-side > i {\n  margin-right: 0px;\n  margin-left: 8px;\n}\n#default-btn-f27b578d0312112c29842b1bdfa48b34 > i {\n  margin-right: 8px;\n}\n<\/style><div class=\"btn-align-center\"><a href=\"https:\/\/www.assmont.com\/hu\/konfigurator-2\/\" class=\"default-btn-shortcode dt-btn dt-btn-l fadeIn animate-element animation-builder link-hover-off full-width-btn \" id=\"default-btn-f27b578d0312112c29842b1bdfa48b34\" title=\"Konfigurator\"><span>Referencia-konfigur\u00e1tor<\/span><\/a><\/div>[\/vc_column][\/vc_row][vc_row][vc_column][vc_empty_space][\/vc_column][\/vc_row][vc_row gap=&#8221;10&#8243;][vc_column offset=&#8221;vc_col-lg-8&#8243;]<style type=\"text\/css\" data-type=\"the7_shortcodes-inline-css\">.icon-with-text-shortcode.icon-text-id-ffe7eef5a08d2e30af85d274f0aa7a9a .text-icon {\n  width: 60px;\n  height: 60px;\n  line-height: 60px;\n  font-size: 32px;\n  border-radius: 200px;\n  margin: 0px 0px 0px 0px;\n}\n.icon-with-text-shortcode.icon-text-id-ffe7eef5a08d2e30af85d274f0aa7a9a .text-icon .icon-inner {\n  min-width: 60px;\n  min-height: 60px;\n  border-radius: 200px;\n}\n@media all and (-ms-high-contrast: none) {\n  .icon-with-text-shortcode.icon-text-id-ffe7eef5a08d2e30af85d274f0aa7a9a .text-icon .icon-inner {\n    height: 60px;\n  }\n}\n.icon-with-text-shortcode.icon-text-id-ffe7eef5a08d2e30af85d274f0aa7a9a .text-icon .dt-hover-icon {\n  line-height: 60px;\n}\n.icon-with-text-shortcode.icon-text-id-ffe7eef5a08d2e30af85d274f0aa7a9a .text-icon:before,\n.icon-with-text-shortcode.icon-text-id-ffe7eef5a08d2e30af85d274f0aa7a9a .text-icon:after,\n.icon-with-text-shortcode.icon-text-id-ffe7eef5a08d2e30af85d274f0aa7a9a .text-icon .icon-inner:before,\n.icon-with-text-shortcode.icon-text-id-ffe7eef5a08d2e30af85d274f0aa7a9a .text-icon .icon-inner:after {\n  min-width: 100%;\n  min-height: 100%;\n  padding: inherit;\n  border-radius: inherit;\n}\n.icon-with-text-shortcode.icon-text-id-ffe7eef5a08d2e30af85d274f0aa7a9a .text-icon.dt-icon-border-on:before {\n  border-width: 2px;\n  border-style: solid;\n}\n.dt-icon-border-dashed.icon-with-text-shortcode.icon-text-id-ffe7eef5a08d2e30af85d274f0aa7a9a .text-icon.dt-icon-border-on:before {\n  border-style: dashed;\n}\n.dt-icon-border-dotted.icon-with-text-shortcode.icon-text-id-ffe7eef5a08d2e30af85d274f0aa7a9a .text-icon.dt-icon-border-on:before {\n  border-style: dotted;\n}\n.dt-icon-border-double.icon-with-text-shortcode.icon-text-id-ffe7eef5a08d2e30af85d274f0aa7a9a .text-icon.dt-icon-border-on:before {\n  border-style: double;\n}\n.icon-with-text-shortcode.icon-text-id-ffe7eef5a08d2e30af85d274f0aa7a9a .text-icon.dt-icon-border-dashed.dt-icon-border-on:before {\n  border-style: dashed;\n}\n.icon-with-text-shortcode.icon-text-id-ffe7eef5a08d2e30af85d274f0aa7a9a .text-icon.dt-icon-border-dotted.dt-icon-border-on:before {\n  border-style: dotted;\n}\n.icon-with-text-shortcode.icon-text-id-ffe7eef5a08d2e30af85d274f0aa7a9a .text-icon.dt-icon-border-double.dt-icon-border-on:before {\n  border-style: double;\n}\n.icon-with-text-shortcode.icon-text-id-ffe7eef5a08d2e30af85d274f0aa7a9a .text-icon.dt-icon-hover-border-on:after {\n  border-width: 2px;\n  border-style: solid;\n}\n.icon-with-text-shortcode.icon-text-id-ffe7eef5a08d2e30af85d274f0aa7a9a .text-icon.dt-icon-border-dashed.dt-icon-hover-border-on:after {\n  border-style: dashed;\n}\n.icon-with-text-shortcode.icon-text-id-ffe7eef5a08d2e30af85d274f0aa7a9a .text-icon.dt-icon-border-dotted.dt-icon-hover-border-on:after {\n  border-style: dotted;\n}\n.icon-with-text-shortcode.icon-text-id-ffe7eef5a08d2e30af85d274f0aa7a9a .text-icon.dt-icon-border-double.dt-icon-hover-border-on:after {\n  border-style: double;\n}\n.icon-with-text-shortcode.icon-text-id-ffe7eef5a08d2e30af85d274f0aa7a9a .text-icon.dt-icon-hover-on:hover {\n  font-size: 32px;\n}\n#page .icon-with-text-shortcode.icon-text-id-ffe7eef5a08d2e30af85d274f0aa7a9a .text-icon.dt-icon-hover-on:hover .soc-font-icon,\n#phantom .icon-with-text-shortcode.icon-text-id-ffe7eef5a08d2e30af85d274f0aa7a9a .text-icon.dt-icon-hover-on:hover .soc-font-icon,\n#page .icon-with-text-shortcode.icon-text-id-ffe7eef5a08d2e30af85d274f0aa7a9a .text-icon.dt-icon-hover-on:hover .soc-icon,\n#phantom .icon-with-text-shortcode.icon-text-id-ffe7eef5a08d2e30af85d274f0aa7a9a .text-icon.dt-icon-hover-on:hover .soc-icon {\n  color: #fff;\n  background: none;\n}\n#page .icon-with-text-shortcode.icon-text-id-ffe7eef5a08d2e30af85d274f0aa7a9a .text-icon.dt-icon-hover-on:not(:hover) .soc-font-icon,\n#phantom .icon-with-text-shortcode.icon-text-id-ffe7eef5a08d2e30af85d274f0aa7a9a .text-icon.dt-icon-hover-on:not(:hover) .soc-font-icon,\n#page .icon-with-text-shortcode.icon-text-id-ffe7eef5a08d2e30af85d274f0aa7a9a .text-icon.dt-icon-hover-on:not(:hover) .soc-icon,\n#phantom .icon-with-text-shortcode.icon-text-id-ffe7eef5a08d2e30af85d274f0aa7a9a .text-icon.dt-icon-hover-on:not(:hover) .soc-icon,\n#page .icon-with-text-shortcode.icon-text-id-ffe7eef5a08d2e30af85d274f0aa7a9a .text-icon.dt-icon-hover-off .soc-font-icon,\n#phantom .icon-with-text-shortcode.icon-text-id-ffe7eef5a08d2e30af85d274f0aa7a9a .text-icon.dt-icon-hover-off .soc-font-icon,\n#page .icon-with-text-shortcode.icon-text-id-ffe7eef5a08d2e30af85d274f0aa7a9a .text-icon.dt-icon-hover-off .soc-icon,\n#phantom .icon-with-text-shortcode.icon-text-id-ffe7eef5a08d2e30af85d274f0aa7a9a .text-icon.dt-icon-hover-off .soc-icon {\n  color: #fff;\n  background: none;\n}\n.icon-with-text-shortcode.icon-text-id-ffe7eef5a08d2e30af85d274f0aa7a9a.layout-1 {\n  grid-template-columns: 60px minmax(0,1fr);\n  grid-column-gap: 0px;\n}\n.icon-with-text-shortcode.icon-text-id-ffe7eef5a08d2e30af85d274f0aa7a9a.layout-2 {\n  grid-template-columns: minmax(0,1fr) 60px;\n  grid-column-gap: 0px;\n}\n.icon-with-text-shortcode.icon-text-id-ffe7eef5a08d2e30af85d274f0aa7a9a.layout-2 .text-icon {\n  margin-left: 0;\n}\n.icon-with-text-shortcode.icon-text-id-ffe7eef5a08d2e30af85d274f0aa7a9a.layout-3 {\n  grid-template-columns: 60px minmax(0,1fr);\n}\n.icon-with-text-shortcode.icon-text-id-ffe7eef5a08d2e30af85d274f0aa7a9a.layout-3 .dt-text-title {\n  margin-left: 0px;\n}\n.icon-with-text-shortcode.icon-text-id-ffe7eef5a08d2e30af85d274f0aa7a9a .dt-text-title {\n  margin-bottom: 10px;\n}\n.icon-with-text-shortcode.icon-text-id-ffe7eef5a08d2e30af85d274f0aa7a9a .dt-text-desc {\n  margin-bottom: 0px;\n}\n<\/style><div class=\"icon-with-text-shortcode  icon-text-id-ffe7eef5a08d2e30af85d274f0aa7a9a layout-2  vc_custom_1594304145615 \" ><h3 class=\"dt-text-title\"  >Projekt k\u00e9r\u00e9s<\/h3><div class=\"dt-text-desc\">Ha felkeltett\u00fck \u00e9rdekl\u0151d\u00e9s\u00e9t az ac\u00e9lgy\u00e1rt\u00e1s ir\u00e1nt, k\u00e9rj\u00fck, vegye fel a kapcsolatot:<\/div><\/div>[\/vc_column][vc_column offset=&#8221;vc_col-lg-4&#8243;]<style type=\"text\/css\" data-type=\"the7_shortcodes-inline-css\">#default-btn-027576ea2ce1d655fb055ef1bb9418ed.ico-right-side > i {\n  margin-right: 0px;\n  margin-left: 8px;\n}\n#default-btn-027576ea2ce1d655fb055ef1bb9418ed > i {\n  margin-right: 8px;\n}\n<\/style><div class=\"btn-align-center\"><a href=\"mailto:sales@assmont.com\" class=\"default-btn-shortcode dt-btn dt-btn-l link-hover-off full-width-btn  vc_custom_1587132202458\" id=\"default-btn-027576ea2ce1d655fb055ef1bb9418ed\"><span>sales@assmont.com<\/span><\/a><\/div><style type=\"text\/css\" data-type=\"the7_shortcodes-inline-css\">#default-btn-47c9dec2fbf8ac867833a5c032d1ebf4.ico-right-side > i {\n  margin-right: 0px;\n  margin-left: 8px;\n}\n#default-btn-47c9dec2fbf8ac867833a5c032d1ebf4 > i {\n  margin-right: 8px;\n}\n<\/style><div class=\"btn-align-center\"><a href=\"tel:00434215261000\" class=\"default-btn-shortcode dt-btn dt-btn-l link-hover-off full-width-btn \" id=\"default-btn-47c9dec2fbf8ac867833a5c032d1ebf4\"><span>+43 (0) 4215 \/ 26 100 0<\/span><\/a><\/div>[\/vc_column][\/vc_row]<\/p>\n<\/div>","protected":false},"excerpt":{"rendered":"<p>[vc_row gap=&#8221;10&#8243;][vc_column offset=&#8221;vc_col-lg-8&#8243;][vc_column_text] Nemzetk\u00f6zi ac\u00e9lszerkezet-\u00e9p\u00edt\u00e9s a vil\u00e1gon legmagasabb szinvonalon Az ac\u00e9lszerkezet-\u00e9p\u00edt\u00e9s jelent\u0151s\u00e9ge az \u00e9p\u00edt\u0151- \u00e9s az ingatlangazdas\u00e1gban folyamatosan n\u0151. A nagy szil\u00e1rds\u00e1g, a kis szerkezets\u00faly, flexibilis alkalmaz\u00e1si ter\u00fcletek \u00e9s az \u00fajrahasznos\u00edt\u00e1s lehet\u0151s\u00e9ge a viszonylag r\u00f6vid tervez\u00e9si \u00e9s \u00e9p\u00edt\u00e9si id\u0151 mellett az ac\u00e9l attrakt\u00edv tulajdons\u00e1gait szeml\u00e9ltetik.[\/vc_column_text][vc_column_text] Egyedi projektfejleszt\u00e9s \u00e9s kivitelez\u00e9s minden ac\u00e9lszerkezetes \u00e9p\u00edt\u00e9sn\u00e9l Legyen sz\u00f3 csarnokr\u00f3l,&hellip;<\/p>\n","protected":false},"author":1,"featured_media":0,"parent":0,"menu_order":0,"comment_status":"closed","ping_status":"closed","template":"","meta":{"footnotes":""},"class_list":["post-35055","page","type-page","status-publish","hentry","description-off"],"yoast_head":"<!-- This site is optimized with the Yoast SEO plugin v26.0 - https:\/\/yoast.com\/wordpress\/plugins\/seo\/ -->\n<title>Nemzetk\u00f6zi ac\u00e9lszerkezet-\u00e9p\u00edt\u00e9s a vil\u00e1gon legmagasabb sz\u00ednvonalon<\/title>\n<meta name=\"description\" content=\"Az ac\u00e9lszerkezet-\u00e9p\u00edt\u00e9s jelent\u0151s\u00e9ge az \u00e9p\u00edt\u0151- \u00e9s az ingatlangazdas\u00e1gban folyamatosan n\u0151.\" \/>\n<meta name=\"robots\" content=\"index, follow, max-snippet:-1, max-image-preview:large, max-video-preview:-1\" \/>\n<link rel=\"canonical\" href=\"https:\/\/www.assmont.com\/hu\/acelszerkezetek\/\" \/>\n<meta property=\"og:locale\" content=\"hu_HU\" \/>\n<meta property=\"og:type\" content=\"article\" \/>\n<meta property=\"og:title\" content=\"Nemzetk\u00f6zi ac\u00e9lszerkezet-\u00e9p\u00edt\u00e9s a vil\u00e1gon legmagasabb sz\u00ednvonalon\" \/>\n<meta property=\"og:description\" content=\"Az ac\u00e9lszerkezet-\u00e9p\u00edt\u00e9s jelent\u0151s\u00e9ge az \u00e9p\u00edt\u0151- \u00e9s az ingatlangazdas\u00e1gban folyamatosan n\u0151.\" \/>\n<meta property=\"og:url\" content=\"https:\/\/www.assmont.com\/hu\/acelszerkezetek\/\" \/>\n<meta property=\"og:site_name\" content=\"assmont | steel experience worldwide\" \/>\n<meta property=\"article:publisher\" content=\"https:\/\/www.facebook.com\/assmont\/\" \/>\n<meta property=\"article:modified_time\" content=\"2020-07-09T14:15:59+00:00\" \/>\n<meta property=\"og:image\" content=\"https:\/\/www.assmont.com\/wp-content\/uploads\/2020\/04\/stahlbau-content-v4.jpg\" \/>\n<meta name=\"twitter:card\" content=\"summary_large_image\" \/>\n<meta name=\"twitter:label1\" content=\"Becs\u00fclt olvas\u00e1si id\u0151\" \/>\n\t<meta name=\"twitter:data1\" content=\"3 perc\" \/>\n<script type=\"application\/ld+json\" class=\"yoast-schema-graph\">{\"@context\":\"https:\/\/schema.org\",\"@graph\":[{\"@type\":\"WebPage\",\"@id\":\"https:\/\/www.assmont.com\/hu\/acelszerkezetek\/\",\"url\":\"https:\/\/www.assmont.com\/hu\/acelszerkezetek\/\",\"name\":\"Nemzetk\u00f6zi ac\u00e9lszerkezet-\u00e9p\u00edt\u00e9s a vil\u00e1gon legmagasabb sz\u00ednvonalon\",\"isPartOf\":{\"@id\":\"https:\/\/www.assmont.com\/hu\/#website\"},\"datePublished\":\"2020-07-07T08:08:17+00:00\",\"dateModified\":\"2020-07-09T14:15:59+00:00\",\"description\":\"Az ac\u00e9lszerkezet-\u00e9p\u00edt\u00e9s jelent\u0151s\u00e9ge az \u00e9p\u00edt\u0151- \u00e9s az ingatlangazdas\u00e1gban folyamatosan n\u0151.\",\"breadcrumb\":{\"@id\":\"https:\/\/www.assmont.com\/hu\/acelszerkezetek\/#breadcrumb\"},\"inLanguage\":\"hu\",\"potentialAction\":[{\"@type\":\"ReadAction\",\"target\":[\"https:\/\/www.assmont.com\/hu\/acelszerkezetek\/\"]}]},{\"@type\":\"BreadcrumbList\",\"@id\":\"https:\/\/www.assmont.com\/hu\/acelszerkezetek\/#breadcrumb\",\"itemListElement\":[{\"@type\":\"ListItem\",\"position\":1,\"name\":\"Startseite\",\"item\":\"https:\/\/www.assmont.com\/hu\/\"},{\"@type\":\"ListItem\",\"position\":2,\"name\":\"Ac\u00e9lszerkezetek\"}]},{\"@type\":\"WebSite\",\"@id\":\"https:\/\/www.assmont.com\/hu\/#website\",\"url\":\"https:\/\/www.assmont.com\/hu\/\",\"name\":\"assmont | steel experience worldwide\",\"description\":\"ASSMONT \u2013 MIT SICHERHEIT EINZIGARTIG. WELTWEIT\",\"potentialAction\":[{\"@type\":\"SearchAction\",\"target\":{\"@type\":\"EntryPoint\",\"urlTemplate\":\"https:\/\/www.assmont.com\/hu\/?s={search_term_string}\"},\"query-input\":{\"@type\":\"PropertyValueSpecification\",\"valueRequired\":true,\"valueName\":\"search_term_string\"}}],\"inLanguage\":\"hu\"}]}<\/script>\n<!-- \/ Yoast SEO plugin. -->","yoast_head_json":{"title":"Nemzetk\u00f6zi ac\u00e9lszerkezet-\u00e9p\u00edt\u00e9s a vil\u00e1gon legmagasabb sz\u00ednvonalon","description":"Az ac\u00e9lszerkezet-\u00e9p\u00edt\u00e9s jelent\u0151s\u00e9ge az \u00e9p\u00edt\u0151- \u00e9s az ingatlangazdas\u00e1gban folyamatosan n\u0151.","robots":{"index":"index","follow":"follow","max-snippet":"max-snippet:-1","max-image-preview":"max-image-preview:large","max-video-preview":"max-video-preview:-1"},"canonical":"https:\/\/www.assmont.com\/hu\/acelszerkezetek\/","og_locale":"hu_HU","og_type":"article","og_title":"Nemzetk\u00f6zi ac\u00e9lszerkezet-\u00e9p\u00edt\u00e9s a vil\u00e1gon legmagasabb sz\u00ednvonalon","og_description":"Az ac\u00e9lszerkezet-\u00e9p\u00edt\u00e9s jelent\u0151s\u00e9ge az \u00e9p\u00edt\u0151- \u00e9s az ingatlangazdas\u00e1gban folyamatosan n\u0151.","og_url":"https:\/\/www.assmont.com\/hu\/acelszerkezetek\/","og_site_name":"assmont | steel experience worldwide","article_publisher":"https:\/\/www.facebook.com\/assmont\/","article_modified_time":"2020-07-09T14:15:59+00:00","og_image":[{"url":"https:\/\/www.assmont.com\/wp-content\/uploads\/2020\/04\/stahlbau-content-v4.jpg","type":"","width":"","height":""}],"twitter_card":"summary_large_image","twitter_misc":{"Becs\u00fclt olvas\u00e1si id\u0151":"3 perc"},"schema":{"@context":"https:\/\/schema.org","@graph":[{"@type":"WebPage","@id":"https:\/\/www.assmont.com\/hu\/acelszerkezetek\/","url":"https:\/\/www.assmont.com\/hu\/acelszerkezetek\/","name":"Nemzetk\u00f6zi ac\u00e9lszerkezet-\u00e9p\u00edt\u00e9s a vil\u00e1gon legmagasabb sz\u00ednvonalon","isPartOf":{"@id":"https:\/\/www.assmont.com\/hu\/#website"},"datePublished":"2020-07-07T08:08:17+00:00","dateModified":"2020-07-09T14:15:59+00:00","description":"Az ac\u00e9lszerkezet-\u00e9p\u00edt\u00e9s jelent\u0151s\u00e9ge az \u00e9p\u00edt\u0151- \u00e9s az ingatlangazdas\u00e1gban folyamatosan n\u0151.","breadcrumb":{"@id":"https:\/\/www.assmont.com\/hu\/acelszerkezetek\/#breadcrumb"},"inLanguage":"hu","potentialAction":[{"@type":"ReadAction","target":["https:\/\/www.assmont.com\/hu\/acelszerkezetek\/"]}]},{"@type":"BreadcrumbList","@id":"https:\/\/www.assmont.com\/hu\/acelszerkezetek\/#breadcrumb","itemListElement":[{"@type":"ListItem","position":1,"name":"Startseite","item":"https:\/\/www.assmont.com\/hu\/"},{"@type":"ListItem","position":2,"name":"Ac\u00e9lszerkezetek"}]},{"@type":"WebSite","@id":"https:\/\/www.assmont.com\/hu\/#website","url":"https:\/\/www.assmont.com\/hu\/","name":"assmont | steel experience worldwide","description":"ASSMONT \u2013 MIT SICHERHEIT EINZIGARTIG. WELTWEIT","potentialAction":[{"@type":"SearchAction","target":{"@type":"EntryPoint","urlTemplate":"https:\/\/www.assmont.com\/hu\/?s={search_term_string}"},"query-input":{"@type":"PropertyValueSpecification","valueRequired":true,"valueName":"search_term_string"}}],"inLanguage":"hu"}]}},"_links":{"self":[{"href":"https:\/\/www.assmont.com\/hu\/wp-json\/wp\/v2\/pages\/35055","targetHints":{"allow":["GET"]}}],"collection":[{"href":"https:\/\/www.assmont.com\/hu\/wp-json\/wp\/v2\/pages"}],"about":[{"href":"https:\/\/www.assmont.com\/hu\/wp-json\/wp\/v2\/types\/page"}],"author":[{"embeddable":true,"href":"https:\/\/www.assmont.com\/hu\/wp-json\/wp\/v2\/users\/1"}],"replies":[{"embeddable":true,"href":"https:\/\/www.assmont.com\/hu\/wp-json\/wp\/v2\/comments?post=35055"}],"version-history":[{"count":3,"href":"https:\/\/www.assmont.com\/hu\/wp-json\/wp\/v2\/pages\/35055\/revisions"}],"predecessor-version":[{"id":35114,"href":"https:\/\/www.assmont.com\/hu\/wp-json\/wp\/v2\/pages\/35055\/revisions\/35114"}],"wp:attachment":[{"href":"https:\/\/www.assmont.com\/hu\/wp-json\/wp\/v2\/media?parent=35055"}],"curies":[{"name":"wp","href":"https:\/\/api.w.org\/{rel}","templated":true}]}}