{"id":35054,"date":"2020-07-07T10:08:17","date_gmt":"2020-07-07T08:08:17","guid":{"rendered":"https:\/\/www.assmont.com\/compliance-2\/"},"modified":"2020-07-07T10:10:58","modified_gmt":"2020-07-07T08:10:58","slug":"compliance-2","status":"publish","type":"page","link":"https:\/\/www.assmont.com\/hu\/compliance-2\/","title":{"rendered":"Compliance"},"content":{"rendered":"<div class=\"wpb-content-wrapper\"><p>[vc_row][vc_column][vc_column_text]<\/p>\n<h1>Az \u00e9rt\u00e9kek fontosak sz\u00e1munkra<\/h1>\n<p>Az ASSMONT Csoport valamennyi munkat\u00e1rs\u00e1t k\u00f6ti a Compliance ir\u00e1nyelv. Ez olyan \u00e9rt\u00e9keket, alapelveket \u00e9s cselekv\u00e9si m\u00f3dokat mutat be, amelyek meghat\u00e1rozz\u00e1k az ASSMONT v\u00e1llalati fell\u00e9p\u00e9s\u00e9t. A v\u00e1llalati tev\u00e9kenys\u00e9g c\u00e9lja az etikai norm\u00e1k betart\u00e1sa \u00e9s olyan munkak\u00f6rnyezet megteremt\u00e9se, amely el\u0151seg\u00edti a tisztess\u00e9get, a megbecs\u00fcl\u00e9st \u00e9s a fair magatart\u00e1st. A t\u00f6rv\u00e9nyekhez \u00e9s alapelvekhez szigor\u00faan h\u0171 \u00fczletpolitika a v\u00e1llalat hossz\u00fa t\u00e1v\u00fa \u00e9rdekeit szolg\u00e1lja.<\/p>\n<p>Compliance ir\u00e1nyelv\u00fcnket <a href=\"https:\/\/www.assmont.com\/wp-content\/uploads\/2020\/04\/Compliance_ASSMONT_Sept.-2019.pdf\">ITT<\/a> tal\u00e1lja.[\/vc_column_text][\/vc_column][\/vc_row]<\/p>\n<\/div>","protected":false},"excerpt":{"rendered":"<p>[vc_row][vc_column][vc_column_text] Az \u00e9rt\u00e9kek fontosak sz\u00e1munkra Az ASSMONT Csoport valamennyi munkat\u00e1rs\u00e1t k\u00f6ti a Compliance ir\u00e1nyelv. Ez olyan \u00e9rt\u00e9keket, alapelveket \u00e9s cselekv\u00e9si m\u00f3dokat mutat be, amelyek meghat\u00e1rozz\u00e1k az ASSMONT v\u00e1llalati fell\u00e9p\u00e9s\u00e9t. A v\u00e1llalati tev\u00e9kenys\u00e9g c\u00e9lja az etikai norm\u00e1k betart\u00e1sa \u00e9s olyan munkak\u00f6rnyezet megteremt\u00e9se, amely el\u0151seg\u00edti a tisztess\u00e9get, a megbecs\u00fcl\u00e9st \u00e9s a fair magatart\u00e1st. A t\u00f6rv\u00e9nyekhez \u00e9s alapelvekhez&hellip;<\/p>\n","protected":false},"author":1,"featured_media":0,"parent":0,"menu_order":0,"comment_status":"closed","ping_status":"closed","template":"","meta":{"footnotes":""},"class_list":["post-35054","page","type-page","status-publish","hentry","description-off"],"yoast_head":"<!-- This site is optimized with the Yoast SEO plugin v26.0 - https:\/\/yoast.com\/wordpress\/plugins\/seo\/ -->\n<title>Az \u00e9rt\u00e9kek fontosak sz\u00e1munkra<\/title>\n<meta name=\"description\" content=\"Az ASSMONT Csoport valamennyi munkat\u00e1rs\u00e1t k\u00f6ti a Compliance ir\u00e1nyelv.\" \/>\n<meta name=\"robots\" content=\"index, follow, max-snippet:-1, max-image-preview:large, max-video-preview:-1\" \/>\n<link rel=\"canonical\" href=\"https:\/\/www.assmont.com\/hu\/compliance-2\/\" \/>\n<meta property=\"og:locale\" content=\"hu_HU\" \/>\n<meta property=\"og:type\" content=\"article\" \/>\n<meta property=\"og:title\" content=\"Az \u00e9rt\u00e9kek fontosak sz\u00e1munkra\" \/>\n<meta property=\"og:description\" content=\"Az ASSMONT Csoport valamennyi munkat\u00e1rs\u00e1t k\u00f6ti a Compliance ir\u00e1nyelv.\" \/>\n<meta property=\"og:url\" content=\"https:\/\/www.assmont.com\/hu\/compliance-2\/\" \/>\n<meta property=\"og:site_name\" content=\"assmont | steel experience worldwide\" \/>\n<meta property=\"article:publisher\" content=\"https:\/\/www.facebook.com\/assmont\/\" \/>\n<meta property=\"article:modified_time\" content=\"2020-07-07T08:10:58+00:00\" \/>\n<meta property=\"og:image\" content=\"https:\/\/www.assmont.com\/wp-content\/uploads\/2020\/04\/poster-image-video.jpg\" \/>\n\t<meta property=\"og:image:width\" content=\"1920\" \/>\n\t<meta property=\"og:image:height\" content=\"1080\" \/>\n\t<meta property=\"og:image:type\" content=\"image\/jpeg\" \/>\n<meta name=\"twitter:card\" content=\"summary_large_image\" \/>\n<meta name=\"twitter:label1\" content=\"Becs\u00fclt olvas\u00e1si id\u0151\" \/>\n\t<meta name=\"twitter:data1\" content=\"1 perc\" \/>\n<script type=\"application\/ld+json\" class=\"yoast-schema-graph\">{\"@context\":\"https:\/\/schema.org\",\"@graph\":[{\"@type\":\"WebPage\",\"@id\":\"https:\/\/www.assmont.com\/hu\/compliance-2\/\",\"url\":\"https:\/\/www.assmont.com\/hu\/compliance-2\/\",\"name\":\"Az \u00e9rt\u00e9kek fontosak sz\u00e1munkra\",\"isPartOf\":{\"@id\":\"https:\/\/www.assmont.com\/hu\/#website\"},\"datePublished\":\"2020-07-07T08:08:17+00:00\",\"dateModified\":\"2020-07-07T08:10:58+00:00\",\"description\":\"Az ASSMONT Csoport valamennyi munkat\u00e1rs\u00e1t k\u00f6ti a Compliance ir\u00e1nyelv.\",\"breadcrumb\":{\"@id\":\"https:\/\/www.assmont.com\/hu\/compliance-2\/#breadcrumb\"},\"inLanguage\":\"hu\",\"potentialAction\":[{\"@type\":\"ReadAction\",\"target\":[\"https:\/\/www.assmont.com\/hu\/compliance-2\/\"]}]},{\"@type\":\"BreadcrumbList\",\"@id\":\"https:\/\/www.assmont.com\/hu\/compliance-2\/#breadcrumb\",\"itemListElement\":[{\"@type\":\"ListItem\",\"position\":1,\"name\":\"Startseite\",\"item\":\"https:\/\/www.assmont.com\/hu\/\"},{\"@type\":\"ListItem\",\"position\":2,\"name\":\"Compliance\"}]},{\"@type\":\"WebSite\",\"@id\":\"https:\/\/www.assmont.com\/hu\/#website\",\"url\":\"https:\/\/www.assmont.com\/hu\/\",\"name\":\"assmont | steel experience worldwide\",\"description\":\"ASSMONT \u2013 MIT SICHERHEIT EINZIGARTIG. WELTWEIT\",\"potentialAction\":[{\"@type\":\"SearchAction\",\"target\":{\"@type\":\"EntryPoint\",\"urlTemplate\":\"https:\/\/www.assmont.com\/hu\/?s={search_term_string}\"},\"query-input\":{\"@type\":\"PropertyValueSpecification\",\"valueRequired\":true,\"valueName\":\"search_term_string\"}}],\"inLanguage\":\"hu\"}]}<\/script>\n<!-- \/ Yoast SEO plugin. -->","yoast_head_json":{"title":"Az \u00e9rt\u00e9kek fontosak sz\u00e1munkra","description":"Az ASSMONT Csoport valamennyi munkat\u00e1rs\u00e1t k\u00f6ti a Compliance ir\u00e1nyelv.","robots":{"index":"index","follow":"follow","max-snippet":"max-snippet:-1","max-image-preview":"max-image-preview:large","max-video-preview":"max-video-preview:-1"},"canonical":"https:\/\/www.assmont.com\/hu\/compliance-2\/","og_locale":"hu_HU","og_type":"article","og_title":"Az \u00e9rt\u00e9kek fontosak sz\u00e1munkra","og_description":"Az ASSMONT Csoport valamennyi munkat\u00e1rs\u00e1t k\u00f6ti a Compliance ir\u00e1nyelv.","og_url":"https:\/\/www.assmont.com\/hu\/compliance-2\/","og_site_name":"assmont | steel experience worldwide","article_publisher":"https:\/\/www.facebook.com\/assmont\/","article_modified_time":"2020-07-07T08:10:58+00:00","og_image":[{"width":1920,"height":1080,"url":"https:\/\/www.assmont.com\/wp-content\/uploads\/2020\/04\/poster-image-video.jpg","type":"image\/jpeg"}],"twitter_card":"summary_large_image","twitter_misc":{"Becs\u00fclt olvas\u00e1si id\u0151":"1 perc"},"schema":{"@context":"https:\/\/schema.org","@graph":[{"@type":"WebPage","@id":"https:\/\/www.assmont.com\/hu\/compliance-2\/","url":"https:\/\/www.assmont.com\/hu\/compliance-2\/","name":"Az \u00e9rt\u00e9kek fontosak sz\u00e1munkra","isPartOf":{"@id":"https:\/\/www.assmont.com\/hu\/#website"},"datePublished":"2020-07-07T08:08:17+00:00","dateModified":"2020-07-07T08:10:58+00:00","description":"Az ASSMONT Csoport valamennyi munkat\u00e1rs\u00e1t k\u00f6ti a Compliance ir\u00e1nyelv.","breadcrumb":{"@id":"https:\/\/www.assmont.com\/hu\/compliance-2\/#breadcrumb"},"inLanguage":"hu","potentialAction":[{"@type":"ReadAction","target":["https:\/\/www.assmont.com\/hu\/compliance-2\/"]}]},{"@type":"BreadcrumbList","@id":"https:\/\/www.assmont.com\/hu\/compliance-2\/#breadcrumb","itemListElement":[{"@type":"ListItem","position":1,"name":"Startseite","item":"https:\/\/www.assmont.com\/hu\/"},{"@type":"ListItem","position":2,"name":"Compliance"}]},{"@type":"WebSite","@id":"https:\/\/www.assmont.com\/hu\/#website","url":"https:\/\/www.assmont.com\/hu\/","name":"assmont | steel experience worldwide","description":"ASSMONT \u2013 MIT SICHERHEIT EINZIGARTIG. WELTWEIT","potentialAction":[{"@type":"SearchAction","target":{"@type":"EntryPoint","urlTemplate":"https:\/\/www.assmont.com\/hu\/?s={search_term_string}"},"query-input":{"@type":"PropertyValueSpecification","valueRequired":true,"valueName":"search_term_string"}}],"inLanguage":"hu"}]}},"_links":{"self":[{"href":"https:\/\/www.assmont.com\/hu\/wp-json\/wp\/v2\/pages\/35054","targetHints":{"allow":["GET"]}}],"collection":[{"href":"https:\/\/www.assmont.com\/hu\/wp-json\/wp\/v2\/pages"}],"about":[{"href":"https:\/\/www.assmont.com\/hu\/wp-json\/wp\/v2\/types\/page"}],"author":[{"embeddable":true,"href":"https:\/\/www.assmont.com\/hu\/wp-json\/wp\/v2\/users\/1"}],"replies":[{"embeddable":true,"href":"https:\/\/www.assmont.com\/hu\/wp-json\/wp\/v2\/comments?post=35054"}],"version-history":[{"count":1,"href":"https:\/\/www.assmont.com\/hu\/wp-json\/wp\/v2\/pages\/35054\/revisions"}],"predecessor-version":[{"id":35056,"href":"https:\/\/www.assmont.com\/hu\/wp-json\/wp\/v2\/pages\/35054\/revisions\/35056"}],"wp:attachment":[{"href":"https:\/\/www.assmont.com\/hu\/wp-json\/wp\/v2\/media?parent=35054"}],"curies":[{"name":"wp","href":"https:\/\/api.w.org\/{rel}","templated":true}]}}