{"id":35052,"date":"2020-06-30T10:19:29","date_gmt":"2020-06-30T08:19:29","guid":{"rendered":"https:\/\/www.assmont.com\/abf\/"},"modified":"2020-06-30T10:20:27","modified_gmt":"2020-06-30T08:20:27","slug":"abf","status":"publish","type":"page","link":"https:\/\/www.assmont.com\/hu\/abf\/","title":{"rendered":"\u00c1BF"},"content":{"rendered":"<div class=\"wpb-content-wrapper\"><p>[vc_row][vc_column][vc_column_text]<\/p>\n<h2>\u00d6r\u00fcl\u00fcnk, hogy weboldalunkat l\u00e1togatja \u00e9s k\u00f6sz\u00f6nj\u00fck az \u00e9rdekl\u0151d\u00e9s\u00e9t.<\/h2>\n<p>Itt \u00e1ltal\u00e1nos beszerz\u00e9si felt\u00e9teleinkr\u0151l szeretn\u00e9nk t\u00e1j\u00e9koztatni \u00d6nt:<\/p>\n<p><a href=\"https:\/\/www.assmont.com\/wp-content\/uploads\/2020\/04\/Allg.EK-Bedingungen_ASSMONT_Sept.-2019.pdf\">\u00c1BF (\u00c1ltal\u00e1nos Beszerz\u00e9si Felt\u00e9telek)<\/a><\/p>\n<p><strong>Tov\u00e1bbi k\u00e9rd\u00e9seivel a k\u00f6vetkez\u0151 kapcsolati adatokon kereszt\u00fcl \u00e9r el benn\u00fcnket:<\/strong><\/p>\n<p>ASSMONT GmbH<br \/>\nOssiacher Bundesstra\u00dfe 3<br \/>\n9556 Liebenfels, Austria<br \/>\nTel: <a href=\"tel:0043421526100\">+43(0) 4215 \u2013 26 100<\/a><br \/>\nFax: +43(0) 4215 \u2013 26 100 \u2013 299<br \/>\nE-mail: <a href=\"mailto:office@assmont.com\">office@assmont.com<\/a>[\/vc_column_text][\/vc_column][\/vc_row]<\/p>\n<\/div>","protected":false},"excerpt":{"rendered":"<p>[vc_row][vc_column][vc_column_text] \u00d6r\u00fcl\u00fcnk, hogy weboldalunkat l\u00e1togatja \u00e9s k\u00f6sz\u00f6nj\u00fck az \u00e9rdekl\u0151d\u00e9s\u00e9t. Itt \u00e1ltal\u00e1nos beszerz\u00e9si felt\u00e9teleinkr\u0151l szeretn\u00e9nk t\u00e1j\u00e9koztatni \u00d6nt: \u00c1BF (\u00c1ltal\u00e1nos Beszerz\u00e9si Felt\u00e9telek) Tov\u00e1bbi k\u00e9rd\u00e9seivel a k\u00f6vetkez\u0151 kapcsolati adatokon kereszt\u00fcl \u00e9r el benn\u00fcnket: ASSMONT GmbH Ossiacher Bundesstra\u00dfe 3 9556 Liebenfels, Austria Tel: +43(0) 4215 \u2013 26 100 Fax: +43(0) 4215 \u2013 26 100 \u2013 299 E-mail: office@assmont.com[\/vc_column_text][\/vc_column][\/vc_row]<\/p>\n","protected":false},"author":1,"featured_media":0,"parent":0,"menu_order":0,"comment_status":"closed","ping_status":"closed","template":"","meta":{"footnotes":""},"class_list":["post-35052","page","type-page","status-publish","hentry","description-off"],"yoast_head":"<!-- This site is optimized with the Yoast SEO plugin v26.0 - https:\/\/yoast.com\/wordpress\/plugins\/seo\/ -->\n<title>\u00c1BF - assmont | steel experience worldwide<\/title>\n<meta name=\"description\" content=\"Itt \u00e1ltal\u00e1nos beszerz\u00e9si felt\u00e9teleinkr\u0151l szeretn\u00e9nk t\u00e1j\u00e9koztatni \u00d6nt.\" \/>\n<meta name=\"robots\" content=\"index, follow, max-snippet:-1, max-image-preview:large, max-video-preview:-1\" \/>\n<link rel=\"canonical\" href=\"https:\/\/www.assmont.com\/hu\/abf\/\" \/>\n<meta property=\"og:locale\" content=\"hu_HU\" \/>\n<meta property=\"og:type\" content=\"article\" \/>\n<meta property=\"og:title\" content=\"\u00c1BF - assmont | steel experience worldwide\" \/>\n<meta property=\"og:description\" content=\"Itt \u00e1ltal\u00e1nos beszerz\u00e9si felt\u00e9teleinkr\u0151l szeretn\u00e9nk t\u00e1j\u00e9koztatni \u00d6nt.\" \/>\n<meta property=\"og:url\" content=\"https:\/\/www.assmont.com\/hu\/abf\/\" \/>\n<meta property=\"og:site_name\" content=\"assmont | steel experience worldwide\" \/>\n<meta property=\"article:publisher\" content=\"https:\/\/www.facebook.com\/assmont\/\" \/>\n<meta property=\"article:modified_time\" content=\"2020-06-30T08:20:27+00:00\" \/>\n<meta property=\"og:image\" content=\"https:\/\/www.assmont.com\/wp-content\/uploads\/2020\/04\/poster-image-video.jpg\" \/>\n\t<meta property=\"og:image:width\" content=\"1920\" \/>\n\t<meta property=\"og:image:height\" content=\"1080\" \/>\n\t<meta property=\"og:image:type\" content=\"image\/jpeg\" \/>\n<meta name=\"twitter:card\" content=\"summary_large_image\" \/>\n<script type=\"application\/ld+json\" class=\"yoast-schema-graph\">{\"@context\":\"https:\/\/schema.org\",\"@graph\":[{\"@type\":\"WebPage\",\"@id\":\"https:\/\/www.assmont.com\/hu\/abf\/\",\"url\":\"https:\/\/www.assmont.com\/hu\/abf\/\",\"name\":\"\u00c1BF - assmont | steel experience worldwide\",\"isPartOf\":{\"@id\":\"https:\/\/www.assmont.com\/hu\/#website\"},\"datePublished\":\"2020-06-30T08:19:29+00:00\",\"dateModified\":\"2020-06-30T08:20:27+00:00\",\"description\":\"Itt \u00e1ltal\u00e1nos beszerz\u00e9si felt\u00e9teleinkr\u0151l szeretn\u00e9nk t\u00e1j\u00e9koztatni \u00d6nt.\",\"breadcrumb\":{\"@id\":\"https:\/\/www.assmont.com\/hu\/abf\/#breadcrumb\"},\"inLanguage\":\"hu\",\"potentialAction\":[{\"@type\":\"ReadAction\",\"target\":[\"https:\/\/www.assmont.com\/hu\/abf\/\"]}]},{\"@type\":\"BreadcrumbList\",\"@id\":\"https:\/\/www.assmont.com\/hu\/abf\/#breadcrumb\",\"itemListElement\":[{\"@type\":\"ListItem\",\"position\":1,\"name\":\"Startseite\",\"item\":\"https:\/\/www.assmont.com\/hu\/\"},{\"@type\":\"ListItem\",\"position\":2,\"name\":\"\u00c1BF\"}]},{\"@type\":\"WebSite\",\"@id\":\"https:\/\/www.assmont.com\/hu\/#website\",\"url\":\"https:\/\/www.assmont.com\/hu\/\",\"name\":\"assmont | steel experience worldwide\",\"description\":\"ASSMONT \u2013 MIT SICHERHEIT EINZIGARTIG. WELTWEIT\",\"potentialAction\":[{\"@type\":\"SearchAction\",\"target\":{\"@type\":\"EntryPoint\",\"urlTemplate\":\"https:\/\/www.assmont.com\/hu\/?s={search_term_string}\"},\"query-input\":{\"@type\":\"PropertyValueSpecification\",\"valueRequired\":true,\"valueName\":\"search_term_string\"}}],\"inLanguage\":\"hu\"}]}<\/script>\n<!-- \/ Yoast SEO plugin. -->","yoast_head_json":{"title":"\u00c1BF - assmont | steel experience worldwide","description":"Itt \u00e1ltal\u00e1nos beszerz\u00e9si felt\u00e9teleinkr\u0151l szeretn\u00e9nk t\u00e1j\u00e9koztatni \u00d6nt.","robots":{"index":"index","follow":"follow","max-snippet":"max-snippet:-1","max-image-preview":"max-image-preview:large","max-video-preview":"max-video-preview:-1"},"canonical":"https:\/\/www.assmont.com\/hu\/abf\/","og_locale":"hu_HU","og_type":"article","og_title":"\u00c1BF - assmont | steel experience worldwide","og_description":"Itt \u00e1ltal\u00e1nos beszerz\u00e9si felt\u00e9teleinkr\u0151l szeretn\u00e9nk t\u00e1j\u00e9koztatni \u00d6nt.","og_url":"https:\/\/www.assmont.com\/hu\/abf\/","og_site_name":"assmont | steel experience worldwide","article_publisher":"https:\/\/www.facebook.com\/assmont\/","article_modified_time":"2020-06-30T08:20:27+00:00","og_image":[{"width":1920,"height":1080,"url":"https:\/\/www.assmont.com\/wp-content\/uploads\/2020\/04\/poster-image-video.jpg","type":"image\/jpeg"}],"twitter_card":"summary_large_image","schema":{"@context":"https:\/\/schema.org","@graph":[{"@type":"WebPage","@id":"https:\/\/www.assmont.com\/hu\/abf\/","url":"https:\/\/www.assmont.com\/hu\/abf\/","name":"\u00c1BF - assmont | steel experience worldwide","isPartOf":{"@id":"https:\/\/www.assmont.com\/hu\/#website"},"datePublished":"2020-06-30T08:19:29+00:00","dateModified":"2020-06-30T08:20:27+00:00","description":"Itt \u00e1ltal\u00e1nos beszerz\u00e9si felt\u00e9teleinkr\u0151l szeretn\u00e9nk t\u00e1j\u00e9koztatni \u00d6nt.","breadcrumb":{"@id":"https:\/\/www.assmont.com\/hu\/abf\/#breadcrumb"},"inLanguage":"hu","potentialAction":[{"@type":"ReadAction","target":["https:\/\/www.assmont.com\/hu\/abf\/"]}]},{"@type":"BreadcrumbList","@id":"https:\/\/www.assmont.com\/hu\/abf\/#breadcrumb","itemListElement":[{"@type":"ListItem","position":1,"name":"Startseite","item":"https:\/\/www.assmont.com\/hu\/"},{"@type":"ListItem","position":2,"name":"\u00c1BF"}]},{"@type":"WebSite","@id":"https:\/\/www.assmont.com\/hu\/#website","url":"https:\/\/www.assmont.com\/hu\/","name":"assmont | steel experience worldwide","description":"ASSMONT \u2013 MIT SICHERHEIT EINZIGARTIG. WELTWEIT","potentialAction":[{"@type":"SearchAction","target":{"@type":"EntryPoint","urlTemplate":"https:\/\/www.assmont.com\/hu\/?s={search_term_string}"},"query-input":{"@type":"PropertyValueSpecification","valueRequired":true,"valueName":"search_term_string"}}],"inLanguage":"hu"}]}},"_links":{"self":[{"href":"https:\/\/www.assmont.com\/hu\/wp-json\/wp\/v2\/pages\/35052","targetHints":{"allow":["GET"]}}],"collection":[{"href":"https:\/\/www.assmont.com\/hu\/wp-json\/wp\/v2\/pages"}],"about":[{"href":"https:\/\/www.assmont.com\/hu\/wp-json\/wp\/v2\/types\/page"}],"author":[{"embeddable":true,"href":"https:\/\/www.assmont.com\/hu\/wp-json\/wp\/v2\/users\/1"}],"replies":[{"embeddable":true,"href":"https:\/\/www.assmont.com\/hu\/wp-json\/wp\/v2\/comments?post=35052"}],"version-history":[{"count":2,"href":"https:\/\/www.assmont.com\/hu\/wp-json\/wp\/v2\/pages\/35052\/revisions"}],"predecessor-version":[{"id":35074,"href":"https:\/\/www.assmont.com\/hu\/wp-json\/wp\/v2\/pages\/35052\/revisions\/35074"}],"wp:attachment":[{"href":"https:\/\/www.assmont.com\/hu\/wp-json\/wp\/v2\/media?parent=35052"}],"curies":[{"name":"wp","href":"https:\/\/api.w.org\/{rel}","templated":true}]}}