{"id":35048,"date":"2020-06-30T10:19:24","date_gmt":"2020-06-30T08:19:24","guid":{"rendered":"https:\/\/www.assmont.com\/letoeltesek\/"},"modified":"2020-06-30T10:19:52","modified_gmt":"2020-06-30T08:19:52","slug":"letoeltesek","status":"publish","type":"page","link":"https:\/\/www.assmont.com\/hu\/letoeltesek\/","title":{"rendered":"Let\u00f6lt\u00e9sek"},"content":{"rendered":"<div class=\"wpb-content-wrapper\"><p>[vc_row][vc_column][vc_column_text]<\/p>\n<h1>Els\u0151 a biztons\u00e1g &#8211; minden ter\u00fcleten<\/h1>\n<p>Let\u00f6lthet\u0151 anyagaink k\u00f6z\u00f6tt biztons\u00e1grelev\u00e1ns adatlapokat \u00e9s tan\u00fas\u00edt\u00e1sokat tal\u00e1l. Folyamatosan friss\u00edtj\u00fck biztons\u00e1gi szabv\u00e1nyainkat \u00e9s (megval\u00f3s\u00edt\u00e1s)technikailag a leg\u00fajabb szinten maradunk az \u00d6n sz\u00e1m\u00e1ra. <em><strong>Better safe than sorry.<\/strong><\/em>[\/vc_column_text][vc_separator][vc_column_text]<\/p>\n<ul>\n<li><a href=\"https:\/\/www.assmont.com\/wp-content\/uploads\/2020\/04\/1-ISO-9001-ASSMONT-Holding_de.pdf\" target=\"_blank\" rel=\"noopener noreferrer\">ISO 9001 ASSMONT Holding<\/a> DE<\/li>\n<li><a href=\"https:\/\/www.assmont.com\/wp-content\/uploads\/2020\/04\/1-ISO-9001-ASSMONT-Holding_en.pdf\" target=\"_blank\" rel=\"noopener noreferrer\">ISO 9001 ASSMONT Holding<\/a> EN<\/li>\n<li><a href=\"https:\/\/www.assmont.com\/wp-content\/uploads\/2020\/04\/2-ISO-9001-r11-ASSMONT-GmbH_d.pdf\" target=\"_blank\" rel=\"noopener noreferrer\">ISO 9001 ASSMONT GmbH <\/a><\/li>\n<li><a href=\"https:\/\/www.assmont.com\/wp-content\/uploads\/2020\/04\/3-ISO-9001-ASSMONT-Steel-Hun-KFT_d.pdf\" target=\"_blank\" rel=\"noopener noreferrer\">ISO 9001 ASSMONT Steel Hungaria<\/a><\/li>\n<li><a href=\"https:\/\/www.assmont.com\/wp-content\/uploads\/2020\/04\/4.-Zertifikat-A4-SCC-HauptAnlage1-ASSMONT_d.pdf\" target=\"_blank\" rel=\"noopener noreferrer\">SCC ASSMONT Holding<\/a><\/li>\n<li><a href=\"https:\/\/www.assmont.com\/wp-content\/uploads\/2020\/04\/5.-Zertifikat-A4-SCC-Unter05-ASSMONT-GmbH_d.pdf\" target=\"_blank\" rel=\"noopener noreferrer\">SCC ASSMONT<\/a><\/li>\n<li><a href=\"https:\/\/www.assmont.com\/wp-content\/uploads\/2020\/04\/6.-Zertifikat-A4-SCC-Unter04-ASSMONT-Steel-Hun-KFT_d.pdf\" target=\"_blank\" rel=\"noopener noreferrer\">SCC ASSMONT Steel Hungaria<\/a><\/li>\n<li><a href=\"https:\/\/www.assmont.com\/wp-content\/uploads\/2019\/11\/2515-CPR-180708_SCT_2019-11-25_EN1090_ASSMONT-GmbH_signed.pdf\" target=\"_blank\" rel=\"noopener noreferrer\">EN 1090 ASSMONT GmbH<\/a><\/li>\n<li><a href=\"https:\/\/www.assmont.com\/wp-content\/uploads\/2020\/04\/8.-515-CPR-190102.SCT190102W1.SCT-Zertifikat-EN-1090-ASSMONT-Steel-Hungaria.pdf\" target=\"_blank\" rel=\"noopener noreferrer\">EN 1090 ASSMONT Steel Hungaria<\/a><\/li>\n<li><a href=\"https:\/\/www.assmont.com\/wp-content\/uploads\/2020\/04\/9.-190101.SCT-Zertifikat-EN-ISO-3834-ASSMONT-Steel-Hungaria_scan.pdf\" target=\"_blank\" rel=\"noopener noreferrer\">EN ISO 3834 ASSMONT Steel Hungaria<\/a><\/li>\n<li><a href=\"https:\/\/www.assmont.com\/wp-content\/uploads\/2020\/04\/10.-180707.SCT-ISO-3834-ASSMONT-GmbH-scan.pdf\" target=\"_blank\" rel=\"noopener noreferrer\">EN ISO 3834 ASSMONT<\/a><\/li>\n<\/ul>\n<p>[\/vc_column_text][\/vc_column][\/vc_row]<\/p>\n<\/div>","protected":false},"excerpt":{"rendered":"<p>[vc_row][vc_column][vc_column_text] Els\u0151 a biztons\u00e1g &#8211; minden ter\u00fcleten Let\u00f6lthet\u0151 anyagaink k\u00f6z\u00f6tt biztons\u00e1grelev\u00e1ns adatlapokat \u00e9s tan\u00fas\u00edt\u00e1sokat tal\u00e1l. Folyamatosan friss\u00edtj\u00fck biztons\u00e1gi szabv\u00e1nyainkat \u00e9s (megval\u00f3s\u00edt\u00e1s)technikailag a leg\u00fajabb szinten maradunk az \u00d6n sz\u00e1m\u00e1ra. Better safe than sorry.[\/vc_column_text][vc_separator][vc_column_text] ISO 9001 ASSMONT Holding DE ISO 9001 ASSMONT Holding EN ISO 9001 ASSMONT GmbH ISO 9001 ASSMONT Steel Hungaria SCC ASSMONT Holding SCC&hellip;<\/p>\n","protected":false},"author":1,"featured_media":0,"parent":0,"menu_order":0,"comment_status":"closed","ping_status":"closed","template":"","meta":{"footnotes":""},"class_list":["post-35048","page","type-page","status-publish","hentry","description-off"],"yoast_head":"<!-- This site is optimized with the Yoast SEO plugin v26.0 - https:\/\/yoast.com\/wordpress\/plugins\/seo\/ -->\n<title>Tan\u00fas\u00edt\u00e1sok - Els\u0151 a biztons\u00e1g \u2013 minden ter\u00fcleten<\/title>\n<meta name=\"description\" content=\"Let\u00f6lthet\u0151 anyagaink k\u00f6z\u00f6tt biztons\u00e1grelev\u00e1ns adatlapokat \u00e9s tan\u00fas\u00edt\u00e1sokat tal\u00e1l.\" \/>\n<meta name=\"robots\" content=\"index, follow, max-snippet:-1, max-image-preview:large, max-video-preview:-1\" \/>\n<link rel=\"canonical\" href=\"https:\/\/www.assmont.com\/hu\/letoeltesek\/\" \/>\n<meta property=\"og:locale\" content=\"hu_HU\" \/>\n<meta property=\"og:type\" content=\"article\" \/>\n<meta property=\"og:title\" content=\"Tan\u00fas\u00edt\u00e1sok - Els\u0151 a biztons\u00e1g \u2013 minden ter\u00fcleten\" \/>\n<meta property=\"og:description\" content=\"Let\u00f6lthet\u0151 anyagaink k\u00f6z\u00f6tt biztons\u00e1grelev\u00e1ns adatlapokat \u00e9s tan\u00fas\u00edt\u00e1sokat tal\u00e1l.\" \/>\n<meta property=\"og:url\" content=\"https:\/\/www.assmont.com\/hu\/letoeltesek\/\" \/>\n<meta property=\"og:site_name\" content=\"assmont | steel experience worldwide\" \/>\n<meta property=\"article:publisher\" content=\"https:\/\/www.facebook.com\/assmont\/\" \/>\n<meta property=\"article:modified_time\" content=\"2020-06-30T08:19:52+00:00\" \/>\n<meta property=\"og:image\" content=\"https:\/\/www.assmont.com\/wp-content\/uploads\/2020\/04\/poster-image-video.jpg\" \/>\n\t<meta property=\"og:image:width\" content=\"1920\" \/>\n\t<meta property=\"og:image:height\" content=\"1080\" \/>\n\t<meta property=\"og:image:type\" content=\"image\/jpeg\" \/>\n<meta name=\"twitter:card\" content=\"summary_large_image\" \/>\n<meta name=\"twitter:label1\" content=\"Becs\u00fclt olvas\u00e1si id\u0151\" \/>\n\t<meta name=\"twitter:data1\" content=\"1 perc\" \/>\n<script type=\"application\/ld+json\" class=\"yoast-schema-graph\">{\"@context\":\"https:\/\/schema.org\",\"@graph\":[{\"@type\":\"WebPage\",\"@id\":\"https:\/\/www.assmont.com\/hu\/letoeltesek\/\",\"url\":\"https:\/\/www.assmont.com\/hu\/letoeltesek\/\",\"name\":\"Tan\u00fas\u00edt\u00e1sok - Els\u0151 a biztons\u00e1g \u2013 minden ter\u00fcleten\",\"isPartOf\":{\"@id\":\"https:\/\/www.assmont.com\/hu\/#website\"},\"datePublished\":\"2020-06-30T08:19:24+00:00\",\"dateModified\":\"2020-06-30T08:19:52+00:00\",\"description\":\"Let\u00f6lthet\u0151 anyagaink k\u00f6z\u00f6tt biztons\u00e1grelev\u00e1ns adatlapokat \u00e9s tan\u00fas\u00edt\u00e1sokat tal\u00e1l.\",\"breadcrumb\":{\"@id\":\"https:\/\/www.assmont.com\/hu\/letoeltesek\/#breadcrumb\"},\"inLanguage\":\"hu\",\"potentialAction\":[{\"@type\":\"ReadAction\",\"target\":[\"https:\/\/www.assmont.com\/hu\/letoeltesek\/\"]}]},{\"@type\":\"BreadcrumbList\",\"@id\":\"https:\/\/www.assmont.com\/hu\/letoeltesek\/#breadcrumb\",\"itemListElement\":[{\"@type\":\"ListItem\",\"position\":1,\"name\":\"Startseite\",\"item\":\"https:\/\/www.assmont.com\/hu\/\"},{\"@type\":\"ListItem\",\"position\":2,\"name\":\"Let\u00f6lt\u00e9sek\"}]},{\"@type\":\"WebSite\",\"@id\":\"https:\/\/www.assmont.com\/hu\/#website\",\"url\":\"https:\/\/www.assmont.com\/hu\/\",\"name\":\"assmont | steel experience worldwide\",\"description\":\"ASSMONT \u2013 MIT SICHERHEIT EINZIGARTIG. WELTWEIT\",\"potentialAction\":[{\"@type\":\"SearchAction\",\"target\":{\"@type\":\"EntryPoint\",\"urlTemplate\":\"https:\/\/www.assmont.com\/hu\/?s={search_term_string}\"},\"query-input\":{\"@type\":\"PropertyValueSpecification\",\"valueRequired\":true,\"valueName\":\"search_term_string\"}}],\"inLanguage\":\"hu\"}]}<\/script>\n<!-- \/ Yoast SEO plugin. -->","yoast_head_json":{"title":"Tan\u00fas\u00edt\u00e1sok - Els\u0151 a biztons\u00e1g \u2013 minden ter\u00fcleten","description":"Let\u00f6lthet\u0151 anyagaink k\u00f6z\u00f6tt biztons\u00e1grelev\u00e1ns adatlapokat \u00e9s tan\u00fas\u00edt\u00e1sokat tal\u00e1l.","robots":{"index":"index","follow":"follow","max-snippet":"max-snippet:-1","max-image-preview":"max-image-preview:large","max-video-preview":"max-video-preview:-1"},"canonical":"https:\/\/www.assmont.com\/hu\/letoeltesek\/","og_locale":"hu_HU","og_type":"article","og_title":"Tan\u00fas\u00edt\u00e1sok - Els\u0151 a biztons\u00e1g \u2013 minden ter\u00fcleten","og_description":"Let\u00f6lthet\u0151 anyagaink k\u00f6z\u00f6tt biztons\u00e1grelev\u00e1ns adatlapokat \u00e9s tan\u00fas\u00edt\u00e1sokat tal\u00e1l.","og_url":"https:\/\/www.assmont.com\/hu\/letoeltesek\/","og_site_name":"assmont | steel experience worldwide","article_publisher":"https:\/\/www.facebook.com\/assmont\/","article_modified_time":"2020-06-30T08:19:52+00:00","og_image":[{"width":1920,"height":1080,"url":"https:\/\/www.assmont.com\/wp-content\/uploads\/2020\/04\/poster-image-video.jpg","type":"image\/jpeg"}],"twitter_card":"summary_large_image","twitter_misc":{"Becs\u00fclt olvas\u00e1si id\u0151":"1 perc"},"schema":{"@context":"https:\/\/schema.org","@graph":[{"@type":"WebPage","@id":"https:\/\/www.assmont.com\/hu\/letoeltesek\/","url":"https:\/\/www.assmont.com\/hu\/letoeltesek\/","name":"Tan\u00fas\u00edt\u00e1sok - Els\u0151 a biztons\u00e1g \u2013 minden ter\u00fcleten","isPartOf":{"@id":"https:\/\/www.assmont.com\/hu\/#website"},"datePublished":"2020-06-30T08:19:24+00:00","dateModified":"2020-06-30T08:19:52+00:00","description":"Let\u00f6lthet\u0151 anyagaink k\u00f6z\u00f6tt biztons\u00e1grelev\u00e1ns adatlapokat \u00e9s tan\u00fas\u00edt\u00e1sokat tal\u00e1l.","breadcrumb":{"@id":"https:\/\/www.assmont.com\/hu\/letoeltesek\/#breadcrumb"},"inLanguage":"hu","potentialAction":[{"@type":"ReadAction","target":["https:\/\/www.assmont.com\/hu\/letoeltesek\/"]}]},{"@type":"BreadcrumbList","@id":"https:\/\/www.assmont.com\/hu\/letoeltesek\/#breadcrumb","itemListElement":[{"@type":"ListItem","position":1,"name":"Startseite","item":"https:\/\/www.assmont.com\/hu\/"},{"@type":"ListItem","position":2,"name":"Let\u00f6lt\u00e9sek"}]},{"@type":"WebSite","@id":"https:\/\/www.assmont.com\/hu\/#website","url":"https:\/\/www.assmont.com\/hu\/","name":"assmont | steel experience worldwide","description":"ASSMONT \u2013 MIT SICHERHEIT EINZIGARTIG. WELTWEIT","potentialAction":[{"@type":"SearchAction","target":{"@type":"EntryPoint","urlTemplate":"https:\/\/www.assmont.com\/hu\/?s={search_term_string}"},"query-input":{"@type":"PropertyValueSpecification","valueRequired":true,"valueName":"search_term_string"}}],"inLanguage":"hu"}]}},"_links":{"self":[{"href":"https:\/\/www.assmont.com\/hu\/wp-json\/wp\/v2\/pages\/35048","targetHints":{"allow":["GET"]}}],"collection":[{"href":"https:\/\/www.assmont.com\/hu\/wp-json\/wp\/v2\/pages"}],"about":[{"href":"https:\/\/www.assmont.com\/hu\/wp-json\/wp\/v2\/types\/page"}],"author":[{"embeddable":true,"href":"https:\/\/www.assmont.com\/hu\/wp-json\/wp\/v2\/users\/1"}],"replies":[{"embeddable":true,"href":"https:\/\/www.assmont.com\/hu\/wp-json\/wp\/v2\/comments?post=35048"}],"version-history":[{"count":1,"href":"https:\/\/www.assmont.com\/hu\/wp-json\/wp\/v2\/pages\/35048\/revisions"}],"predecessor-version":[{"id":35049,"href":"https:\/\/www.assmont.com\/hu\/wp-json\/wp\/v2\/pages\/35048\/revisions\/35049"}],"wp:attachment":[{"href":"https:\/\/www.assmont.com\/hu\/wp-json\/wp\/v2\/media?parent=35048"}],"curies":[{"name":"wp","href":"https:\/\/api.w.org\/{rel}","templated":true}]}}