{"id":34660,"date":"2020-05-06T12:22:16","date_gmt":"2020-05-06T10:22:16","guid":{"rendered":"https:\/\/www.assmont.com\/strecha-a-steny\/"},"modified":"2020-05-07T08:32:04","modified_gmt":"2020-05-07T06:32:04","slug":"strecha-a-steny","status":"publish","type":"page","link":"https:\/\/www.assmont.com\/cs\/strecha-a-steny\/","title":{"rendered":"St\u0159echa a st\u011bny"},"content":{"rendered":"<div class=\"wpb-content-wrapper\"><p>[vc_row gap=&#8220;10&#8243;][vc_column offset=&#8220;vc_col-lg-8&#8243;][vc_column_text]<!-- wpml:html_fragment\n\n--><\/p>\n<h2>V\u00fdvoj projektu a realizace na nejvy\u0161\u0161\u00ed \u00farovni<\/h2>\n<p>Na\u0161i specialist\u00e9 z oboru in\u017een\u00fdrstv\u00ed a tak\u00e9 profesion\u00e1lov\u00e9 p\u0159es mont\u00e1\u017e jsou z\u00e1rukou kvality a ekonomick\u00e9 realizace Va\u0161\u00ed stavby. Projekty jakou jsou komer\u010dn\u00ed s\u00e1ly a pr\u016fmyslov\u00e9 haly, pr\u016fmyslov\u00e1 za\u0159\u00edzen\u00ed a rovn\u011b\u017e architektonick\u00e9 stavby jsou \u0159\u00edzeny z hlediska \u010dasu a zdroj\u016f.<\/p>\n<p>Pro konstrukce st\u0159ech a vn\u011bj\u0161\u00edch st\u011bn ocelov\u00fdch hal je k dispozici velk\u00e9 mno\u017estv\u00ed materi\u00e1l\u016f a syst\u00e9m\u016f, jako\u017eto i mo\u017enosti architektonick\u00e9ho \u0159e\u0161en\u00ed.<\/p>\n<p>R\u016fzn\u00e9 mo\u017enosti tvarov\u00e1n\u00ed, profilov\u00e1n\u00ed a strukturov\u00e1n\u00ed povrch\u016f, jako\u017eto i flexibiln\u00ed integrace pr\u016fhledn\u00fdch ploch a zasklen\u00ed umo\u017e\u0148uj\u00ed individu\u00e1ln\u00ed konstruk\u010dn\u00ed \u0159e\u0161en\u00ed. Ale tak\u00e9 u pr\u016fmyslov\u00fdch budov a v\u00fdrobn\u00edch za\u0159\u00edzen\u00edch rostou po\u017eadavky na kvalitu a vlastnosti s ohledem na udr\u017eitelnost. Krom\u011b prim\u00e1rn\u00ed pou\u017eit\u00ed na nosn\u00e9 konstrukce hal je ocel zvl\u00e1\u0161t\u011b vhodn\u00e1 pro siln\u011b izolovan\u00e9 a prefabrikovan\u00e9 fas\u00e1dn\u00ed a st\u0159e\u0161n\u00ed syst\u00e9my. Tyto syst\u00e9my maj\u00ed velk\u00fd potenci\u00e1l pro udr\u017eitelnost, jako\u017eto i ekonomick\u00e9 a technologick\u00e9 vlastnosti.<\/p>\n<p>Novostavba nebo renovace: Na\u0161i projektanti, v\u00fdvoj\u00e1\u0159i a projektov\u00ed mana\u017ee\u0159i p\u0159esv\u011bd\u010duj\u00ed z\u00e1kazn\u00edky objektivn\u00edmi n\u00e1pady, promy\u0161len\u00fdmi koncepty a des\u00edtkami let zku\u0161enost\u00ed v oboru st\u0159ech a st\u011bn.[\/vc_column_text][\/vc_column][vc_column css=&#8220;.vc_custom_1587980667129{padding-top: 20px !important;padding-right: 20px !important;padding-bottom: 20px !important;padding-left: 20px !important;background-color: rgba(0,64,112,0.95) !important;*background-color: rgb(0,64,112) !important;}&#8220; el_class=&#8220;invert_text&#8220; offset=&#8220;vc_col-lg-4&#8243;][vc_column_text]<!-- wpml:html_fragment\n\n--><\/p>\n<h3>V\u00fdvoj projektu a realizace na nejvy\u0161\u0161\u00ed \u00farovni<\/h3>\n<p>[\/vc_column_text][vc_separator css=&#8220;.vc_custom_1587122269544{padding-top: 0px !important;padding-bottom: 0px !important;}&#8220;][vc_column_text]<!-- wpml:html_fragment\n\n--><\/p>\n<h3>Portfolio \u2013 Projektov\u00e1 \u010dinnost:<\/h3>\n<p>St\u0159e\u0161n\u00ed a obkladov\u00e9 panely pro:<\/p>\n<ul>\n<li>Komer\u010dn\u00ed s\u00e1ly a pr\u016fmyslov\u00e9 haly<\/li>\n<li>Za\u0159\u00edzen\u00ed pro voln\u00fd \u010das<\/li>\n<li>Ocelov\u00e9 konstrukce<\/li>\n<li>Reg\u00e1lov\u00e9 syst\u00e9my<\/li>\n<li>Renovace<\/li>\n<\/ul>\n<p>[\/vc_column_text][vc_column_text]<!-- wpml:html_fragment\n\n--><\/p>\n<div class=\"et_pb_module et_pb_text et_pb_text_975 et_pb_text_align_left et_pb_bg_layout_dark\">\n<div class=\"et_pb_text_inner\">\n<h3>Na\u0161e slu\u017eby:<\/h3>\n<\/div>\n<\/div>\n<div class=\"et_pb_module et_pb_text et_pb_text_976 et_pb_text_align_left et_pb_bg_layout_dark\">\n<div class=\"et_pb_text_inner\">\n<ul>\n<li>Poradenstv\u00ed<\/li>\n<li>Zpracov\u00e1n\u00ed nab\u00eddky<\/li>\n<li>Pl\u00e1nov\u00e1n\u00ed<\/li>\n<li>Statika<\/li>\n<li>Dod\u00e1n\u00ed<\/li>\n<li>Mont\u00e1\u017e<\/li>\n<\/ul>\n<\/div>\n<\/div>\n<p>[\/vc_column_text][\/vc_column][\/vc_row][vc_row][vc_column][vc_empty_space][vc_separator style=&#8220;shadow&#8220;][vc_empty_space][\/vc_column][\/vc_row][vc_row][vc_column]<style type=\"text\/css\" data-type=\"the7_shortcodes-inline-css\">#default-btn-8866e75e3965350a3777672647af2c30.ico-right-side > i {\n  margin-right: 0px;\n  margin-left: 8px;\n}\n#default-btn-8866e75e3965350a3777672647af2c30 > i {\n  margin-right: 8px;\n}\n<\/style><div class=\"btn-align-center\"><a href=\"https:\/\/www.assmont.com\/konfigurator\/\" class=\"default-btn-shortcode dt-btn dt-btn-l fadeIn animate-element animation-builder link-hover-off full-width-btn \" id=\"default-btn-8866e75e3965350a3777672647af2c30\" title=\"Konfigurator\"><span>Konfigur\u00e1tor referenc\u00ed<\/span><\/a><\/div>[\/vc_column][\/vc_row][vc_row][vc_column][vc_empty_space][\/vc_column][\/vc_row][vc_row gap=&#8220;10&#8243;][vc_column offset=&#8220;vc_col-lg-8&#8243;]<style type=\"text\/css\" data-type=\"the7_shortcodes-inline-css\">.icon-with-text-shortcode.icon-text-id-82c9f14fe1327bb7f911ebc23e9fd404 .text-icon {\n  width: 60px;\n  height: 60px;\n  line-height: 60px;\n  font-size: 32px;\n  border-radius: 200px;\n  margin: 0px 0px 0px 0px;\n}\n.icon-with-text-shortcode.icon-text-id-82c9f14fe1327bb7f911ebc23e9fd404 .text-icon .icon-inner {\n  min-width: 60px;\n  min-height: 60px;\n  border-radius: 200px;\n}\n@media all and (-ms-high-contrast: none) {\n  .icon-with-text-shortcode.icon-text-id-82c9f14fe1327bb7f911ebc23e9fd404 .text-icon .icon-inner {\n    height: 60px;\n  }\n}\n.icon-with-text-shortcode.icon-text-id-82c9f14fe1327bb7f911ebc23e9fd404 .text-icon .dt-hover-icon {\n  line-height: 60px;\n}\n.icon-with-text-shortcode.icon-text-id-82c9f14fe1327bb7f911ebc23e9fd404 .text-icon:before,\n.icon-with-text-shortcode.icon-text-id-82c9f14fe1327bb7f911ebc23e9fd404 .text-icon:after,\n.icon-with-text-shortcode.icon-text-id-82c9f14fe1327bb7f911ebc23e9fd404 .text-icon .icon-inner:before,\n.icon-with-text-shortcode.icon-text-id-82c9f14fe1327bb7f911ebc23e9fd404 .text-icon .icon-inner:after {\n  min-width: 100%;\n  min-height: 100%;\n  padding: inherit;\n  border-radius: inherit;\n}\n.icon-with-text-shortcode.icon-text-id-82c9f14fe1327bb7f911ebc23e9fd404 .text-icon.dt-icon-border-on:before {\n  border-width: 2px;\n  border-style: solid;\n}\n.dt-icon-border-dashed.icon-with-text-shortcode.icon-text-id-82c9f14fe1327bb7f911ebc23e9fd404 .text-icon.dt-icon-border-on:before {\n  border-style: dashed;\n}\n.dt-icon-border-dotted.icon-with-text-shortcode.icon-text-id-82c9f14fe1327bb7f911ebc23e9fd404 .text-icon.dt-icon-border-on:before {\n  border-style: dotted;\n}\n.dt-icon-border-double.icon-with-text-shortcode.icon-text-id-82c9f14fe1327bb7f911ebc23e9fd404 .text-icon.dt-icon-border-on:before {\n  border-style: double;\n}\n.icon-with-text-shortcode.icon-text-id-82c9f14fe1327bb7f911ebc23e9fd404 .text-icon.dt-icon-border-dashed.dt-icon-border-on:before {\n  border-style: dashed;\n}\n.icon-with-text-shortcode.icon-text-id-82c9f14fe1327bb7f911ebc23e9fd404 .text-icon.dt-icon-border-dotted.dt-icon-border-on:before {\n  border-style: dotted;\n}\n.icon-with-text-shortcode.icon-text-id-82c9f14fe1327bb7f911ebc23e9fd404 .text-icon.dt-icon-border-double.dt-icon-border-on:before {\n  border-style: double;\n}\n.icon-with-text-shortcode.icon-text-id-82c9f14fe1327bb7f911ebc23e9fd404 .text-icon.dt-icon-hover-border-on:after {\n  border-width: 2px;\n  border-style: solid;\n}\n.icon-with-text-shortcode.icon-text-id-82c9f14fe1327bb7f911ebc23e9fd404 .text-icon.dt-icon-border-dashed.dt-icon-hover-border-on:after {\n  border-style: dashed;\n}\n.icon-with-text-shortcode.icon-text-id-82c9f14fe1327bb7f911ebc23e9fd404 .text-icon.dt-icon-border-dotted.dt-icon-hover-border-on:after {\n  border-style: dotted;\n}\n.icon-with-text-shortcode.icon-text-id-82c9f14fe1327bb7f911ebc23e9fd404 .text-icon.dt-icon-border-double.dt-icon-hover-border-on:after {\n  border-style: double;\n}\n.icon-with-text-shortcode.icon-text-id-82c9f14fe1327bb7f911ebc23e9fd404 .text-icon.dt-icon-hover-on:hover {\n  font-size: 32px;\n}\n#page .icon-with-text-shortcode.icon-text-id-82c9f14fe1327bb7f911ebc23e9fd404 .text-icon.dt-icon-hover-on:hover .soc-font-icon,\n#phantom .icon-with-text-shortcode.icon-text-id-82c9f14fe1327bb7f911ebc23e9fd404 .text-icon.dt-icon-hover-on:hover .soc-font-icon,\n#page .icon-with-text-shortcode.icon-text-id-82c9f14fe1327bb7f911ebc23e9fd404 .text-icon.dt-icon-hover-on:hover .soc-icon,\n#phantom .icon-with-text-shortcode.icon-text-id-82c9f14fe1327bb7f911ebc23e9fd404 .text-icon.dt-icon-hover-on:hover .soc-icon {\n  color: #fff;\n  background: none;\n}\n#page .icon-with-text-shortcode.icon-text-id-82c9f14fe1327bb7f911ebc23e9fd404 .text-icon.dt-icon-hover-on:not(:hover) .soc-font-icon,\n#phantom .icon-with-text-shortcode.icon-text-id-82c9f14fe1327bb7f911ebc23e9fd404 .text-icon.dt-icon-hover-on:not(:hover) .soc-font-icon,\n#page .icon-with-text-shortcode.icon-text-id-82c9f14fe1327bb7f911ebc23e9fd404 .text-icon.dt-icon-hover-on:not(:hover) .soc-icon,\n#phantom .icon-with-text-shortcode.icon-text-id-82c9f14fe1327bb7f911ebc23e9fd404 .text-icon.dt-icon-hover-on:not(:hover) .soc-icon,\n#page .icon-with-text-shortcode.icon-text-id-82c9f14fe1327bb7f911ebc23e9fd404 .text-icon.dt-icon-hover-off .soc-font-icon,\n#phantom .icon-with-text-shortcode.icon-text-id-82c9f14fe1327bb7f911ebc23e9fd404 .text-icon.dt-icon-hover-off .soc-font-icon,\n#page .icon-with-text-shortcode.icon-text-id-82c9f14fe1327bb7f911ebc23e9fd404 .text-icon.dt-icon-hover-off .soc-icon,\n#phantom .icon-with-text-shortcode.icon-text-id-82c9f14fe1327bb7f911ebc23e9fd404 .text-icon.dt-icon-hover-off .soc-icon {\n  color: #fff;\n  background: none;\n}\n.icon-with-text-shortcode.icon-text-id-82c9f14fe1327bb7f911ebc23e9fd404.layout-1 {\n  grid-template-columns: 60px minmax(0,1fr);\n  grid-column-gap: 0px;\n}\n.icon-with-text-shortcode.icon-text-id-82c9f14fe1327bb7f911ebc23e9fd404.layout-2 {\n  grid-template-columns: minmax(0,1fr) 60px;\n  grid-column-gap: 0px;\n}\n.icon-with-text-shortcode.icon-text-id-82c9f14fe1327bb7f911ebc23e9fd404.layout-2 .text-icon {\n  margin-left: 0;\n}\n.icon-with-text-shortcode.icon-text-id-82c9f14fe1327bb7f911ebc23e9fd404.layout-3 {\n  grid-template-columns: 60px minmax(0,1fr);\n}\n.icon-with-text-shortcode.icon-text-id-82c9f14fe1327bb7f911ebc23e9fd404.layout-3 .dt-text-title {\n  margin-left: 0px;\n}\n.icon-with-text-shortcode.icon-text-id-82c9f14fe1327bb7f911ebc23e9fd404 .dt-text-title {\n  margin-bottom: 10px;\n}\n.icon-with-text-shortcode.icon-text-id-82c9f14fe1327bb7f911ebc23e9fd404 .dt-text-desc {\n  margin-bottom: 0px;\n}\n<\/style><div class=\"icon-with-text-shortcode  icon-text-id-82c9f14fe1327bb7f911ebc23e9fd404 layout-2  vc_custom_1587232388122 \" ><h3 class=\"dt-text-title\"  >Projektanfrage<\/h3><div class=\"dt-text-desc\">Sollten wir im Bereich Dach &amp;amp; Wand Ihr Interesse geweckt haben, wenden Sie sich bitte an:<\/div><\/div>[\/vc_column][vc_column offset=&#8220;vc_col-lg-4&#8243;]<style type=\"text\/css\" data-type=\"the7_shortcodes-inline-css\">#default-btn-027576ea2ce1d655fb055ef1bb9418ed.ico-right-side > i {\n  margin-right: 0px;\n  margin-left: 8px;\n}\n#default-btn-027576ea2ce1d655fb055ef1bb9418ed > i {\n  margin-right: 8px;\n}\n<\/style><div class=\"btn-align-center\"><a href=\"mailto:sales@assmont.com\" class=\"default-btn-shortcode dt-btn dt-btn-l link-hover-off full-width-btn  vc_custom_1587132202458\" id=\"default-btn-027576ea2ce1d655fb055ef1bb9418ed\"><span>sales@assmont.com<\/span><\/a><\/div> <style type=\"text\/css\" data-type=\"the7_shortcodes-inline-css\">#default-btn-47c9dec2fbf8ac867833a5c032d1ebf4.ico-right-side > i {\n  margin-right: 0px;\n  margin-left: 8px;\n}\n#default-btn-47c9dec2fbf8ac867833a5c032d1ebf4 > i {\n  margin-right: 8px;\n}\n<\/style><div class=\"btn-align-center\"><a href=\"tel:00434215261000\" class=\"default-btn-shortcode dt-btn dt-btn-l link-hover-off full-width-btn \" id=\"default-btn-47c9dec2fbf8ac867833a5c032d1ebf4\"><span>+43 (0) 4215 \/ 26 100 \u2013 0<\/span><\/a><\/div>[\/vc_column][\/vc_row]<\/p>\n<\/div>","protected":false},"excerpt":{"rendered":"<p>[vc_row gap=&#8220;10&#8243;][vc_column offset=&#8220;vc_col-lg-8&#8243;][vc_column_text] V\u00fdvoj projektu a realizace na nejvy\u0161\u0161\u00ed \u00farovni Na\u0161i specialist\u00e9 z oboru in\u017een\u00fdrstv\u00ed a tak\u00e9 profesion\u00e1lov\u00e9 p\u0159es mont\u00e1\u017e jsou z\u00e1rukou kvality a ekonomick\u00e9 realizace Va\u0161\u00ed stavby. Projekty jakou jsou komer\u010dn\u00ed s\u00e1ly a pr\u016fmyslov\u00e9 haly, pr\u016fmyslov\u00e1 za\u0159\u00edzen\u00ed a rovn\u011b\u017e architektonick\u00e9 stavby jsou \u0159\u00edzeny z hlediska \u010dasu a zdroj\u016f. Pro konstrukce st\u0159ech a vn\u011bj\u0161\u00edch st\u011bn&hellip;<\/p>\n","protected":false},"author":1,"featured_media":0,"parent":0,"menu_order":0,"comment_status":"closed","ping_status":"closed","template":"","meta":{"footnotes":""},"class_list":["post-34660","page","type-page","status-publish","hentry","description-off"],"yoast_head":"<!-- This site is optimized with the Yoast SEO plugin v26.0 - https:\/\/yoast.com\/wordpress\/plugins\/seo\/ -->\n<title>St\u0159echa a st\u011bny - assmont | steel experience worldwide<\/title>\n<meta name=\"robots\" content=\"index, follow, max-snippet:-1, max-image-preview:large, max-video-preview:-1\" \/>\n<link rel=\"canonical\" href=\"https:\/\/www.assmont.com\/cs\/strecha-a-steny\/\" \/>\n<meta property=\"og:locale\" content=\"cs_CZ\" \/>\n<meta property=\"og:type\" content=\"article\" \/>\n<meta property=\"og:title\" content=\"St\u0159echa a st\u011bny - assmont | steel experience worldwide\" \/>\n<meta property=\"og:description\" content=\"[vc_row gap=&#8220;10&#8243;][vc_column offset=&#8220;vc_col-lg-8&#8243;][vc_column_text] V\u00fdvoj projektu a realizace na nejvy\u0161\u0161\u00ed \u00farovni Na\u0161i specialist\u00e9 z oboru in\u017een\u00fdrstv\u00ed a tak\u00e9 profesion\u00e1lov\u00e9 p\u0159es mont\u00e1\u017e jsou z\u00e1rukou kvality a ekonomick\u00e9 realizace Va\u0161\u00ed stavby. Projekty jakou jsou komer\u010dn\u00ed s\u00e1ly a pr\u016fmyslov\u00e9 haly, pr\u016fmyslov\u00e1 za\u0159\u00edzen\u00ed a rovn\u011b\u017e architektonick\u00e9 stavby jsou \u0159\u00edzeny z hlediska \u010dasu a zdroj\u016f. Pro konstrukce st\u0159ech a vn\u011bj\u0161\u00edch st\u011bn&hellip;\" \/>\n<meta property=\"og:url\" content=\"https:\/\/www.assmont.com\/cs\/strecha-a-steny\/\" \/>\n<meta property=\"og:site_name\" content=\"assmont | steel experience worldwide\" \/>\n<meta property=\"article:publisher\" content=\"https:\/\/www.facebook.com\/assmont\/\" \/>\n<meta property=\"article:modified_time\" content=\"2020-05-07T06:32:04+00:00\" \/>\n<meta property=\"og:image\" content=\"https:\/\/www.assmont.com\/wp-content\/uploads\/2020\/04\/poster-image-video.jpg\" \/>\n\t<meta property=\"og:image:width\" content=\"1920\" \/>\n\t<meta property=\"og:image:height\" content=\"1080\" \/>\n\t<meta property=\"og:image:type\" content=\"image\/jpeg\" \/>\n<meta name=\"twitter:card\" content=\"summary_large_image\" \/>\n<meta name=\"twitter:label1\" content=\"Odhadovan\u00e1 doba \u010dten\u00ed\" \/>\n\t<meta name=\"twitter:data1\" content=\"3 minuty\" \/>\n<script type=\"application\/ld+json\" class=\"yoast-schema-graph\">{\"@context\":\"https:\/\/schema.org\",\"@graph\":[{\"@type\":\"WebPage\",\"@id\":\"https:\/\/www.assmont.com\/cs\/strecha-a-steny\/\",\"url\":\"https:\/\/www.assmont.com\/cs\/strecha-a-steny\/\",\"name\":\"St\u0159echa a st\u011bny - assmont | steel experience worldwide\",\"isPartOf\":{\"@id\":\"https:\/\/www.assmont.com\/cs\/#website\"},\"datePublished\":\"2020-05-06T10:22:16+00:00\",\"dateModified\":\"2020-05-07T06:32:04+00:00\",\"breadcrumb\":{\"@id\":\"https:\/\/www.assmont.com\/cs\/strecha-a-steny\/#breadcrumb\"},\"inLanguage\":\"cs\",\"potentialAction\":[{\"@type\":\"ReadAction\",\"target\":[\"https:\/\/www.assmont.com\/cs\/strecha-a-steny\/\"]}]},{\"@type\":\"BreadcrumbList\",\"@id\":\"https:\/\/www.assmont.com\/cs\/strecha-a-steny\/#breadcrumb\",\"itemListElement\":[{\"@type\":\"ListItem\",\"position\":1,\"name\":\"Startseite\",\"item\":\"https:\/\/www.assmont.com\/cs\/\"},{\"@type\":\"ListItem\",\"position\":2,\"name\":\"St\u0159echa a st\u011bny\"}]},{\"@type\":\"WebSite\",\"@id\":\"https:\/\/www.assmont.com\/cs\/#website\",\"url\":\"https:\/\/www.assmont.com\/cs\/\",\"name\":\"assmont | steel experience worldwide\",\"description\":\"ASSMONT \u2013 MIT SICHERHEIT EINZIGARTIG. WELTWEIT\",\"potentialAction\":[{\"@type\":\"SearchAction\",\"target\":{\"@type\":\"EntryPoint\",\"urlTemplate\":\"https:\/\/www.assmont.com\/cs\/?s={search_term_string}\"},\"query-input\":{\"@type\":\"PropertyValueSpecification\",\"valueRequired\":true,\"valueName\":\"search_term_string\"}}],\"inLanguage\":\"cs\"}]}<\/script>\n<!-- \/ Yoast SEO plugin. -->","yoast_head_json":{"title":"St\u0159echa a st\u011bny - assmont | steel experience worldwide","robots":{"index":"index","follow":"follow","max-snippet":"max-snippet:-1","max-image-preview":"max-image-preview:large","max-video-preview":"max-video-preview:-1"},"canonical":"https:\/\/www.assmont.com\/cs\/strecha-a-steny\/","og_locale":"cs_CZ","og_type":"article","og_title":"St\u0159echa a st\u011bny - assmont | steel experience worldwide","og_description":"[vc_row gap=&#8220;10&#8243;][vc_column offset=&#8220;vc_col-lg-8&#8243;][vc_column_text] V\u00fdvoj projektu a realizace na nejvy\u0161\u0161\u00ed \u00farovni Na\u0161i specialist\u00e9 z oboru in\u017een\u00fdrstv\u00ed a tak\u00e9 profesion\u00e1lov\u00e9 p\u0159es mont\u00e1\u017e jsou z\u00e1rukou kvality a ekonomick\u00e9 realizace Va\u0161\u00ed stavby. Projekty jakou jsou komer\u010dn\u00ed s\u00e1ly a pr\u016fmyslov\u00e9 haly, pr\u016fmyslov\u00e1 za\u0159\u00edzen\u00ed a rovn\u011b\u017e architektonick\u00e9 stavby jsou \u0159\u00edzeny z hlediska \u010dasu a zdroj\u016f. Pro konstrukce st\u0159ech a vn\u011bj\u0161\u00edch st\u011bn&hellip;","og_url":"https:\/\/www.assmont.com\/cs\/strecha-a-steny\/","og_site_name":"assmont | steel experience worldwide","article_publisher":"https:\/\/www.facebook.com\/assmont\/","article_modified_time":"2020-05-07T06:32:04+00:00","og_image":[{"width":1920,"height":1080,"url":"https:\/\/www.assmont.com\/wp-content\/uploads\/2020\/04\/poster-image-video.jpg","type":"image\/jpeg"}],"twitter_card":"summary_large_image","twitter_misc":{"Odhadovan\u00e1 doba \u010dten\u00ed":"3 minuty"},"schema":{"@context":"https:\/\/schema.org","@graph":[{"@type":"WebPage","@id":"https:\/\/www.assmont.com\/cs\/strecha-a-steny\/","url":"https:\/\/www.assmont.com\/cs\/strecha-a-steny\/","name":"St\u0159echa a st\u011bny - assmont | steel experience worldwide","isPartOf":{"@id":"https:\/\/www.assmont.com\/cs\/#website"},"datePublished":"2020-05-06T10:22:16+00:00","dateModified":"2020-05-07T06:32:04+00:00","breadcrumb":{"@id":"https:\/\/www.assmont.com\/cs\/strecha-a-steny\/#breadcrumb"},"inLanguage":"cs","potentialAction":[{"@type":"ReadAction","target":["https:\/\/www.assmont.com\/cs\/strecha-a-steny\/"]}]},{"@type":"BreadcrumbList","@id":"https:\/\/www.assmont.com\/cs\/strecha-a-steny\/#breadcrumb","itemListElement":[{"@type":"ListItem","position":1,"name":"Startseite","item":"https:\/\/www.assmont.com\/cs\/"},{"@type":"ListItem","position":2,"name":"St\u0159echa a st\u011bny"}]},{"@type":"WebSite","@id":"https:\/\/www.assmont.com\/cs\/#website","url":"https:\/\/www.assmont.com\/cs\/","name":"assmont | steel experience worldwide","description":"ASSMONT \u2013 MIT SICHERHEIT EINZIGARTIG. WELTWEIT","potentialAction":[{"@type":"SearchAction","target":{"@type":"EntryPoint","urlTemplate":"https:\/\/www.assmont.com\/cs\/?s={search_term_string}"},"query-input":{"@type":"PropertyValueSpecification","valueRequired":true,"valueName":"search_term_string"}}],"inLanguage":"cs"}]}},"_links":{"self":[{"href":"https:\/\/www.assmont.com\/cs\/wp-json\/wp\/v2\/pages\/34660","targetHints":{"allow":["GET"]}}],"collection":[{"href":"https:\/\/www.assmont.com\/cs\/wp-json\/wp\/v2\/pages"}],"about":[{"href":"https:\/\/www.assmont.com\/cs\/wp-json\/wp\/v2\/types\/page"}],"author":[{"embeddable":true,"href":"https:\/\/www.assmont.com\/cs\/wp-json\/wp\/v2\/users\/1"}],"replies":[{"embeddable":true,"href":"https:\/\/www.assmont.com\/cs\/wp-json\/wp\/v2\/comments?post=34660"}],"version-history":[{"count":2,"href":"https:\/\/www.assmont.com\/cs\/wp-json\/wp\/v2\/pages\/34660\/revisions"}],"predecessor-version":[{"id":34676,"href":"https:\/\/www.assmont.com\/cs\/wp-json\/wp\/v2\/pages\/34660\/revisions\/34676"}],"wp:attachment":[{"href":"https:\/\/www.assmont.com\/cs\/wp-json\/wp\/v2\/media?parent=34660"}],"curies":[{"name":"wp","href":"https:\/\/api.w.org\/{rel}","templated":true}]}}