{"id":34602,"date":"2020-05-06T07:44:15","date_gmt":"2020-05-06T05:44:15","guid":{"rendered":"https:\/\/www.assmont.com\/impresum\/"},"modified":"2024-07-22T10:17:32","modified_gmt":"2024-07-22T08:17:32","slug":"impresum","status":"publish","type":"page","link":"https:\/\/www.assmont.com\/cs\/impresum\/","title":{"rendered":"Impresum"},"content":{"rendered":"<div class=\"wpb-content-wrapper\"><p>[vc_row][vc_column][vc_column_text css=&#8220;&#8220;]<\/p>\n<h2>Za obsah t\u011bchto internetov\u00fdch str\u00e1nek odpov\u00edd\u00e1: ASSMONT GmbH:<\/h2>\n<p><strong>ASSMONT GmbH<br \/>\n<\/strong>Jednatel\u00e9: Hubert Greiner<\/p>\n<p>Ossiacher Bundesstra\u00dfe 3<br \/>\nA 9556 Liebenfels<\/p>\n<p>T: +43 (0) 4215 \/ 26 100 \u2013 0<br \/>\nF: +43 (0) 4215 \/ 26 100 \u2013 299<br \/>\nE:\u00a0<a href=\"mailto:sales@assmont.com\">sales@assmont.com<br \/>\n<\/a>E:\u00a0<a href=\"mailto:office@assmont.com\">office@assmont.com<\/a><\/p>\n<p>\u010c\u00edslo z\u00e1pisu spole\u010dnosti: FN211003z<br \/>\nObchodn\u00ed rejst\u0159\u00edk: Zemsk\u00fd soud Klagenfurt<br \/>\nDa\u0148ov\u00e9 identifika\u010dn\u00ed \u010d\u00edslo: ATU52041909<\/p>\n<p>Kontakt pro m\u00e9dia: <a href=\"mailto:christina.pulm@assmont.com\">christina.pulm@assmont.com<\/a><\/p>\n<p>Fotografie: Vlastnictv\u00ed: ASSMONTGmbH nebo assmont.steel. Archiv ASSMONT; Portr\u00e9ty a sn\u00edmky budov: Foto Horst; EM-Stadion: Gert Steinthaler<\/p>\n<p><u>Autorsk\u00e1 pr\u00e1va a ochrann\u00e1 zn\u00e1mka<\/u><\/p>\n<p>Autor se sna\u017e\u00ed u ka\u017ed\u00e9ho publikov\u00e1n\u00ed dodr\u017eovat autorsk\u00e1 pr\u00e1va k pou\u017eit\u00fdm obr\u00e1zk\u016fm, grafice, zvukov\u00fdm dokument\u016fm, videoz\u00e1znam\u016fm a text\u016fm, pou\u017e\u00edvat vlastn\u00ed obr\u00e1zky, grafiku, zvukov\u00e9 dokumenty, videoz\u00e1znamy a texty nebo grafiku, zvukov\u00e9 dokumenty, videoz\u00e1znamy a texty, na kter\u00e9 se nevztahuje licence. V\u0161e, co je uvedeno na internetov\u00fdch str\u00e1nk\u00e1ch a p\u0159\u00edpadn\u011b zna\u010dky a ochrann\u00e9 zn\u00e1mky vlastn\u011bn\u00e9 t\u0159et\u00edmi stranami podl\u00e9haj\u00ed bez omezen\u00ed ustanoven\u00edm p\u0159\u00edslu\u0161n\u00e9ho z\u00e1kona o ochrann\u00fdch zn\u00e1mk\u00e1ch a vlastnick\u00fdm pr\u00e1v\u016fm p\u0159\u00edslu\u0161n\u00e9ho registrovan\u00e9ho vlastn\u00edka. I jen pouh\u00e1 zm\u00ednka neznamen\u00e1, \u017ee zna\u010dky nejsou chr\u00e1n\u011bny pr\u00e1vy t\u0159et\u00edch stran.<\/p>\n<p>Autorsk\u00e1 pr\u00e1va k uve\u0159ejn\u011bn\u00fdm objekt\u016fm, vytvo\u0159en\u00fdm samotn\u00fdm autorem, z\u016fst\u00e1vaj\u00ed u autora str\u00e1nek. Kop\u00edrov\u00e1n\u00ed nebo pou\u017e\u00edv\u00e1n\u00ed takov\u00e9 grafiky, zvukov\u00fdch dokument\u016f, videoz\u00e1znam\u016f a text\u016f v jin\u00fdch elektronick\u00fdch nebo ti\u0161t\u011bn\u00fdch publikac\u00edch nen\u00ed bez v\u00fdslovn\u00e9ho souhlasu autora povoleno.<\/p>\n<p><u>Pr\u00e1vn\u00ed platnost tohoto vylou\u010den\u00ed odpov\u011bdnosti<\/u><\/p>\n<p>Toto vylou\u010den\u00ed odpov\u011bdnosti je t\u0159eba pova\u017eovat za sou\u010d\u00e1st internetov\u00e9 str\u00e1nky, ze kter\u00e9 jste byli na tuto str\u00e1nku odk\u00e1z\u00e1ni. Pokud by \u010d\u00e1sti nebo jednotliv\u00e9 formulace tohoto textu ji\u017e nem\u011bly nebo ji\u017e zcela neodpov\u00eddaly platn\u00e9 pr\u00e1vn\u00ed situaci, z\u016fst\u00e1v\u00e1 t\u00edm obsah a platnost zb\u00fdvaj\u00edc\u00edch \u010d\u00e1st\u00ed dokumentu nedot\u010den.<\/p>\n<p>Ze stylistick\u00fdch d\u016fvod\u016f a kv\u016fli snadn\u011bj\u0161\u00ed \u010ditelnosti byla p\u0159i popisu lid\u00ed pou\u017eita mu\u017esk\u00e1 forma &#8211; v\u017edy to v\u0161ak znamen\u00e1 mu\u017ei a \u017eeny.<\/p>\n<p><strong>Odvol\u00e1n\u00ed<br \/>\n<\/strong><br \/>\n<strong>Odpov\u011bdnost za odkazy<\/strong><\/p>\n<p>Na\u0161e internetov\u00e1 str\u00e1nka obsahuje odkazy na jin\u00e9 internetov\u00e9 str\u00e1nky. Nep\u0159eb\u00edr\u00e1me \u017e\u00e1dnou zodpov\u011bdnost za obsah takov\u00fdchto str\u00e1nek.[\/vc_column_text][\/vc_column][\/vc_row]<\/p>\n<\/div>","protected":false},"excerpt":{"rendered":"<p>[vc_row][vc_column][vc_column_text css=&#8220;&#8220;] Za obsah t\u011bchto internetov\u00fdch str\u00e1nek odpov\u00edd\u00e1: ASSMONT GmbH: ASSMONT GmbH Jednatel\u00e9: Hubert Greiner Ossiacher Bundesstra\u00dfe 3 A 9556 Liebenfels T: +43 (0) 4215 \/ 26 100 \u2013 0 F: +43 (0) 4215 \/ 26 100 \u2013 299 E:\u00a0sales@assmont.com E:\u00a0office@assmont.com \u010c\u00edslo z\u00e1pisu spole\u010dnosti: FN211003z Obchodn\u00ed rejst\u0159\u00edk: Zemsk\u00fd soud Klagenfurt Da\u0148ov\u00e9 identifika\u010dn\u00ed \u010d\u00edslo: ATU52041909 Kontakt&hellip;<\/p>\n","protected":false},"author":1,"featured_media":0,"parent":0,"menu_order":0,"comment_status":"closed","ping_status":"closed","template":"","meta":{"footnotes":""},"class_list":["post-34602","page","type-page","status-publish","hentry","description-off"],"yoast_head":"<!-- This site is optimized with the Yoast SEO plugin v26.0 - https:\/\/yoast.com\/wordpress\/plugins\/seo\/ -->\n<title>Impresum - assmont | steel experience worldwide<\/title>\n<meta name=\"description\" content=\"Za obsah t\u011bchto internetov\u00fdch str\u00e1nek odpov\u00edd\u00e1: ASSMONT GmbH\" \/>\n<meta name=\"robots\" content=\"index, follow, max-snippet:-1, max-image-preview:large, max-video-preview:-1\" \/>\n<link rel=\"canonical\" href=\"https:\/\/www.assmont.com\/cs\/impresum\/\" \/>\n<meta property=\"og:locale\" content=\"cs_CZ\" \/>\n<meta property=\"og:type\" content=\"article\" \/>\n<meta property=\"og:title\" content=\"Impresum - assmont | steel experience worldwide\" \/>\n<meta property=\"og:description\" content=\"Za obsah t\u011bchto internetov\u00fdch str\u00e1nek odpov\u00edd\u00e1: ASSMONT GmbH\" \/>\n<meta property=\"og:url\" content=\"https:\/\/www.assmont.com\/cs\/impresum\/\" \/>\n<meta property=\"og:site_name\" content=\"assmont | steel experience worldwide\" \/>\n<meta property=\"article:publisher\" content=\"https:\/\/www.facebook.com\/assmont\/\" \/>\n<meta property=\"article:modified_time\" content=\"2024-07-22T08:17:32+00:00\" \/>\n<meta property=\"og:image\" content=\"https:\/\/www.assmont.com\/wp-content\/uploads\/2020\/04\/poster-image-video.jpg\" \/>\n\t<meta property=\"og:image:width\" content=\"1920\" \/>\n\t<meta property=\"og:image:height\" content=\"1080\" \/>\n\t<meta property=\"og:image:type\" content=\"image\/jpeg\" \/>\n<meta name=\"twitter:card\" content=\"summary_large_image\" \/>\n<meta name=\"twitter:label1\" content=\"Odhadovan\u00e1 doba \u010dten\u00ed\" \/>\n\t<meta name=\"twitter:data1\" content=\"2 minuty\" \/>\n<script type=\"application\/ld+json\" class=\"yoast-schema-graph\">{\"@context\":\"https:\/\/schema.org\",\"@graph\":[{\"@type\":\"WebPage\",\"@id\":\"https:\/\/www.assmont.com\/cs\/impresum\/\",\"url\":\"https:\/\/www.assmont.com\/cs\/impresum\/\",\"name\":\"Impresum - assmont | steel experience worldwide\",\"isPartOf\":{\"@id\":\"https:\/\/www.assmont.com\/cs\/#website\"},\"datePublished\":\"2020-05-06T05:44:15+00:00\",\"dateModified\":\"2024-07-22T08:17:32+00:00\",\"description\":\"Za obsah t\u011bchto internetov\u00fdch str\u00e1nek odpov\u00edd\u00e1: ASSMONT GmbH\",\"breadcrumb\":{\"@id\":\"https:\/\/www.assmont.com\/cs\/impresum\/#breadcrumb\"},\"inLanguage\":\"cs\",\"potentialAction\":[{\"@type\":\"ReadAction\",\"target\":[\"https:\/\/www.assmont.com\/cs\/impresum\/\"]}]},{\"@type\":\"BreadcrumbList\",\"@id\":\"https:\/\/www.assmont.com\/cs\/impresum\/#breadcrumb\",\"itemListElement\":[{\"@type\":\"ListItem\",\"position\":1,\"name\":\"Startseite\",\"item\":\"https:\/\/www.assmont.com\/cs\/\"},{\"@type\":\"ListItem\",\"position\":2,\"name\":\"Impresum\"}]},{\"@type\":\"WebSite\",\"@id\":\"https:\/\/www.assmont.com\/cs\/#website\",\"url\":\"https:\/\/www.assmont.com\/cs\/\",\"name\":\"assmont | steel experience worldwide\",\"description\":\"ASSMONT \u2013 MIT SICHERHEIT EINZIGARTIG. WELTWEIT\",\"potentialAction\":[{\"@type\":\"SearchAction\",\"target\":{\"@type\":\"EntryPoint\",\"urlTemplate\":\"https:\/\/www.assmont.com\/cs\/?s={search_term_string}\"},\"query-input\":{\"@type\":\"PropertyValueSpecification\",\"valueRequired\":true,\"valueName\":\"search_term_string\"}}],\"inLanguage\":\"cs\"}]}<\/script>\n<!-- \/ Yoast SEO plugin. -->","yoast_head_json":{"title":"Impresum - assmont | steel experience worldwide","description":"Za obsah t\u011bchto internetov\u00fdch str\u00e1nek odpov\u00edd\u00e1: ASSMONT GmbH","robots":{"index":"index","follow":"follow","max-snippet":"max-snippet:-1","max-image-preview":"max-image-preview:large","max-video-preview":"max-video-preview:-1"},"canonical":"https:\/\/www.assmont.com\/cs\/impresum\/","og_locale":"cs_CZ","og_type":"article","og_title":"Impresum - assmont | steel experience worldwide","og_description":"Za obsah t\u011bchto internetov\u00fdch str\u00e1nek odpov\u00edd\u00e1: ASSMONT GmbH","og_url":"https:\/\/www.assmont.com\/cs\/impresum\/","og_site_name":"assmont | steel experience worldwide","article_publisher":"https:\/\/www.facebook.com\/assmont\/","article_modified_time":"2024-07-22T08:17:32+00:00","og_image":[{"width":1920,"height":1080,"url":"https:\/\/www.assmont.com\/wp-content\/uploads\/2020\/04\/poster-image-video.jpg","type":"image\/jpeg"}],"twitter_card":"summary_large_image","twitter_misc":{"Odhadovan\u00e1 doba \u010dten\u00ed":"2 minuty"},"schema":{"@context":"https:\/\/schema.org","@graph":[{"@type":"WebPage","@id":"https:\/\/www.assmont.com\/cs\/impresum\/","url":"https:\/\/www.assmont.com\/cs\/impresum\/","name":"Impresum - assmont | steel experience worldwide","isPartOf":{"@id":"https:\/\/www.assmont.com\/cs\/#website"},"datePublished":"2020-05-06T05:44:15+00:00","dateModified":"2024-07-22T08:17:32+00:00","description":"Za obsah t\u011bchto internetov\u00fdch str\u00e1nek odpov\u00edd\u00e1: ASSMONT GmbH","breadcrumb":{"@id":"https:\/\/www.assmont.com\/cs\/impresum\/#breadcrumb"},"inLanguage":"cs","potentialAction":[{"@type":"ReadAction","target":["https:\/\/www.assmont.com\/cs\/impresum\/"]}]},{"@type":"BreadcrumbList","@id":"https:\/\/www.assmont.com\/cs\/impresum\/#breadcrumb","itemListElement":[{"@type":"ListItem","position":1,"name":"Startseite","item":"https:\/\/www.assmont.com\/cs\/"},{"@type":"ListItem","position":2,"name":"Impresum"}]},{"@type":"WebSite","@id":"https:\/\/www.assmont.com\/cs\/#website","url":"https:\/\/www.assmont.com\/cs\/","name":"assmont | steel experience worldwide","description":"ASSMONT \u2013 MIT SICHERHEIT EINZIGARTIG. WELTWEIT","potentialAction":[{"@type":"SearchAction","target":{"@type":"EntryPoint","urlTemplate":"https:\/\/www.assmont.com\/cs\/?s={search_term_string}"},"query-input":{"@type":"PropertyValueSpecification","valueRequired":true,"valueName":"search_term_string"}}],"inLanguage":"cs"}]}},"_links":{"self":[{"href":"https:\/\/www.assmont.com\/cs\/wp-json\/wp\/v2\/pages\/34602","targetHints":{"allow":["GET"]}}],"collection":[{"href":"https:\/\/www.assmont.com\/cs\/wp-json\/wp\/v2\/pages"}],"about":[{"href":"https:\/\/www.assmont.com\/cs\/wp-json\/wp\/v2\/types\/page"}],"author":[{"embeddable":true,"href":"https:\/\/www.assmont.com\/cs\/wp-json\/wp\/v2\/users\/1"}],"replies":[{"embeddable":true,"href":"https:\/\/www.assmont.com\/cs\/wp-json\/wp\/v2\/comments?post=34602"}],"version-history":[{"count":6,"href":"https:\/\/www.assmont.com\/cs\/wp-json\/wp\/v2\/pages\/34602\/revisions"}],"predecessor-version":[{"id":38067,"href":"https:\/\/www.assmont.com\/cs\/wp-json\/wp\/v2\/pages\/34602\/revisions\/38067"}],"wp:attachment":[{"href":"https:\/\/www.assmont.com\/cs\/wp-json\/wp\/v2\/media?parent=34602"}],"curies":[{"name":"wp","href":"https:\/\/api.w.org\/{rel}","templated":true}]}}