{"id":34601,"date":"2020-05-06T07:44:15","date_gmt":"2020-05-06T05:44:15","guid":{"rendered":"https:\/\/www.assmont.com\/ochrana-udaju\/"},"modified":"2021-06-21T13:36:20","modified_gmt":"2021-06-21T11:36:20","slug":"ochrana-udaju","status":"publish","type":"page","link":"https:\/\/www.assmont.com\/cs\/ochrana-udaju\/","title":{"rendered":"Ochrana \u00fadaj\u016f"},"content":{"rendered":"<div class=\"wpb-content-wrapper\"><p>[vc_row][vc_column][vc_column_text]<\/p>\n<h2>Jsme r\u00e1di, \u017ee jste nav\u0161t\u00edvili na\u0161e internetov\u00e9 str\u00e1nky a d\u011bkujeme za V\u00e1\u0161 z\u00e1jem.<\/h2>\n<p>Spole\u010dnost ASSMONT GmbH, Ossiacher Bundesstra\u00dfe 3, A-9556 Liebenfels, (d\u00e1le jen \u201eASSMONT\u201c, \u201emy\u201c, \u201en\u00e1s\u201c), stejn\u011b jako cel\u00e1 skupina ASSMONT, p\u0159ikl\u00e1d\u00e1 ochran\u011b osobn\u00edch \u00fadaj\u016f vysokou d\u016fle\u017eitost. Ve\u0161ker\u00e9 zpracov\u00e1n\u00ed \u00fadaj\u016f se proto prov\u00e1d\u00ed v souladu s platn\u00fdmi pr\u00e1vn\u00edmi ustanoven\u00edmi o ochran\u011b, pr\u00e1voplatn\u00fdm zach\u00e1zen\u00edm a d\u016fv\u011brnost\u00ed osobn\u00edch \u00fadaj\u016f a jejich bezpe\u010dnosti. Dodr\u017eujeme zejm\u00e9na rakousk\u00fd z\u00e1kon o ochran\u011b osobn\u00edch \u00fadaj\u016f (\u201eDSG\u201c), z\u00e1kladn\u00ed na\u0159\u00edzen\u00ed EU o ochran\u011b osobn\u00edch \u00fadaj\u016f (\u201eDSGVO\u201c) a z\u00e1kon o telekomunikac\u00edch (\u201eTKG\u201c).<\/p>\n<p>&nbsp;<\/p>\n<p><strong>PROHL\u00c1\u0160EN\u00cd O OCHRAN\u011a OSOBN\u00cdCH \u00daDAJ\u016e<\/strong><\/p>\n<p>T\u011b\u0161\u00ed n\u00e1s, \u017ee jste nav\u0161t\u00edvili na\u0161i webovou str\u00e1nku a d\u011bkujeme v\u00e1m za v\u00e1\u0161 z\u00e1jem.<\/p>\n<p>Pro spole\u010dnost ASSMONT GmbH, Ossiacher Bundesstra\u00dfe 3, A-9556 Liebenfels, (\u201eASSMONT\u201c, \u201emy\u201c, \u201en\u00e1m\u201c) a celou skupinu ASSMONT je ochrana va\u0161ich osobn\u00edch \u00fadaj\u016f velmi d\u016fle\u017eit\u00e1. Ve\u0161ker\u00e9 zpracov\u00e1n\u00ed \u00fadaj\u016f se proto prov\u00e1d\u00ed v souladu s platn\u00fdmi pr\u00e1vn\u00edmi p\u0159edpisy o ochran\u011b, pr\u00e1vn\u00edm zach\u00e1zen\u00ed a d\u016fv\u011brnosti osobn\u00edch \u00fadaj\u016f a o bezpe\u010dnosti \u00fadaj\u016f. Zvl\u00e1\u0161tn\u00ed pozornost v\u011bnujeme Evropsk\u00e9mu na\u0159\u00edzen\u00ed o\u00a0ochran\u011b osobn\u00edch \u00fadaj\u016f (\u201eONOO\u00da\u201c), rakousk\u00e9mu z\u00e1konu o ochran\u011b osobn\u00edch \u00fadaj\u016f (\u201eDSG\u201c) a rakousk\u00e9mu telekomunika\u010dn\u00edmu z\u00e1konu (\u201eTKG\u201c). V\u0161e v aktu\u00e1ln\u011b platn\u00e9m zn\u011bn\u00ed<\/p>\n<p>V tomto Prohl\u00e1\u0161en\u00ed o ochran\u011b osobn\u00edch \u00fadaj\u016f v\u00e1s informujeme o zpracov\u00e1v\u00e1n\u00ed \u00fadaj\u016f v r\u00e1mci na\u0161\u00ed webov\u00e9 str\u00e1nky a o va\u0161ich p\u0159\u00edslu\u0161n\u00fdch pr\u00e1vech podle Evropsk\u00e9ho na\u0159\u00edzen\u00ed o\u00a0ochran\u011b osobn\u00edch \u00fadaj\u016f (\u201eONOO\u00da\u201c).<\/p>\n<p>&nbsp;<\/p>\n<ol>\n<li>Osobn\u00ed \u00fadaje<\/li>\n<\/ol>\n<p>Osobn\u00ed \u00fadaje jsou ve\u0161ker\u00e9 informace t\u00fdkaj\u00edc\u00ed se osob, jejich\u017e toto\u017enost je ur\u010dena nebo ur\u010diteln\u00e1 (nap\u0159. jm\u00e9no, adresa, datum narozen\u00ed\u2026).<\/p>\n<p>&nbsp;<\/p>\n<ol start=\"2\">\n<li>\u00da\u010delov\u011b v\u00e1zan\u00e9 zpracov\u00e1n\u00ed<\/li>\n<\/ol>\n<p>Osobn\u00ed \u00fadaje shroma\u017e\u010fujeme, zpracov\u00e1v\u00e1me a pou\u017e\u00edv\u00e1me pouze tehdy, pokud poskytnete souhlas pro sjednan\u00e9 \u00fa\u010dely, nebo pokud existuje jin\u00fd pr\u00e1vn\u00ed z\u00e1klad a v souladu s p\u0159\u00edslu\u0161n\u00fdmi z\u00e1konn\u00fdmi ustanoven\u00edmi. Shroma\u017e\u010fujeme pouze takov\u00e9 osobn\u00ed \u00fadaje, kter\u00e9 jsou nezbytn\u00e9 pro poskytov\u00e1n\u00ed na\u0161ich slu\u017eeb, servisu a slu\u017eeb u\u017eivatel\u016fm, nebo kter\u00e9 jste n\u00e1m poskytli dobrovoln\u011b.<\/p>\n<p>&nbsp;<\/p>\n<ol start=\"3\">\n<li>Jak\u00e9 \u00fadaje od n\u00e1v\u0161t\u011bvn\u00edk\u016f a u\u017eivatel\u016f na\u0161\u00ed webov\u00e9 str\u00e1nky shroma\u017e\u010fujeme?<\/li>\n<\/ol>\n<p>3.1 Nav\u00e1z\u00e1n\u00ed kontaktu<\/p>\n<p>Pokud n\u00e1s kontaktujete e-mailem, telefonicky nebo faxem, zpracov\u00e1v\u00e1me v\u00e1mi uveden\u00e9 osobn\u00ed \u00fadaje (jm\u00e9no, e-mail, telefonn\u00ed \u010d\u00edslo, faxov\u00e9 \u010d\u00edslo i v\u00e1\u0161 dotaz \u010di popt\u00e1vku nebo souvisej\u00edc\u00ed dokumenty) za \u00fa\u010delem zpracov\u00e1n\u00ed va\u0161eho dotazu \u010di popt\u00e1vky a pro p\u0159\u00edpad n\u00e1sledn\u00fdch ot\u00e1zek za \u00fa\u010delem pln\u011bn\u00ed (p\u0159ed)smluvn\u00edch z\u00e1vazk\u016f, respektive na z\u00e1klad\u011b opr\u00e1vn\u011bn\u00fdch z\u00e1jm\u016f.<\/p>\n<p>3.2 P\u0159\u00edstupov\u00e9 \u00fadaje<\/p>\n<p>Ka\u017ed\u00e1 n\u00e1v\u0161t\u011bva na\u0161\u00ed webov\u00e9 str\u00e1nky je automaticky protokolov\u00e1na webov\u00fdm serverem na\u0161eho poskytovatele do tzv. serverov\u00fdch log\u016f. Zaznamen\u00e1vaj\u00ed se n\u00e1sleduj\u00edc\u00ed \u00fadaje: IP adresa a lokalita p\u0159\u00edstupov\u00e9ho po\u010d\u00edta\u010de, adresa webov\u00e9 str\u00e1nky s odkazem \u2013 referrer (vstupn\u00ed a v\u00fdstupn\u00ed str\u00e1nka), k\u00f3d odezvy webov\u00e9ho serveru, vno\u0159en\u00e9 str\u00e1nky (kter\u00e9 jsou p\u0159\u00edstupn\u00e9 prost\u0159ednictv\u00edm p\u0159istupuj\u00edc\u00edho syst\u00e9mu na na\u0161\u00ed webov\u00e9 str\u00e1nce), datum, \u010das a doba p\u0159\u00edstupu a mno\u017estv\u00ed p\u0159enesen\u00fdch dat, typ prohl\u00ed\u017ee\u010de a za\u0159\u00edzen\u00ed, opera\u010dn\u00ed syst\u00e9m a dal\u0161\u00ed podobn\u00e9 informace, kter\u00e9 slou\u017e\u00ed k ochran\u011b p\u0159ed hrozbami pro na\u0161e syst\u00e9my informa\u010dn\u00edch technologi\u00ed. Slou\u017e\u00ed pro provoz, zabezpe\u010den\u00ed a optimalizaci webov\u00e9 str\u00e1nky (p\u0159ev\u00e1\u017en\u011b opr\u00e1vn\u011bn\u00fd z\u00e1jem).<\/p>\n<p>3.3 Soubory cookie<\/p>\n<p>Kv\u016fli zatraktivn\u011bn\u00ed n\u00e1v\u0161t\u011bvy webov\u00e9 str\u00e1nky a umo\u017en\u011bn\u00ed vyu\u017eit\u00ed konkr\u00e9tn\u00edch funkc\u00ed pou\u017e\u00edv\u00e1me po ud\u011blen\u00ed va\u0161eho souhlasu na r\u016fzn\u00fdch str\u00e1nk\u00e1ch tzv. soubory cookie. Jedn\u00e1 se o mal\u00e9 textov\u00e9 soubory, kter\u00e9 se ukl\u00e1daj\u00ed ve va\u0161em koncov\u00e9m za\u0159\u00edzen\u00ed. N\u011bkter\u00e9 z n\u00e1mi pou\u017e\u00edvan\u00fdch soubor\u016f cookie se po ukon\u010den\u00ed relace prohl\u00ed\u017ee\u010de, tedy po zav\u0159en\u00ed prohl\u00ed\u017ee\u010de, op\u011bt vyma\u017eou (tzv. soubory cookie relace). Jin\u00e9 soubory cookie ve va\u0161em koncov\u00e9m za\u0159\u00edzen\u00ed z\u016fstanou a umo\u017en\u00ed n\u00e1m nebo na\u0161im partnersk\u00fdm spole\u010dnostem (soubory cookie t\u0159et\u00edch stran) p\u0159i va\u0161\u00ed dal\u0161\u00ed n\u00e1v\u0161t\u011bv\u011b op\u011bt identifikovat v\u00e1\u0161 prohl\u00ed\u017ee\u010d (tzv. trval\u00e9 soubory cookie). Jsou-li soubory cookie nastaveny, shroma\u017e\u010fuj\u00ed a zpracov\u00e1vaj\u00ed v individu\u00e1ln\u00edm rozsahu specifick\u00e9 u\u017eivatelsk\u00e9 informace, jako jsou \u00fadaje o prohl\u00ed\u017ee\u010di a poloze, a tak\u00e9 hodnoty IP adres. Trval\u00e9 soubory cookie se automaticky sma\u017eou po ur\u010dit\u00e9 definovan\u00e9 dob\u011b, kter\u00e1 se podle jednotliv\u00fdch soubor\u016f cookie m\u016f\u017ee li\u0161it. Pokud jsou prost\u0159ednictv\u00edm n\u00e1mi implementovan\u00fdch soubor\u016f cookie zpracov\u00e1v\u00e1ny tak\u00e9 osobn\u00ed \u00fadaje, prob\u00edh\u00e1 jejich zpracov\u00e1n\u00ed v souladu s \u010dl. 6, odst. 1, p\u00edsmeno f ONOO\u00da s c\u00edlem zachovat opr\u00e1vn\u011bn\u00fd z\u00e1jem o co nejlep\u0161\u00ed funk\u010dnost webov\u00e9 str\u00e1nky a u\u017eivatelsky p\u0159\u00edv\u011btiv\u00fd a efektivn\u00ed pr\u016fb\u011bh n\u00e1v\u0161t\u011bvy str\u00e1nek.<\/p>\n<p>Upozor\u0148ujeme, \u017ee si m\u016f\u017eete nastavit prohl\u00ed\u017ee\u010d tak, abyste byli o vkl\u00e1d\u00e1n\u00ed soubor\u016f cookie informov\u00e1ni a mohli jste tak o jejich p\u0159ijet\u00ed jednotliv\u011b rozhodnout, nebo p\u0159ijet\u00ed soubor\u016f cookie v ur\u010dit\u00fdch p\u0159\u00edpadech \u010di obecn\u011b vylou\u010dit. Soubory cookie m\u016f\u017eete tak\u00e9 zablokovat nebo, pokud ji\u017e byly ve va\u0161em po\u010d\u00edta\u010di ulo\u017eeny, smazat. Zp\u016fsob nastaven\u00ed soubor\u016f cookie se v ka\u017ed\u00e9m prohl\u00ed\u017ee\u010di li\u0161\u00ed. Je pops\u00e1n v nab\u00eddce n\u00e1pov\u011bdy ka\u017ed\u00e9ho prohl\u00ed\u017ee\u010de, kter\u00e1 vysv\u011btluje, jak m\u016f\u017eete sv\u00e9 nastaven\u00ed soubor\u016f cookie zm\u011bnit.<\/p>\n<p>3.4 Google Maps<\/p>\n<p>Webovou mapovou slu\u017ebu Google Maps (API) spole\u010dnosti Google Inc., 1600 Amphitheatre Parkway, Mountain View, CA 94043, USA (\u201eGoogle\u201c) vyu\u017e\u00edv\u00e1me pro zobrazen\u00ed interaktivn\u00edch map a pro vizu\u00e1ln\u00ed zn\u00e1zorn\u011bn\u00ed zem\u011bpisn\u00fdch informac\u00ed. Pomoc\u00ed t\u00e9to slu\u017eby se zobrazuj\u00ed na\u0161e p\u016fsobi\u0161t\u011b, d\u00edky \u010demu\u017e je m\u016f\u017eete p\u0159\u00edpadn\u011b sn\u00e1ze nav\u0161t\u00edvit. Ji\u017e v okam\u017eiku vyvol\u00e1n\u00ed p\u0159\u00edslu\u0161n\u00fdch podstr\u00e1nek, do kter\u00fdch je integrov\u00e1na mapa od spole\u010dnosti Google, doch\u00e1z\u00ed k p\u0159enosu informac\u00ed o va\u0161em zp\u016fsobu vyu\u017eit\u00ed webov\u00e9 str\u00e1nky z\u00edskan\u00fdch soubory cookie na server spole\u010dnosti Google, kde jsou tak\u00e9 ulo\u017eeny. V d\u016fsledku pou\u017e\u00edv\u00e1n\u00ed slu\u017eby Google jsou shroma\u017e\u010fov\u00e1ny mimo jin\u00e9 n\u00e1sleduj\u00edc\u00ed informace: informace o za\u0159\u00edzen\u00ed, data protokol\u016f (mimo jin\u00e9 IP adresa), informace o lokalit\u011b, unik\u00e1tn\u00ed \u010d\u00edsla aplikac\u00ed, informace o m\u00edstn\u00edm \u00falo\u017ei\u0161ti, o souborech cookie a podobn\u00fdch technologi\u00edch. Pokud jste v okam\u017eiku pou\u017eit\u00ed p\u0159ihl\u00e1\u0161eni ke sv\u00e9mu \u00fa\u010dtu Google, m\u016f\u017ee spole\u010dnost Google p\u0159i\u0159adit n\u00e1v\u0161t\u011bvu na\u0161\u00ed webov\u00e9 str\u00e1nky p\u0159\u00edmo k va\u0161emu \u00fa\u010dtu. Pokud si jej\u00ed p\u0159i\u0159azen\u00ed k va\u0161emu profilu Google nep\u0159ejete, mus\u00edte se p\u0159ed aktivac\u00ed tla\u010d\u00edtka odhl\u00e1sit. Pokud p\u0159i pou\u017e\u00edv\u00e1n\u00ed Google Maps nesouhlas\u00edte s budouc\u00edm p\u0159enosem dat spole\u010dnosti Google, existuje mo\u017enost webovou slu\u017ebu Google Maps zcela deaktivovat vypnut\u00edm aplikace JavaScript ve va\u0161em prohl\u00ed\u017ee\u010di. V takov\u00e9m p\u0159\u00edpad\u011b nelze Google Maps a tedy ani zobrazen\u00ed mapy na t\u00e9to internetov\u00e9 str\u00e1nce pou\u017e\u00edvat.<\/p>\n<p>3.5 \u017d\u00e1dosti o pozici<\/p>\n<p>Osobn\u00ed \u00fadaje uchaze\u010d\u016f, kter\u00e9 z\u00edsk\u00e1me po zasl\u00e1n\u00ed \u017e\u00e1dosti nebo v pr\u016fb\u011bhu pohovor\u016f, zpracov\u00e1v\u00e1me za \u00fa\u010delem vy\u0159\u00edzen\u00ed \u017e\u00e1dosti nebo v r\u00e1mci p\u0159\u00edpravy na pozd\u011bj\u0161\u00ed pracovn\u00ed pom\u011br. Obdr\u017een\u00e9 \u00fadaje mohou b\u00fdt ulo\u017eeny a ponech\u00e1ny v evidenci a\u017e 6 m\u011bs\u00edc\u016f (po vlo\u017een\u00ed). Nen\u00ed k tomu zapot\u0159eb\u00ed zvl\u00e1\u0161tn\u00ed smlouva s uchaze\u010dem.<\/p>\n<p>&nbsp;<\/p>\n<ol start=\"4\">\n<li>P\u0159\u00edjemce \u00fadaj\u016f<\/li>\n<\/ol>\n<p>Va\u0161e osobn\u00ed \u00fadaje nebudeme p\u0159ed\u00e1vat t\u0159et\u00edm stran\u00e1m, pokud to nen\u00ed nutn\u00e9 k dosa\u017een\u00ed zam\u00fd\u0161len\u00fdch c\u00edl\u016f nebo pr\u00e1vn\u011b z\u00e1vazn\u00e9. Abychom mohli v r\u00e1mci vztahu se z\u00e1kazn\u00edkem l\u00e9pe reagovat na va\u0161e p\u0159\u00e1n\u00ed, a d\u00e1le tak zlep\u0161ovat sv\u00e9 produkty a slu\u017eby, jsou va\u0161e osobn\u00ed \u00fadaje p\u0159ed\u00e1v\u00e1ny tak\u00e9 dal\u0161\u00edm spole\u010dnostem skupiny ASSMONT.<\/p>\n<p>V\u0161ichni n\u00e1mi pov\u011b\u0159en\u00ed poskytovatel\u00e9 slu\u017eeb (zejm\u00e9na, av\u0161ak nejen v oblasti IT a marketingu) zpracov\u00e1vaj\u00ed va\u0161e \u00fadaje pouze z na\u0161eho pov\u011b\u0159en\u00ed za v\u00fd\u0161e popsan\u00fdmi \u00fa\u010dely.<\/p>\n<p>&nbsp;<\/p>\n<ol start=\"5\">\n<li>Doba ulo\u017een\u00ed<\/li>\n<\/ol>\n<p>Va\u0161e osobn\u00ed \u00fadaje ukl\u00e1d\u00e1me pouze po dobu, kter\u00e1 je nezbytn\u00e1 pro spln\u011bn\u00ed v\u00fd\u0161e uveden\u00fdch c\u00edl\u016f a na\u0161ich smluvn\u00edch nebo z\u00e1konn\u00fdch povinnost\u00ed.<\/p>\n<p>&nbsp;<\/p>\n<ol start=\"6\">\n<li>Bezpe\u010dnost \u00fadaj\u016f<\/li>\n<\/ol>\n<p>Pe\u010dliv\u011b prov\u00e1d\u00edme technick\u00e1 a organiza\u010dn\u00ed bezpe\u010dnostn\u00ed opat\u0159en\u00ed na ochranu va\u0161ich osobn\u00edch \u00fadaj\u016f p\u0159ed ztr\u00e1tou, manipulac\u00ed a neopr\u00e1vn\u011bn\u00fdm p\u0159\u00edstupem. Na\u0161e bezpe\u010dnostn\u00ed opat\u0159en\u00ed jsou v\u00a0souladu s\u00a0technologick\u00fdm pokrokem pr\u016fb\u011b\u017en\u011b zdokonalov\u00e1na.<\/p>\n<p>&nbsp;<\/p>\n<ol start=\"7\">\n<li>Pr\u00e1va dot\u010den\u00e9 osoby<\/li>\n<\/ol>\n<p>V souladu s ustanoven\u00edmi \u010dl\u00e1nk\u016f 15 a\u017e 22 ONOO\u00da a v nich upraven\u00fdmi p\u0159edpoklady m\u00e1te pr\u00e1vo na informace o va\u0161ich osobn\u00edch \u00fadaj\u00edch, kter\u00e9 zpracov\u00e1v\u00e1me. D\u00e1le m\u00e1te pr\u00e1vo na opravu a v\u00fdmaz nespr\u00e1vn\u00fdch nebo nedovolen\u011b zpracovan\u00fdch osobn\u00edch \u00fadaj\u016f, kter\u00e9 se v\u00e1s t\u00fdkaj\u00ed, na p\u0159enos \u00fadaj\u016f a omezen\u00ed zpracov\u00e1n\u00ed.<\/p>\n<p>Ud\u011blen\u00fd souhlas se zpracov\u00e1v\u00e1n\u00edm \u00fadaj\u016f m\u016f\u017eete kdykoliv odvolat s platnost\u00ed do budoucna. V d\u016fsledku toho nesm\u00edme v budoucnosti pokra\u010dovat ve zpracov\u00e1v\u00e1n\u00ed \u00fadaj\u016f na z\u00e1klad\u011b tohoto souhlasu.\u00a0 Odvol\u00e1n\u00ed souhlasu nem\u00e1 vliv na legitimitu zpracov\u00e1n\u00ed prob\u00edhaj\u00edc\u00edho na z\u00e1klad\u011b tohoto souhlasu a\u017e do jeho odvol\u00e1n\u00ed. Pokud jsou va\u0161e osobn\u00ed \u00fadaje zpracov\u00e1v\u00e1ny na z\u00e1klad\u011b opr\u00e1vn\u011bn\u00fdch z\u00e1jm\u016f podle \u010dl. 6, odst. 1, p\u00edsmeno f ONOO\u00da, m\u00e1te pr\u00e1vo kdykoli vzn\u00e9st proti zpracov\u00e1n\u00ed \u00fadaj\u016f n\u00e1mitku, pokud pro to existuj\u00ed d\u016fvody vypl\u00fdvaj\u00edc\u00ed z va\u0161\u00ed konkr\u00e9tn\u00ed situace (\u010dl\u00e1nek 21 ONOO\u00da).\u00a0 Domn\u00edv\u00e1te-li se, \u017ee p\u0159i zpracov\u00e1n\u00ed va\u0161ich \u00fadaj\u016f poru\u0161ujeme pr\u00e1vo na ochranu osobn\u00edch \u00fadaj\u016f, nebo \u017ee do\u0161lo k jin\u00e9mu poru\u0161en\u00ed va\u0161ich n\u00e1rok\u016f na ochranu osobn\u00edch \u00fadaj\u016f, m\u016f\u017eete n\u00e1s kontaktovat. St\u00ed\u017enosti m\u016f\u017eete sm\u011b\u0159ovat tak\u00e9 dozorov\u00e9mu \u00fa\u0159adu. V Rakousku je j\u00edm Rakousk\u00fd \u00fa\u0159ad pro ochranu osobn\u00edch \u00fadaj\u016f.<\/p>\n<p>&nbsp;<\/p>\n<ol start=\"8\">\n<li>Na\u0161e kontaktn\u00ed \u00fadaje<\/li>\n<\/ol>\n<p>V p\u0159\u00edpad\u011b dotaz\u016f t\u00fdkaj\u00edc\u00edch se ochrany osobn\u00edch \u00fadaj\u016f a uplatn\u011bn\u00ed v\u00fd\u0161e uveden\u00fdch pr\u00e1v n\u00e1s zastihnete zde:<\/p>\n<p>ASSMONT GmbH Ossiacher Bundesstra\u00dfe 3 9556 Liebenfels, Rakousko, tel.: +43 (0) 4215 \u2013 26\u00a0100, e-mail: datenschutz@assmont.com<\/p>\n<p>&nbsp;<\/p>\n<ol start=\"9\">\n<li>Zm\u011bna tohoto Prohl\u00e1\u0161en\u00ed o ochran\u011b osobn\u00edch \u00fadaj\u016f<\/li>\n<\/ol>\n<p>V p\u0159\u00edpad\u011b dal\u0161\u00edho technick\u00e9ho v\u00fdvoje a zm\u011bn pr\u00e1vn\u00edho stavu bude toto Prohl\u00e1\u0161en\u00ed o ochran\u011b osobn\u00edch \u00fadaj\u016f pat\u0159i\u010dn\u011b upraveno. Proto byste m\u011bli tuto str\u00e1nku nav\u0161t\u011bvovat pravideln\u011b a informovat se o nejnov\u011bj\u0161\u00ed verzi<\/p>\n<p><strong>V p\u0159\u00edpad\u011b dotaz\u016f t\u00fdkaj\u00edc\u00edch se ochrany osobn\u00edch \u00fadaj\u016f a uplatn\u011bn\u00ed v\u00fd\u0161e uveden\u00fdch pr\u00e1v n\u00e1s pros\u00edm obra\u0165te pomoc\u00ed n\u00e1sleduj\u00edc\u00edch kontaktn\u00edch \u00fadaj\u016f:<\/strong><\/p>\n<p>ASSMONT GmbH<br \/>\nOssiacher Bundesstra\u00dfe 3<br \/>\n9556 Liebenfels, Rakousko<br \/>\nTel: +43(0) 4215 \u2013 26 100<br \/>\nFax: +43(0) 4215 \u2013 26 100 \u2013 299<br \/>\nE: <a href=\"mailto:datenschutz@assmont.com\">datenschutz@assmont.com<\/a>[\/vc_column_text][\/vc_column][\/vc_row]<\/p>\n<\/div>","protected":false},"excerpt":{"rendered":"<p>[vc_row][vc_column][vc_column_text] Jsme r\u00e1di, \u017ee jste nav\u0161t\u00edvili na\u0161e internetov\u00e9 str\u00e1nky a d\u011bkujeme za V\u00e1\u0161 z\u00e1jem. Spole\u010dnost ASSMONT GmbH, Ossiacher Bundesstra\u00dfe 3, A-9556 Liebenfels, (d\u00e1le jen \u201eASSMONT\u201c, \u201emy\u201c, \u201en\u00e1s\u201c), stejn\u011b jako cel\u00e1 skupina ASSMONT, p\u0159ikl\u00e1d\u00e1 ochran\u011b osobn\u00edch \u00fadaj\u016f vysokou d\u016fle\u017eitost. Ve\u0161ker\u00e9 zpracov\u00e1n\u00ed \u00fadaj\u016f se proto prov\u00e1d\u00ed v souladu s platn\u00fdmi pr\u00e1vn\u00edmi ustanoven\u00edmi o ochran\u011b, pr\u00e1voplatn\u00fdm zach\u00e1zen\u00edm a&hellip;<\/p>\n","protected":false},"author":1,"featured_media":0,"parent":0,"menu_order":0,"comment_status":"closed","ping_status":"closed","template":"","meta":{"footnotes":""},"class_list":["post-34601","page","type-page","status-publish","hentry","description-off"],"yoast_head":"<!-- This site is optimized with the Yoast SEO plugin v26.0 - https:\/\/yoast.com\/wordpress\/plugins\/seo\/ -->\n<title>Ochrana \u00fadaj\u016f - assmont | steel experience worldwide<\/title>\n<meta name=\"description\" content=\"Jsme r\u00e1di, \u017ee jste nav\u0161t\u00edvili na\u0161e internetov\u00e9 str\u00e1nky a d\u011bkujeme za V\u00e1\u0161 z\u00e1jem.\" \/>\n<meta name=\"robots\" content=\"index, follow, max-snippet:-1, max-image-preview:large, max-video-preview:-1\" \/>\n<link rel=\"canonical\" href=\"https:\/\/www.assmont.com\/cs\/ochrana-udaju\/\" \/>\n<meta property=\"og:locale\" content=\"cs_CZ\" \/>\n<meta property=\"og:type\" content=\"article\" \/>\n<meta property=\"og:title\" content=\"Ochrana \u00fadaj\u016f - assmont | steel experience worldwide\" \/>\n<meta property=\"og:description\" content=\"Jsme r\u00e1di, \u017ee jste nav\u0161t\u00edvili na\u0161e internetov\u00e9 str\u00e1nky a d\u011bkujeme za V\u00e1\u0161 z\u00e1jem.\" \/>\n<meta property=\"og:url\" content=\"https:\/\/www.assmont.com\/cs\/ochrana-udaju\/\" \/>\n<meta property=\"og:site_name\" content=\"assmont | steel experience worldwide\" \/>\n<meta property=\"article:publisher\" content=\"https:\/\/www.facebook.com\/assmont\/\" \/>\n<meta property=\"article:modified_time\" content=\"2021-06-21T11:36:20+00:00\" \/>\n<meta property=\"og:image\" content=\"https:\/\/www.assmont.com\/wp-content\/uploads\/2020\/04\/poster-image-video.jpg\" \/>\n\t<meta property=\"og:image:width\" content=\"1920\" \/>\n\t<meta property=\"og:image:height\" content=\"1080\" \/>\n\t<meta property=\"og:image:type\" content=\"image\/jpeg\" \/>\n<meta name=\"twitter:card\" content=\"summary_large_image\" \/>\n<meta name=\"twitter:label1\" content=\"Odhadovan\u00e1 doba \u010dten\u00ed\" \/>\n\t<meta name=\"twitter:data1\" content=\"10 minut\" \/>\n<script type=\"application\/ld+json\" class=\"yoast-schema-graph\">{\"@context\":\"https:\/\/schema.org\",\"@graph\":[{\"@type\":\"WebPage\",\"@id\":\"https:\/\/www.assmont.com\/cs\/ochrana-udaju\/\",\"url\":\"https:\/\/www.assmont.com\/cs\/ochrana-udaju\/\",\"name\":\"Ochrana \u00fadaj\u016f - assmont | steel experience worldwide\",\"isPartOf\":{\"@id\":\"https:\/\/www.assmont.com\/cs\/#website\"},\"datePublished\":\"2020-05-06T05:44:15+00:00\",\"dateModified\":\"2021-06-21T11:36:20+00:00\",\"description\":\"Jsme r\u00e1di, \u017ee jste nav\u0161t\u00edvili na\u0161e internetov\u00e9 str\u00e1nky a d\u011bkujeme za V\u00e1\u0161 z\u00e1jem.\",\"breadcrumb\":{\"@id\":\"https:\/\/www.assmont.com\/cs\/ochrana-udaju\/#breadcrumb\"},\"inLanguage\":\"cs\",\"potentialAction\":[{\"@type\":\"ReadAction\",\"target\":[\"https:\/\/www.assmont.com\/cs\/ochrana-udaju\/\"]}]},{\"@type\":\"BreadcrumbList\",\"@id\":\"https:\/\/www.assmont.com\/cs\/ochrana-udaju\/#breadcrumb\",\"itemListElement\":[{\"@type\":\"ListItem\",\"position\":1,\"name\":\"Startseite\",\"item\":\"https:\/\/www.assmont.com\/cs\/\"},{\"@type\":\"ListItem\",\"position\":2,\"name\":\"Ochrana \u00fadaj\u016f\"}]},{\"@type\":\"WebSite\",\"@id\":\"https:\/\/www.assmont.com\/cs\/#website\",\"url\":\"https:\/\/www.assmont.com\/cs\/\",\"name\":\"assmont | steel experience worldwide\",\"description\":\"ASSMONT \u2013 MIT SICHERHEIT EINZIGARTIG. WELTWEIT\",\"potentialAction\":[{\"@type\":\"SearchAction\",\"target\":{\"@type\":\"EntryPoint\",\"urlTemplate\":\"https:\/\/www.assmont.com\/cs\/?s={search_term_string}\"},\"query-input\":{\"@type\":\"PropertyValueSpecification\",\"valueRequired\":true,\"valueName\":\"search_term_string\"}}],\"inLanguage\":\"cs\"}]}<\/script>\n<!-- \/ Yoast SEO plugin. -->","yoast_head_json":{"title":"Ochrana \u00fadaj\u016f - assmont | steel experience worldwide","description":"Jsme r\u00e1di, \u017ee jste nav\u0161t\u00edvili na\u0161e internetov\u00e9 str\u00e1nky a d\u011bkujeme za V\u00e1\u0161 z\u00e1jem.","robots":{"index":"index","follow":"follow","max-snippet":"max-snippet:-1","max-image-preview":"max-image-preview:large","max-video-preview":"max-video-preview:-1"},"canonical":"https:\/\/www.assmont.com\/cs\/ochrana-udaju\/","og_locale":"cs_CZ","og_type":"article","og_title":"Ochrana \u00fadaj\u016f - assmont | steel experience worldwide","og_description":"Jsme r\u00e1di, \u017ee jste nav\u0161t\u00edvili na\u0161e internetov\u00e9 str\u00e1nky a d\u011bkujeme za V\u00e1\u0161 z\u00e1jem.","og_url":"https:\/\/www.assmont.com\/cs\/ochrana-udaju\/","og_site_name":"assmont | steel experience worldwide","article_publisher":"https:\/\/www.facebook.com\/assmont\/","article_modified_time":"2021-06-21T11:36:20+00:00","og_image":[{"width":1920,"height":1080,"url":"https:\/\/www.assmont.com\/wp-content\/uploads\/2020\/04\/poster-image-video.jpg","type":"image\/jpeg"}],"twitter_card":"summary_large_image","twitter_misc":{"Odhadovan\u00e1 doba \u010dten\u00ed":"10 minut"},"schema":{"@context":"https:\/\/schema.org","@graph":[{"@type":"WebPage","@id":"https:\/\/www.assmont.com\/cs\/ochrana-udaju\/","url":"https:\/\/www.assmont.com\/cs\/ochrana-udaju\/","name":"Ochrana \u00fadaj\u016f - assmont | steel experience worldwide","isPartOf":{"@id":"https:\/\/www.assmont.com\/cs\/#website"},"datePublished":"2020-05-06T05:44:15+00:00","dateModified":"2021-06-21T11:36:20+00:00","description":"Jsme r\u00e1di, \u017ee jste nav\u0161t\u00edvili na\u0161e internetov\u00e9 str\u00e1nky a d\u011bkujeme za V\u00e1\u0161 z\u00e1jem.","breadcrumb":{"@id":"https:\/\/www.assmont.com\/cs\/ochrana-udaju\/#breadcrumb"},"inLanguage":"cs","potentialAction":[{"@type":"ReadAction","target":["https:\/\/www.assmont.com\/cs\/ochrana-udaju\/"]}]},{"@type":"BreadcrumbList","@id":"https:\/\/www.assmont.com\/cs\/ochrana-udaju\/#breadcrumb","itemListElement":[{"@type":"ListItem","position":1,"name":"Startseite","item":"https:\/\/www.assmont.com\/cs\/"},{"@type":"ListItem","position":2,"name":"Ochrana \u00fadaj\u016f"}]},{"@type":"WebSite","@id":"https:\/\/www.assmont.com\/cs\/#website","url":"https:\/\/www.assmont.com\/cs\/","name":"assmont | steel experience worldwide","description":"ASSMONT \u2013 MIT SICHERHEIT EINZIGARTIG. WELTWEIT","potentialAction":[{"@type":"SearchAction","target":{"@type":"EntryPoint","urlTemplate":"https:\/\/www.assmont.com\/cs\/?s={search_term_string}"},"query-input":{"@type":"PropertyValueSpecification","valueRequired":true,"valueName":"search_term_string"}}],"inLanguage":"cs"}]}},"_links":{"self":[{"href":"https:\/\/www.assmont.com\/cs\/wp-json\/wp\/v2\/pages\/34601","targetHints":{"allow":["GET"]}}],"collection":[{"href":"https:\/\/www.assmont.com\/cs\/wp-json\/wp\/v2\/pages"}],"about":[{"href":"https:\/\/www.assmont.com\/cs\/wp-json\/wp\/v2\/types\/page"}],"author":[{"embeddable":true,"href":"https:\/\/www.assmont.com\/cs\/wp-json\/wp\/v2\/users\/1"}],"replies":[{"embeddable":true,"href":"https:\/\/www.assmont.com\/cs\/wp-json\/wp\/v2\/comments?post=34601"}],"version-history":[{"count":2,"href":"https:\/\/www.assmont.com\/cs\/wp-json\/wp\/v2\/pages\/34601\/revisions"}],"predecessor-version":[{"id":36988,"href":"https:\/\/www.assmont.com\/cs\/wp-json\/wp\/v2\/pages\/34601\/revisions\/36988"}],"wp:attachment":[{"href":"https:\/\/www.assmont.com\/cs\/wp-json\/wp\/v2\/media?parent=34601"}],"curies":[{"name":"wp","href":"https:\/\/api.w.org\/{rel}","templated":true}]}}