{"id":34598,"date":"2020-05-06T07:44:13","date_gmt":"2020-05-06T05:44:13","guid":{"rendered":"https:\/\/www.assmont.com\/montaz\/"},"modified":"2021-05-25T08:51:52","modified_gmt":"2021-05-25T06:51:52","slug":"montaz","status":"publish","type":"page","link":"https:\/\/www.assmont.com\/cs\/montaz\/","title":{"rendered":"Mont\u00e1\u017e"},"content":{"rendered":"<div class=\"wpb-content-wrapper\"><p>[vc_row gap=&#8220;10&#8243;][vc_column offset=&#8220;vc_col-lg-8 vc_col-xs-12&#8243;][vc_column_text]<!-- wpml:html_fragment --><\/p>\n<h2>Profesion\u00e1lov\u00e9 na mont\u00e1\u017ee po cel\u00e9m sv\u011bt\u011b<\/h2>\n<p>Chop\u00edme se pr\u00e1ce tam, kde je pot\u0159eba: Mont\u00e1\u017en\u00ed t\u00fdmy spole\u010dnosti ASSMONT pracuj\u00ed na t\u011bch nejv\u011bt\u0161\u00edch stavb\u00e1ch po cel\u00e9m sv\u011bt\u011b. Vytvo\u0159\u00edme pot\u0159ebnou infrastrukturu, dod\u00e1me lidsk\u00e9 zdroje a stroje a pot\u0159ebn\u00e9 know-how. Z\u00e1rove\u0148 zaru\u010dujeme nejvy\u0161\u0161\u00ed hospod\u00e1rnost a perfektn\u00ed p\u0159em\u011bnu \u2013 od prvn\u00ed kontroly na staveni\u0161ti po p\u0159ej\u00edmku posledn\u00edho sv\u00e1ru.[\/vc_column_text][vc_column_text]<!-- wpml:html_fragment --><\/p>\n<h2>Garantujeme bezpe\u010dnost<\/h2>\n<p>S na\u0161\u00edm nejl\u00e9pe vy\u0161kolen\u00fdm vlastn\u00edm person\u00e1lem b\u011bhem mont\u00e1\u017ee spl\u0148ujeme ty nejvy\u0161\u0161\u00ed bezpe\u010dnostn\u00ed normy. Na\u0161e pracovn\u00edky pravideln\u011b \u0161kol\u00edme v oblasti bezpe\u010dnosti pr\u00e1ce. Mezin\u00e1rodn\u00ed zna\u010dky a velc\u00ed hr\u00e1\u010di ze v\u0161ech odv\u011btv\u00ed se spol\u00e9haj\u00ed na cenn\u00e9 bezpe\u010dnostn\u00ed p\u0159\u00edsliby spole\u010dnosti ASSMONT a jej\u00ed spolehliv\u00e9 know-how.[\/vc_column_text][\/vc_column][vc_column css=&#8220;.vc_custom_1587980504418{padding-top: 20px !important;padding-right: 20px !important;padding-bottom: 20px !important;padding-left: 20px !important;background-color: rgba(0,64,112,0.95) !important;*background-color: rgb(0,64,112) !important;}&#8220; el_class=&#8220;invert_text&#8220; offset=&#8220;vc_col-lg-4 vc_col-xs-12&#8243;][vc_column_text]<!-- wpml:html_fragment --><\/p>\n<h3>Profesion\u00e1lov\u00e9 na mont\u00e1\u017ee po cel\u00e9m sv\u011bt\u011b<\/h3>\n<p>[\/vc_column_text][vc_separator css=&#8220;.vc_custom_1587122269544{padding-top: 0px !important;padding-bottom: 0px !important;}&#8220;][vc_column_text]<!-- wpml:html_fragment --><\/p>\n<h3>Portfolio \u2013 mont\u00e1\u017ee:<\/h3>\n<ul>\n<li>Reg\u00e1lov\u00e9 syst\u00e9my<\/li>\n<li>Mont\u00e1\u017ee ocelov\u00fdch konstrukc\u00ed<\/li>\n<li>Mont\u00e1\u017ee pr\u016fmyslov\u00fdch hal<\/li>\n<li>Za\u0159\u00edzen\u00ed pro voln\u00fd \u010das<\/li>\n<li>Ocelov\u00e9 plo\u0161iny<\/li>\n<li>Architektonick\u00e9 ocelov\u00e9 konstrukce<\/li>\n<\/ul>\n<p>[\/vc_column_text][vc_column_text]<!-- wpml:html_fragment --><\/p>\n<div class=\"et_pb_module et_pb_text et_pb_text_975 et_pb_text_align_left et_pb_bg_layout_dark\">\n<div class=\"et_pb_text_inner\">\n<h3>Na\u0161e slu\u017eby:<\/h3>\n<\/div>\n<\/div>\n<div class=\"et_pb_module et_pb_text et_pb_text_976 et_pb_text_align_left et_pb_bg_layout_dark\">\n<div class=\"et_pb_text_inner\">\n<ul>\n<li>Poradenstv\u00ed<\/li>\n<li>Zpracov\u00e1n\u00ed nab\u00eddky<\/li>\n<li>Mont\u00e1\u017e<\/li>\n<li>Management kvality<\/li>\n<\/ul>\n<\/div>\n<\/div>\n<p>[\/vc_column_text][\/vc_column][\/vc_row][vc_row][vc_column][vc_empty_space][vc_separator style=&#8220;shadow&#8220;][vc_empty_space][\/vc_column][\/vc_row][vc_row][vc_column]<style type=\"text\/css\" data-type=\"the7_shortcodes-inline-css\">#default-btn-8866e75e3965350a3777672647af2c30.ico-right-side > i {\n  margin-right: 0px;\n  margin-left: 8px;\n}\n#default-btn-8866e75e3965350a3777672647af2c30 > i {\n  margin-right: 8px;\n}\n<\/style><div class=\"btn-align-center\"><a href=\"https:\/\/www.assmont.com\/konfigurator\/\" class=\"default-btn-shortcode dt-btn dt-btn-l fadeIn animate-element animation-builder link-hover-off full-width-btn \" id=\"default-btn-8866e75e3965350a3777672647af2c30\" title=\"Konfigurator\"><span>Konfigur\u00e1tor referenc\u00ed<\/span><\/a><\/div>[\/vc_column][\/vc_row][vc_row][vc_column][vc_empty_space][\/vc_column][\/vc_row][vc_row gap=&#8220;10&#8243;][vc_column offset=&#8220;vc_col-lg-8 vc_col-xs-12&#8243;]<style type=\"text\/css\" data-type=\"the7_shortcodes-inline-css\">.icon-with-text-shortcode.icon-text-id-841ce35487d83759c6e5e88cc2151374 .text-icon {\n  width: 60px;\n  height: 60px;\n  line-height: 60px;\n  font-size: 32px;\n  border-radius: 200px;\n  margin: 0px 0px 0px 0px;\n}\n.icon-with-text-shortcode.icon-text-id-841ce35487d83759c6e5e88cc2151374 .text-icon .icon-inner {\n  min-width: 60px;\n  min-height: 60px;\n  border-radius: 200px;\n}\n@media all and (-ms-high-contrast: none) {\n  .icon-with-text-shortcode.icon-text-id-841ce35487d83759c6e5e88cc2151374 .text-icon .icon-inner {\n    height: 60px;\n  }\n}\n.icon-with-text-shortcode.icon-text-id-841ce35487d83759c6e5e88cc2151374 .text-icon .dt-hover-icon {\n  line-height: 60px;\n}\n.icon-with-text-shortcode.icon-text-id-841ce35487d83759c6e5e88cc2151374 .text-icon:before,\n.icon-with-text-shortcode.icon-text-id-841ce35487d83759c6e5e88cc2151374 .text-icon:after,\n.icon-with-text-shortcode.icon-text-id-841ce35487d83759c6e5e88cc2151374 .text-icon .icon-inner:before,\n.icon-with-text-shortcode.icon-text-id-841ce35487d83759c6e5e88cc2151374 .text-icon .icon-inner:after {\n  min-width: 100%;\n  min-height: 100%;\n  padding: inherit;\n  border-radius: inherit;\n}\n.icon-with-text-shortcode.icon-text-id-841ce35487d83759c6e5e88cc2151374 .text-icon.dt-icon-border-on:before {\n  border-width: 2px;\n  border-style: solid;\n}\n.dt-icon-border-dashed.icon-with-text-shortcode.icon-text-id-841ce35487d83759c6e5e88cc2151374 .text-icon.dt-icon-border-on:before {\n  border-style: dashed;\n}\n.dt-icon-border-dotted.icon-with-text-shortcode.icon-text-id-841ce35487d83759c6e5e88cc2151374 .text-icon.dt-icon-border-on:before {\n  border-style: dotted;\n}\n.dt-icon-border-double.icon-with-text-shortcode.icon-text-id-841ce35487d83759c6e5e88cc2151374 .text-icon.dt-icon-border-on:before {\n  border-style: double;\n}\n.icon-with-text-shortcode.icon-text-id-841ce35487d83759c6e5e88cc2151374 .text-icon.dt-icon-border-dashed.dt-icon-border-on:before {\n  border-style: dashed;\n}\n.icon-with-text-shortcode.icon-text-id-841ce35487d83759c6e5e88cc2151374 .text-icon.dt-icon-border-dotted.dt-icon-border-on:before {\n  border-style: dotted;\n}\n.icon-with-text-shortcode.icon-text-id-841ce35487d83759c6e5e88cc2151374 .text-icon.dt-icon-border-double.dt-icon-border-on:before {\n  border-style: double;\n}\n.icon-with-text-shortcode.icon-text-id-841ce35487d83759c6e5e88cc2151374 .text-icon.dt-icon-hover-border-on:after {\n  border-width: 2px;\n  border-style: solid;\n}\n.icon-with-text-shortcode.icon-text-id-841ce35487d83759c6e5e88cc2151374 .text-icon.dt-icon-border-dashed.dt-icon-hover-border-on:after {\n  border-style: dashed;\n}\n.icon-with-text-shortcode.icon-text-id-841ce35487d83759c6e5e88cc2151374 .text-icon.dt-icon-border-dotted.dt-icon-hover-border-on:after {\n  border-style: dotted;\n}\n.icon-with-text-shortcode.icon-text-id-841ce35487d83759c6e5e88cc2151374 .text-icon.dt-icon-border-double.dt-icon-hover-border-on:after {\n  border-style: double;\n}\n.icon-with-text-shortcode.icon-text-id-841ce35487d83759c6e5e88cc2151374 .text-icon.dt-icon-hover-on:hover {\n  font-size: 32px;\n}\n#page .icon-with-text-shortcode.icon-text-id-841ce35487d83759c6e5e88cc2151374 .text-icon.dt-icon-hover-on:hover .soc-font-icon,\n#phantom .icon-with-text-shortcode.icon-text-id-841ce35487d83759c6e5e88cc2151374 .text-icon.dt-icon-hover-on:hover .soc-font-icon,\n#page .icon-with-text-shortcode.icon-text-id-841ce35487d83759c6e5e88cc2151374 .text-icon.dt-icon-hover-on:hover .soc-icon,\n#phantom .icon-with-text-shortcode.icon-text-id-841ce35487d83759c6e5e88cc2151374 .text-icon.dt-icon-hover-on:hover .soc-icon {\n  color: #fff;\n  background: none;\n}\n#page .icon-with-text-shortcode.icon-text-id-841ce35487d83759c6e5e88cc2151374 .text-icon.dt-icon-hover-on:not(:hover) .soc-font-icon,\n#phantom .icon-with-text-shortcode.icon-text-id-841ce35487d83759c6e5e88cc2151374 .text-icon.dt-icon-hover-on:not(:hover) .soc-font-icon,\n#page .icon-with-text-shortcode.icon-text-id-841ce35487d83759c6e5e88cc2151374 .text-icon.dt-icon-hover-on:not(:hover) .soc-icon,\n#phantom .icon-with-text-shortcode.icon-text-id-841ce35487d83759c6e5e88cc2151374 .text-icon.dt-icon-hover-on:not(:hover) .soc-icon,\n#page .icon-with-text-shortcode.icon-text-id-841ce35487d83759c6e5e88cc2151374 .text-icon.dt-icon-hover-off .soc-font-icon,\n#phantom .icon-with-text-shortcode.icon-text-id-841ce35487d83759c6e5e88cc2151374 .text-icon.dt-icon-hover-off .soc-font-icon,\n#page .icon-with-text-shortcode.icon-text-id-841ce35487d83759c6e5e88cc2151374 .text-icon.dt-icon-hover-off .soc-icon,\n#phantom .icon-with-text-shortcode.icon-text-id-841ce35487d83759c6e5e88cc2151374 .text-icon.dt-icon-hover-off .soc-icon {\n  color: #fff;\n  background: none;\n}\n.icon-with-text-shortcode.icon-text-id-841ce35487d83759c6e5e88cc2151374.layout-1 {\n  grid-template-columns: 60px minmax(0,1fr);\n  grid-column-gap: 0px;\n}\n.icon-with-text-shortcode.icon-text-id-841ce35487d83759c6e5e88cc2151374.layout-2 {\n  grid-template-columns: minmax(0,1fr) 60px;\n  grid-column-gap: 0px;\n}\n.icon-with-text-shortcode.icon-text-id-841ce35487d83759c6e5e88cc2151374.layout-2 .text-icon {\n  margin-left: 0;\n}\n.icon-with-text-shortcode.icon-text-id-841ce35487d83759c6e5e88cc2151374.layout-3 {\n  grid-template-columns: 60px minmax(0,1fr);\n}\n.icon-with-text-shortcode.icon-text-id-841ce35487d83759c6e5e88cc2151374.layout-3 .dt-text-title {\n  margin-left: 0px;\n}\n.icon-with-text-shortcode.icon-text-id-841ce35487d83759c6e5e88cc2151374 .dt-text-title {\n  margin-bottom: 10px;\n}\n.icon-with-text-shortcode.icon-text-id-841ce35487d83759c6e5e88cc2151374 .dt-text-desc {\n  margin-bottom: 0px;\n}\n<\/style><div class=\"icon-with-text-shortcode  icon-text-id-841ce35487d83759c6e5e88cc2151374 layout-2  vc_custom_1621925619799 \" ><h3 class=\"dt-text-title\"  >\u017d\u00e1dost o projekt<\/h3><div class=\"dt-text-desc\">Pokud jsme vzbudili V\u00e1\u0161 z\u00e1jem v oblasti reg\u00e1lov\u00fdch konstrukc\u00ed, kontaktujte:<br \/>\n<\/div><\/div>[\/vc_column][vc_column offset=&#8220;vc_col-lg-4 vc_col-xs-12&#8243;]<style type=\"text\/css\" data-type=\"the7_shortcodes-inline-css\">#default-btn-027576ea2ce1d655fb055ef1bb9418ed.ico-right-side > i {\n  margin-right: 0px;\n  margin-left: 8px;\n}\n#default-btn-027576ea2ce1d655fb055ef1bb9418ed > i {\n  margin-right: 8px;\n}\n<\/style><div class=\"btn-align-center\"><a href=\"mailto:sales@assmont.com\" class=\"default-btn-shortcode dt-btn dt-btn-l link-hover-off full-width-btn  vc_custom_1587132202458\" id=\"default-btn-027576ea2ce1d655fb055ef1bb9418ed\"><span>sales@assmont.com<\/span><\/a><\/div><style type=\"text\/css\" data-type=\"the7_shortcodes-inline-css\">#default-btn-47c9dec2fbf8ac867833a5c032d1ebf4.ico-right-side > i {\n  margin-right: 0px;\n  margin-left: 8px;\n}\n#default-btn-47c9dec2fbf8ac867833a5c032d1ebf4 > i {\n  margin-right: 8px;\n}\n<\/style><div class=\"btn-align-center\"><a href=\"tel:00434215261000\" class=\"default-btn-shortcode dt-btn dt-btn-l link-hover-off full-width-btn \" id=\"default-btn-47c9dec2fbf8ac867833a5c032d1ebf4\"><span>+43 (0) 4215 \/ 26 100 \u2013 0<\/span><\/a><\/div>[\/vc_column][\/vc_row]<\/p>\n<\/div>","protected":false},"excerpt":{"rendered":"<p>[vc_row gap=&#8220;10&#8243;][vc_column offset=&#8220;vc_col-lg-8 vc_col-xs-12&#8243;][vc_column_text] Profesion\u00e1lov\u00e9 na mont\u00e1\u017ee po cel\u00e9m sv\u011bt\u011b Chop\u00edme se pr\u00e1ce tam, kde je pot\u0159eba: Mont\u00e1\u017en\u00ed t\u00fdmy spole\u010dnosti ASSMONT pracuj\u00ed na t\u011bch nejv\u011bt\u0161\u00edch stavb\u00e1ch po cel\u00e9m sv\u011bt\u011b. Vytvo\u0159\u00edme pot\u0159ebnou infrastrukturu, dod\u00e1me lidsk\u00e9 zdroje a stroje a pot\u0159ebn\u00e9 know-how. Z\u00e1rove\u0148 zaru\u010dujeme nejvy\u0161\u0161\u00ed hospod\u00e1rnost a perfektn\u00ed p\u0159em\u011bnu \u2013 od prvn\u00ed kontroly na staveni\u0161ti po p\u0159ej\u00edmku&hellip;<\/p>\n","protected":false},"author":1,"featured_media":0,"parent":0,"menu_order":0,"comment_status":"closed","ping_status":"closed","template":"","meta":{"footnotes":""},"class_list":["post-34598","page","type-page","status-publish","hentry","description-off"],"yoast_head":"<!-- This site is optimized with the Yoast SEO plugin v26.0 - https:\/\/yoast.com\/wordpress\/plugins\/seo\/ -->\n<title>Profesion\u00e1lov\u00e9 na mont\u00e1\u017ee po cel\u00e9m sv\u011bt\u011b<\/title>\n<meta name=\"description\" content=\"Chop\u00edme se pr\u00e1ce tam, kde je pot\u0159eba: Mont\u00e1\u017en\u00ed t\u00fdmy spole\u010dnosti ASSMONT pracuj\u00ed na t\u011bch nejv\u011bt\u0161\u00edch stavb\u00e1ch po cel\u00e9m sv\u011bt\u011b.\" \/>\n<meta name=\"robots\" content=\"index, follow, max-snippet:-1, max-image-preview:large, max-video-preview:-1\" \/>\n<link rel=\"canonical\" href=\"https:\/\/www.assmont.com\/cs\/montaz\/\" \/>\n<meta property=\"og:locale\" content=\"cs_CZ\" \/>\n<meta property=\"og:type\" content=\"article\" \/>\n<meta property=\"og:title\" content=\"Profesion\u00e1lov\u00e9 na mont\u00e1\u017ee po cel\u00e9m sv\u011bt\u011b\" \/>\n<meta property=\"og:description\" content=\"Chop\u00edme se pr\u00e1ce tam, kde je pot\u0159eba: Mont\u00e1\u017en\u00ed t\u00fdmy spole\u010dnosti ASSMONT pracuj\u00ed na t\u011bch nejv\u011bt\u0161\u00edch stavb\u00e1ch po cel\u00e9m sv\u011bt\u011b.\" \/>\n<meta property=\"og:url\" content=\"https:\/\/www.assmont.com\/cs\/montaz\/\" \/>\n<meta property=\"og:site_name\" content=\"assmont | steel experience worldwide\" \/>\n<meta property=\"article:publisher\" content=\"https:\/\/www.facebook.com\/assmont\/\" \/>\n<meta property=\"article:modified_time\" content=\"2021-05-25T06:51:52+00:00\" \/>\n<meta property=\"og:image\" content=\"https:\/\/www.assmont.com\/wp-content\/uploads\/2020\/04\/montage-content-v3-1.jpg\" \/>\n<meta name=\"twitter:card\" content=\"summary_large_image\" \/>\n<meta name=\"twitter:label1\" content=\"Odhadovan\u00e1 doba \u010dten\u00ed\" \/>\n\t<meta name=\"twitter:data1\" content=\"3 minuty\" \/>\n<script type=\"application\/ld+json\" class=\"yoast-schema-graph\">{\"@context\":\"https:\/\/schema.org\",\"@graph\":[{\"@type\":\"WebPage\",\"@id\":\"https:\/\/www.assmont.com\/cs\/montaz\/\",\"url\":\"https:\/\/www.assmont.com\/cs\/montaz\/\",\"name\":\"Profesion\u00e1lov\u00e9 na mont\u00e1\u017ee po cel\u00e9m sv\u011bt\u011b\",\"isPartOf\":{\"@id\":\"https:\/\/www.assmont.com\/cs\/#website\"},\"datePublished\":\"2020-05-06T05:44:13+00:00\",\"dateModified\":\"2021-05-25T06:51:52+00:00\",\"description\":\"Chop\u00edme se pr\u00e1ce tam, kde je pot\u0159eba: Mont\u00e1\u017en\u00ed t\u00fdmy spole\u010dnosti ASSMONT pracuj\u00ed na t\u011bch nejv\u011bt\u0161\u00edch stavb\u00e1ch po cel\u00e9m sv\u011bt\u011b.\",\"breadcrumb\":{\"@id\":\"https:\/\/www.assmont.com\/cs\/montaz\/#breadcrumb\"},\"inLanguage\":\"cs\",\"potentialAction\":[{\"@type\":\"ReadAction\",\"target\":[\"https:\/\/www.assmont.com\/cs\/montaz\/\"]}]},{\"@type\":\"BreadcrumbList\",\"@id\":\"https:\/\/www.assmont.com\/cs\/montaz\/#breadcrumb\",\"itemListElement\":[{\"@type\":\"ListItem\",\"position\":1,\"name\":\"Startseite\",\"item\":\"https:\/\/www.assmont.com\/cs\/\"},{\"@type\":\"ListItem\",\"position\":2,\"name\":\"Mont\u00e1\u017e\"}]},{\"@type\":\"WebSite\",\"@id\":\"https:\/\/www.assmont.com\/cs\/#website\",\"url\":\"https:\/\/www.assmont.com\/cs\/\",\"name\":\"assmont | steel experience worldwide\",\"description\":\"ASSMONT \u2013 MIT SICHERHEIT EINZIGARTIG. WELTWEIT\",\"potentialAction\":[{\"@type\":\"SearchAction\",\"target\":{\"@type\":\"EntryPoint\",\"urlTemplate\":\"https:\/\/www.assmont.com\/cs\/?s={search_term_string}\"},\"query-input\":{\"@type\":\"PropertyValueSpecification\",\"valueRequired\":true,\"valueName\":\"search_term_string\"}}],\"inLanguage\":\"cs\"}]}<\/script>\n<!-- \/ Yoast SEO plugin. -->","yoast_head_json":{"title":"Profesion\u00e1lov\u00e9 na mont\u00e1\u017ee po cel\u00e9m sv\u011bt\u011b","description":"Chop\u00edme se pr\u00e1ce tam, kde je pot\u0159eba: Mont\u00e1\u017en\u00ed t\u00fdmy spole\u010dnosti ASSMONT pracuj\u00ed na t\u011bch nejv\u011bt\u0161\u00edch stavb\u00e1ch po cel\u00e9m sv\u011bt\u011b.","robots":{"index":"index","follow":"follow","max-snippet":"max-snippet:-1","max-image-preview":"max-image-preview:large","max-video-preview":"max-video-preview:-1"},"canonical":"https:\/\/www.assmont.com\/cs\/montaz\/","og_locale":"cs_CZ","og_type":"article","og_title":"Profesion\u00e1lov\u00e9 na mont\u00e1\u017ee po cel\u00e9m sv\u011bt\u011b","og_description":"Chop\u00edme se pr\u00e1ce tam, kde je pot\u0159eba: Mont\u00e1\u017en\u00ed t\u00fdmy spole\u010dnosti ASSMONT pracuj\u00ed na t\u011bch nejv\u011bt\u0161\u00edch stavb\u00e1ch po cel\u00e9m sv\u011bt\u011b.","og_url":"https:\/\/www.assmont.com\/cs\/montaz\/","og_site_name":"assmont | steel experience worldwide","article_publisher":"https:\/\/www.facebook.com\/assmont\/","article_modified_time":"2021-05-25T06:51:52+00:00","og_image":[{"url":"https:\/\/www.assmont.com\/wp-content\/uploads\/2020\/04\/montage-content-v3-1.jpg","type":"","width":"","height":""}],"twitter_card":"summary_large_image","twitter_misc":{"Odhadovan\u00e1 doba \u010dten\u00ed":"3 minuty"},"schema":{"@context":"https:\/\/schema.org","@graph":[{"@type":"WebPage","@id":"https:\/\/www.assmont.com\/cs\/montaz\/","url":"https:\/\/www.assmont.com\/cs\/montaz\/","name":"Profesion\u00e1lov\u00e9 na mont\u00e1\u017ee po cel\u00e9m sv\u011bt\u011b","isPartOf":{"@id":"https:\/\/www.assmont.com\/cs\/#website"},"datePublished":"2020-05-06T05:44:13+00:00","dateModified":"2021-05-25T06:51:52+00:00","description":"Chop\u00edme se pr\u00e1ce tam, kde je pot\u0159eba: Mont\u00e1\u017en\u00ed t\u00fdmy spole\u010dnosti ASSMONT pracuj\u00ed na t\u011bch nejv\u011bt\u0161\u00edch stavb\u00e1ch po cel\u00e9m sv\u011bt\u011b.","breadcrumb":{"@id":"https:\/\/www.assmont.com\/cs\/montaz\/#breadcrumb"},"inLanguage":"cs","potentialAction":[{"@type":"ReadAction","target":["https:\/\/www.assmont.com\/cs\/montaz\/"]}]},{"@type":"BreadcrumbList","@id":"https:\/\/www.assmont.com\/cs\/montaz\/#breadcrumb","itemListElement":[{"@type":"ListItem","position":1,"name":"Startseite","item":"https:\/\/www.assmont.com\/cs\/"},{"@type":"ListItem","position":2,"name":"Mont\u00e1\u017e"}]},{"@type":"WebSite","@id":"https:\/\/www.assmont.com\/cs\/#website","url":"https:\/\/www.assmont.com\/cs\/","name":"assmont | steel experience worldwide","description":"ASSMONT \u2013 MIT SICHERHEIT EINZIGARTIG. WELTWEIT","potentialAction":[{"@type":"SearchAction","target":{"@type":"EntryPoint","urlTemplate":"https:\/\/www.assmont.com\/cs\/?s={search_term_string}"},"query-input":{"@type":"PropertyValueSpecification","valueRequired":true,"valueName":"search_term_string"}}],"inLanguage":"cs"}]}},"_links":{"self":[{"href":"https:\/\/www.assmont.com\/cs\/wp-json\/wp\/v2\/pages\/34598","targetHints":{"allow":["GET"]}}],"collection":[{"href":"https:\/\/www.assmont.com\/cs\/wp-json\/wp\/v2\/pages"}],"about":[{"href":"https:\/\/www.assmont.com\/cs\/wp-json\/wp\/v2\/types\/page"}],"author":[{"embeddable":true,"href":"https:\/\/www.assmont.com\/cs\/wp-json\/wp\/v2\/users\/1"}],"replies":[{"embeddable":true,"href":"https:\/\/www.assmont.com\/cs\/wp-json\/wp\/v2\/comments?post=34598"}],"version-history":[{"count":3,"href":"https:\/\/www.assmont.com\/cs\/wp-json\/wp\/v2\/pages\/34598\/revisions"}],"predecessor-version":[{"id":36957,"href":"https:\/\/www.assmont.com\/cs\/wp-json\/wp\/v2\/pages\/34598\/revisions\/36957"}],"wp:attachment":[{"href":"https:\/\/www.assmont.com\/cs\/wp-json\/wp\/v2\/media?parent=34598"}],"curies":[{"name":"wp","href":"https:\/\/api.w.org\/{rel}","templated":true}]}}