{"id":34533,"date":"2020-05-05T12:59:35","date_gmt":"2020-05-05T10:59:35","guid":{"rendered":"https:\/\/www.assmont.com\/vop\/"},"modified":"2020-05-05T13:01:58","modified_gmt":"2020-05-05T11:01:58","slug":"vop","status":"publish","type":"page","link":"https:\/\/www.assmont.com\/cs\/vop\/","title":{"rendered":"VOP"},"content":{"rendered":"<div class=\"wpb-content-wrapper\"><p>[vc_row][vc_column][vc_column_text]<\/p>\n<h2>Jsme r\u00e1di, \u017ee jste nav\u0161t\u00edvili na\u0161\u00ed internetovou str\u00e1nku a d\u011bkujeme za v\u00e1\u0161 z\u00e1jem.<\/h2>\n<p>Zde bychom v\u00e1s r\u00e1di informovali o na\u0161ich v\u0161eobecn\u00fdch obchodn\u00edch podm\u00ednk\u00e1ch:<\/p>\n<p><a href=\"https:\/\/www.assmont.com\/wp-content\/uploads\/2020\/04\/Allg.EK-Bedingungen_ASSMONT_Sept.-2019.pdf\">VOP (V\u0161eobecn\u00e9 obchodn\u00ed podm\u00ednky)<\/a><\/p>\n<p><strong>S dal\u0161\u00edmi dotazy se pros\u00edm obra\u0165te na na\u0161e kontaktn\u00ed \u00fadaje:<\/strong><\/p>\n<p>ASSMONT GmbH<br \/>\nOssiacher Bundesstra\u00dfe 3<br \/>\n9556 Liebenfels, Rakousko<br \/>\nTel: <a href=\"tel:0043421526100\">+43(0) 4215 \u2013 26 100<\/a><br \/>\nFax: +43(0) 4215 \u2013 26 100 \u2013 299<br \/>\nE: <a href=\"mailto:office@assmont.com\">office@assmont.com<\/a>[\/vc_column_text][\/vc_column][\/vc_row]<\/p>\n<\/div>","protected":false},"excerpt":{"rendered":"<p>[vc_row][vc_column][vc_column_text] Jsme r\u00e1di, \u017ee jste nav\u0161t\u00edvili na\u0161\u00ed internetovou str\u00e1nku a d\u011bkujeme za v\u00e1\u0161 z\u00e1jem. Zde bychom v\u00e1s r\u00e1di informovali o na\u0161ich v\u0161eobecn\u00fdch obchodn\u00edch podm\u00ednk\u00e1ch: VOP (V\u0161eobecn\u00e9 obchodn\u00ed podm\u00ednky) S dal\u0161\u00edmi dotazy se pros\u00edm obra\u0165te na na\u0161e kontaktn\u00ed \u00fadaje: ASSMONT GmbH Ossiacher Bundesstra\u00dfe 3 9556 Liebenfels, Rakousko Tel: +43(0) 4215 \u2013 26 100 Fax: +43(0) 4215&hellip;<\/p>\n","protected":false},"author":1,"featured_media":0,"parent":0,"menu_order":0,"comment_status":"closed","ping_status":"closed","template":"","meta":{"footnotes":""},"class_list":["post-34533","page","type-page","status-publish","hentry","description-off"],"yoast_head":"<!-- This site is optimized with the Yoast SEO plugin v26.0 - https:\/\/yoast.com\/wordpress\/plugins\/seo\/ -->\n<title>VOP - assmont | steel experience worldwide<\/title>\n<meta name=\"description\" content=\"Tady najdete informaci o na\u0161ich v\u0161eobecn\u00fdch obchodn\u00edch podm\u00ednk\u00e1ch.\" \/>\n<meta name=\"robots\" content=\"index, follow, max-snippet:-1, max-image-preview:large, max-video-preview:-1\" \/>\n<link rel=\"canonical\" href=\"https:\/\/www.assmont.com\/cs\/vop\/\" \/>\n<meta property=\"og:locale\" content=\"cs_CZ\" \/>\n<meta property=\"og:type\" content=\"article\" \/>\n<meta property=\"og:title\" content=\"VOP - assmont | steel experience worldwide\" \/>\n<meta property=\"og:description\" content=\"Tady najdete informaci o na\u0161ich v\u0161eobecn\u00fdch obchodn\u00edch podm\u00ednk\u00e1ch.\" \/>\n<meta property=\"og:url\" content=\"https:\/\/www.assmont.com\/cs\/vop\/\" \/>\n<meta property=\"og:site_name\" content=\"assmont | steel experience worldwide\" \/>\n<meta property=\"article:publisher\" content=\"https:\/\/www.facebook.com\/assmont\/\" \/>\n<meta property=\"article:modified_time\" content=\"2020-05-05T11:01:58+00:00\" \/>\n<meta property=\"og:image\" content=\"https:\/\/www.assmont.com\/wp-content\/uploads\/2020\/04\/poster-image-video.jpg\" \/>\n\t<meta property=\"og:image:width\" content=\"1920\" \/>\n\t<meta property=\"og:image:height\" content=\"1080\" \/>\n\t<meta property=\"og:image:type\" content=\"image\/jpeg\" \/>\n<meta name=\"twitter:card\" content=\"summary_large_image\" \/>\n<script type=\"application\/ld+json\" class=\"yoast-schema-graph\">{\"@context\":\"https:\/\/schema.org\",\"@graph\":[{\"@type\":\"WebPage\",\"@id\":\"https:\/\/www.assmont.com\/cs\/vop\/\",\"url\":\"https:\/\/www.assmont.com\/cs\/vop\/\",\"name\":\"VOP - assmont | steel experience worldwide\",\"isPartOf\":{\"@id\":\"https:\/\/www.assmont.com\/cs\/#website\"},\"datePublished\":\"2020-05-05T10:59:35+00:00\",\"dateModified\":\"2020-05-05T11:01:58+00:00\",\"description\":\"Tady najdete informaci o na\u0161ich v\u0161eobecn\u00fdch obchodn\u00edch podm\u00ednk\u00e1ch.\",\"breadcrumb\":{\"@id\":\"https:\/\/www.assmont.com\/cs\/vop\/#breadcrumb\"},\"inLanguage\":\"cs\",\"potentialAction\":[{\"@type\":\"ReadAction\",\"target\":[\"https:\/\/www.assmont.com\/cs\/vop\/\"]}]},{\"@type\":\"BreadcrumbList\",\"@id\":\"https:\/\/www.assmont.com\/cs\/vop\/#breadcrumb\",\"itemListElement\":[{\"@type\":\"ListItem\",\"position\":1,\"name\":\"Startseite\",\"item\":\"https:\/\/www.assmont.com\/cs\/\"},{\"@type\":\"ListItem\",\"position\":2,\"name\":\"VOP\"}]},{\"@type\":\"WebSite\",\"@id\":\"https:\/\/www.assmont.com\/cs\/#website\",\"url\":\"https:\/\/www.assmont.com\/cs\/\",\"name\":\"assmont | steel experience worldwide\",\"description\":\"ASSMONT \u2013 MIT SICHERHEIT EINZIGARTIG. WELTWEIT\",\"potentialAction\":[{\"@type\":\"SearchAction\",\"target\":{\"@type\":\"EntryPoint\",\"urlTemplate\":\"https:\/\/www.assmont.com\/cs\/?s={search_term_string}\"},\"query-input\":{\"@type\":\"PropertyValueSpecification\",\"valueRequired\":true,\"valueName\":\"search_term_string\"}}],\"inLanguage\":\"cs\"}]}<\/script>\n<!-- \/ Yoast SEO plugin. -->","yoast_head_json":{"title":"VOP - assmont | steel experience worldwide","description":"Tady najdete informaci o na\u0161ich v\u0161eobecn\u00fdch obchodn\u00edch podm\u00ednk\u00e1ch.","robots":{"index":"index","follow":"follow","max-snippet":"max-snippet:-1","max-image-preview":"max-image-preview:large","max-video-preview":"max-video-preview:-1"},"canonical":"https:\/\/www.assmont.com\/cs\/vop\/","og_locale":"cs_CZ","og_type":"article","og_title":"VOP - assmont | steel experience worldwide","og_description":"Tady najdete informaci o na\u0161ich v\u0161eobecn\u00fdch obchodn\u00edch podm\u00ednk\u00e1ch.","og_url":"https:\/\/www.assmont.com\/cs\/vop\/","og_site_name":"assmont | steel experience worldwide","article_publisher":"https:\/\/www.facebook.com\/assmont\/","article_modified_time":"2020-05-05T11:01:58+00:00","og_image":[{"width":1920,"height":1080,"url":"https:\/\/www.assmont.com\/wp-content\/uploads\/2020\/04\/poster-image-video.jpg","type":"image\/jpeg"}],"twitter_card":"summary_large_image","schema":{"@context":"https:\/\/schema.org","@graph":[{"@type":"WebPage","@id":"https:\/\/www.assmont.com\/cs\/vop\/","url":"https:\/\/www.assmont.com\/cs\/vop\/","name":"VOP - assmont | steel experience worldwide","isPartOf":{"@id":"https:\/\/www.assmont.com\/cs\/#website"},"datePublished":"2020-05-05T10:59:35+00:00","dateModified":"2020-05-05T11:01:58+00:00","description":"Tady najdete informaci o na\u0161ich v\u0161eobecn\u00fdch obchodn\u00edch podm\u00ednk\u00e1ch.","breadcrumb":{"@id":"https:\/\/www.assmont.com\/cs\/vop\/#breadcrumb"},"inLanguage":"cs","potentialAction":[{"@type":"ReadAction","target":["https:\/\/www.assmont.com\/cs\/vop\/"]}]},{"@type":"BreadcrumbList","@id":"https:\/\/www.assmont.com\/cs\/vop\/#breadcrumb","itemListElement":[{"@type":"ListItem","position":1,"name":"Startseite","item":"https:\/\/www.assmont.com\/cs\/"},{"@type":"ListItem","position":2,"name":"VOP"}]},{"@type":"WebSite","@id":"https:\/\/www.assmont.com\/cs\/#website","url":"https:\/\/www.assmont.com\/cs\/","name":"assmont | steel experience worldwide","description":"ASSMONT \u2013 MIT SICHERHEIT EINZIGARTIG. WELTWEIT","potentialAction":[{"@type":"SearchAction","target":{"@type":"EntryPoint","urlTemplate":"https:\/\/www.assmont.com\/cs\/?s={search_term_string}"},"query-input":{"@type":"PropertyValueSpecification","valueRequired":true,"valueName":"search_term_string"}}],"inLanguage":"cs"}]}},"_links":{"self":[{"href":"https:\/\/www.assmont.com\/cs\/wp-json\/wp\/v2\/pages\/34533","targetHints":{"allow":["GET"]}}],"collection":[{"href":"https:\/\/www.assmont.com\/cs\/wp-json\/wp\/v2\/pages"}],"about":[{"href":"https:\/\/www.assmont.com\/cs\/wp-json\/wp\/v2\/types\/page"}],"author":[{"embeddable":true,"href":"https:\/\/www.assmont.com\/cs\/wp-json\/wp\/v2\/users\/1"}],"replies":[{"embeddable":true,"href":"https:\/\/www.assmont.com\/cs\/wp-json\/wp\/v2\/comments?post=34533"}],"version-history":[{"count":2,"href":"https:\/\/www.assmont.com\/cs\/wp-json\/wp\/v2\/pages\/34533\/revisions"}],"predecessor-version":[{"id":34554,"href":"https:\/\/www.assmont.com\/cs\/wp-json\/wp\/v2\/pages\/34533\/revisions\/34554"}],"wp:attachment":[{"href":"https:\/\/www.assmont.com\/cs\/wp-json\/wp\/v2\/media?parent=34533"}],"curies":[{"name":"wp","href":"https:\/\/api.w.org\/{rel}","templated":true}]}}